{"id":3158,"date":"2024-03-14T00:12:38","date_gmt":"2024-03-14T00:12:38","guid":{"rendered":"https:\/\/escueladeenfermeria.amorphejewelryshop.com\/?page_id=3158"},"modified":"2024-06-26T13:24:28","modified_gmt":"2024-06-26T13:24:28","slug":"objetivos-de-aprendizaje-caso-3","status":"publish","type":"page","link":"https:\/\/escueladeenfermeria.amorphejewelryshop.com\/index.php\/objetivos-de-aprendizaje-caso-3\/","title":{"rendered":"Objetivos\u00a0de\u00a0Aprendizaje &#8211; Caso 3"},"content":{"rendered":"\t\t<div data-elementor-type=\"wp-page\" data-elementor-id=\"3158\" class=\"elementor elementor-3158\">\n\t\t\t\t<div class=\"elementor-element elementor-element-4c80481 e-flex e-con-boxed qodef-elementor-content-no e-con e-parent\" data-id=\"4c80481\" data-element_type=\"container\">\n\t\t\t\t\t<div class=\"e-con-inner\">\n\t\t\t\t<div class=\"elementor-element elementor-element-e1a40f9 elementor-widget elementor-widget-heading\" data-id=\"e1a40f9\" data-element_type=\"widget\" data-widget_type=\"heading.default\">\n\t\t\t\t<div class=\"elementor-widget-container\">\n\t\t\t<h2 class=\"elementor-heading-title elementor-size-default\">Objetivos de Aprendizaje<\/h2>\t\t<\/div>\n\t\t\t\t<\/div>\n\t\t\t\t<div class=\"elementor-element elementor-element-7969e6e elementor-widget elementor-widget-text-editor\" data-id=\"7969e6e\" data-element_type=\"widget\" data-widget_type=\"text-editor.default\">\n\t\t\t\t<div class=\"elementor-widget-container\">\n\t\t\t\t\t\t\t<p>El pr\u00f3ximo caso de simulaci\u00f3n utiliza las mejores pr\u00e1cticas para demostrar la colaboraci\u00f3n interprofesional en la atenci\u00f3n de una comunidad. Se ofrece \u00e9nfasis en la promoci\u00f3n de salud y preparaci\u00f3n ante desastres. Adem\u00e1s, se promueve el rol del profesional de enfermer\u00eda en salud p\u00fablica.<\/p>\t\t\t\t\t\t<\/div>\n\t\t\t\t<\/div>\n\t\t\t\t<div class=\"elementor-element elementor-element-c825da3 elementor-widget elementor-widget-text-editor\" data-id=\"c825da3\" data-element_type=\"widget\" data-widget_type=\"text-editor.default\">\n\t\t\t\t<div class=\"elementor-widget-container\">\n\t\t\t\t\t\t\t<p><span data-contrast=\"auto\">A trav\u00e9s de esta experiencia basada en simulaci\u00f3n, usted podr\u00e1:<\/span><span data-ccp-props=\"{}\">\u00a0<\/span><\/p><ul><li data-aria-posinset=\"1\" data-aria-level=\"1\"><span data-usefontface=\"false\" data-contrast=\"none\">Reconocer<\/span><span data-usefontface=\"false\" data-contrast=\"none\"> las <\/span><span data-usefontface=\"false\" data-contrast=\"none\">funciones<\/span><span data-usefontface=\"false\" data-contrast=\"none\"> y <\/span><span data-usefontface=\"false\" data-contrast=\"none\">responsabilidades<\/span><span data-usefontface=\"false\" data-contrast=\"none\"> de <\/span><span data-usefontface=\"false\" data-contrast=\"none\">los<\/span> <span data-usefontface=\"false\" data-contrast=\"none\">miembros<\/span> <span data-usefontface=\"false\" data-contrast=\"none\">esenciales<\/span> <span data-usefontface=\"false\" data-contrast=\"none\">en<\/span><span data-usefontface=\"false\" data-contrast=\"none\"> un <\/span><span data-usefontface=\"false\" data-contrast=\"none\">equipo<\/span> <span data-usefontface=\"false\" data-contrast=\"none\">interprofesional<\/span><span data-usefontface=\"false\" data-contrast=\"none\"> para <\/span><span data-usefontface=\"false\" data-contrast=\"none\">evaluar<\/span><span data-usefontface=\"false\" data-contrast=\"none\"> y <\/span><span data-usefontface=\"false\" data-contrast=\"none\">abordar<\/span><span data-usefontface=\"false\" data-contrast=\"none\"> las <\/span><span data-usefontface=\"false\" data-contrast=\"none\">necesidades<\/span><span data-usefontface=\"false\" data-contrast=\"none\"> de <\/span><span data-usefontface=\"false\" data-contrast=\"none\">cuidado<\/span><span data-usefontface=\"false\" data-contrast=\"none\"> de <\/span><span data-usefontface=\"false\" data-contrast=\"none\">salud<\/span><span data-usefontface=\"false\" data-contrast=\"none\"> de la <\/span><span data-usefontface=\"false\" data-contrast=\"none\">comunidad<\/span><span data-usefontface=\"false\" data-contrast=\"none\">.<\/span>\u200b<span data-contrast=\"auto\">\u202f<\/span><span data-ccp-props=\"{}\">\u00a0<\/span><\/li><li data-aria-posinset=\"2\" data-aria-level=\"1\"><span data-usefontface=\"false\" data-contrast=\"none\">Identificar<\/span> <span data-usefontface=\"false\" data-contrast=\"none\">los<\/span><span data-usefontface=\"false\" data-contrast=\"none\"> pasos <\/span><span data-usefontface=\"false\" data-contrast=\"none\">necesarios<\/span> <span data-usefontface=\"false\" data-contrast=\"none\">en<\/span> <span data-usefontface=\"false\" data-contrast=\"none\">el<\/span> <span data-usefontface=\"false\" data-contrast=\"none\">desarrollo<\/span><span data-usefontface=\"false\" data-contrast=\"none\"> de <\/span><span data-usefontface=\"false\" data-contrast=\"none\">una<\/span> <span data-usefontface=\"false\" data-contrast=\"none\">intervenci\u00f3n<\/span><span data-usefontface=\"false\" data-contrast=\"none\">\u00a0<\/span><span data-usefontface=\"false\" data-contrast=\"none\">comunitaria<\/span> <span data-usefontface=\"false\" data-contrast=\"none\">espec\u00edfica<\/span><span data-usefontface=\"false\" data-contrast=\"none\">, <\/span><span data-usefontface=\"false\" data-contrast=\"none\">dirigida<\/span><span data-usefontface=\"false\" data-contrast=\"none\"> a la <\/span><span data-usefontface=\"false\" data-contrast=\"none\">prevenci\u00f3n<\/span><span data-usefontface=\"false\" data-contrast=\"none\"> de <\/span><span data-usefontface=\"false\" data-contrast=\"none\">peligros<\/span><span data-usefontface=\"false\" data-contrast=\"none\"> y <\/span><span data-usefontface=\"false\" data-contrast=\"none\">amenazas<\/span><span data-usefontface=\"false\" data-contrast=\"none\"> para las personas y las <\/span><span data-usefontface=\"false\" data-contrast=\"none\">familias<\/span><span data-usefontface=\"false\" data-contrast=\"none\">.<\/span>\u200b<ul><li data-charcodes=\"111\" data-font=\"Courier New,monospace\" data-buautonum=\"8\" data-aria-posinset=\"3\" data-aria-level=\"2\"><span data-usefontface=\"false\" data-contrast=\"none\">Nombrar<\/span> <span data-usefontface=\"false\" data-contrast=\"none\">intervenciones<\/span><span data-usefontface=\"false\" data-contrast=\"none\"> para la <\/span><span data-usefontface=\"false\" data-contrast=\"none\">reducci\u00f3n<\/span><span data-usefontface=\"false\" data-contrast=\"none\"> de <\/span><span data-usefontface=\"false\" data-contrast=\"none\">riesgo<\/span><span data-usefontface=\"false\" data-contrast=\"none\"> de <\/span><span data-usefontface=\"false\" data-contrast=\"none\">exposici\u00f3n<\/span><span data-usefontface=\"false\" data-contrast=\"none\"> y <\/span><span data-usefontface=\"false\" data-contrast=\"none\">lesiones<\/span> <span data-usefontface=\"false\" data-contrast=\"none\">en<\/span> <span data-usefontface=\"false\" data-contrast=\"none\">entornos<\/span><span data-usefontface=\"false\" data-contrast=\"none\"> naturales y <\/span><span data-usefontface=\"false\" data-contrast=\"none\">construidos<\/span><span data-usefontface=\"false\" data-contrast=\"none\">.\u00a0\u00a0<\/span>\u200b<\/li><\/ul><\/li><li data-aria-posinset=\"4\" data-aria-level=\"1\"><span data-usefontface=\"true\" data-contrast=\"none\">Seleccionar<\/span><span data-usefontface=\"true\" data-contrast=\"none\">\u00a0<\/span><span data-usefontface=\"true\" data-contrast=\"none\">servicios<\/span><span data-usefontface=\"true\" data-contrast=\"none\"> de <\/span><span data-usefontface=\"true\" data-contrast=\"none\">cuidado<\/span><span data-usefontface=\"true\" data-contrast=\"none\"> de <\/span><span data-usefontface=\"true\" data-contrast=\"none\">salud<\/span> <span data-usefontface=\"true\" data-contrast=\"none\">apropiados<\/span> <span data-usefontface=\"true\" data-contrast=\"none\">seg\u00fan<\/span><span data-usefontface=\"true\" data-contrast=\"none\"> la <\/span><span data-usefontface=\"true\" data-contrast=\"none\">edad<\/span><span data-usefontface=\"true\" data-contrast=\"none\"> y <\/span><span data-usefontface=\"true\" data-contrast=\"none\">estrategias<\/span> <span data-usefontface=\"true\" data-contrast=\"none\">basadas<\/span> <span data-usefontface=\"true\" data-contrast=\"none\">en<\/span> <span data-usefontface=\"true\" data-contrast=\"none\">evidencia<\/span><span data-usefontface=\"true\" data-contrast=\"none\"> para <\/span><span data-usefontface=\"true\" data-contrast=\"none\">promover<\/span><span data-usefontface=\"true\" data-contrast=\"none\"> la <\/span><span data-usefontface=\"true\" data-contrast=\"none\">salud<\/span><span data-usefontface=\"true\" data-contrast=\"none\"> de la <\/span><span data-usefontface=\"true\" data-contrast=\"none\">comunidad<\/span><span data-usefontface=\"true\" data-contrast=\"none\">.<\/span>\u200b<\/li><\/ul>\t\t\t\t\t\t<\/div>\n\t\t\t\t<\/div>\n\t\t\t\t<div class=\"elementor-element elementor-element-0ddc4a6 elementor-widget elementor-widget-text-editor\" data-id=\"0ddc4a6\" data-element_type=\"widget\" data-widget_type=\"text-editor.default\">\n\t\t\t\t<div class=\"elementor-widget-container\">\n\t\t\t\t\t\t\t<p data-ccp-props=\"{&quot;335551550&quot;:1,&quot;335551620&quot;:1,&quot;335559683&quot;:0,&quot;335559685&quot;:0,&quot;335559731&quot;:0,&quot;335559737&quot;:0,&quot;335562764&quot;:2,&quot;335562765&quot;:0.9,&quot;335562766&quot;:4,&quot;335562767&quot;:10,&quot;335562768&quot;:4,&quot;335562769&quot;:0}\"><b><span data-usefontface=\"false\" data-contrast=\"none\">Principios <\/span><\/b><b><span data-usefontface=\"false\" data-contrast=\"none\">Esenciales<\/span><\/b>\u200b<\/p><p data-ccp-props=\"{&quot;335551550&quot;:1,&quot;335551620&quot;:1,&quot;335559683&quot;:0,&quot;335559685&quot;:0,&quot;335559731&quot;:0,&quot;335559737&quot;:0,&quot;335562764&quot;:2,&quot;335562765&quot;:0.9,&quot;335562766&quot;:4,&quot;335562767&quot;:10,&quot;335562768&quot;:4,&quot;335562769&quot;:0}\"><span data-usefontface=\"false\" data-contrast=\"none\">Esta <\/span><span data-usefontface=\"false\" data-contrast=\"none\">simulaci\u00f3n<\/span><span data-usefontface=\"false\" data-contrast=\"none\">\u00a0virtual <\/span><span data-usefontface=\"false\" data-contrast=\"none\">fue<\/span> <span data-usefontface=\"false\" data-contrast=\"none\">dise\u00f1ada<\/span><span data-usefontface=\"false\" data-contrast=\"none\"> para <\/span><span data-usefontface=\"false\" data-contrast=\"none\">emplear<\/span><span data-usefontface=\"false\" data-contrast=\"none\">\u00a0<\/span><span data-usefontface=\"false\" data-contrast=\"none\">los<\/span> <span data-usefontface=\"false\" data-contrast=\"none\">siguientes<\/span> <span data-usefontface=\"false\" data-contrast=\"none\">principios<\/span> <span data-usefontface=\"false\" data-contrast=\"none\">esenciales<\/span><span data-usefontface=\"false\" data-contrast=\"none\">:\u00a0<\/span><\/p><ul><li data-leveltext=\"\uf0b7\" data-font=\"Symbol\" data-listid=\"2\" data-list-defn-props=\"{&quot;335552541&quot;:1,&quot;335559684&quot;:-2,&quot;335559685&quot;:720,&quot;335559991&quot;:360,&quot;469769226&quot;:&quot;Symbol&quot;,&quot;469769242&quot;:[8226],&quot;469777803&quot;:&quot;left&quot;,&quot;469777804&quot;:&quot;\uf0b7&quot;,&quot;469777815&quot;:&quot;hybridMultilevel&quot;}\" aria-setsize=\"-1\" data-aria-posinset=\"5\" data-aria-level=\"1\"><span data-ccp-props=\"{}\"><span class=\"TextRun SpellingErrorZoomed SCXP73298013 BCX4\" lang=\"EN-US\" xml:lang=\"EN-US\" data-usefontface=\"false\" data-contrast=\"none\"><span class=\"SCXP73298013 BCX4\">Estimado<\/span><\/span><span class=\"TextRun SCXP73298013 BCX4\" lang=\"EN-US\" xml:lang=\"EN-US\" data-usefontface=\"false\" data-contrast=\"none\"><span class=\"NormalTextRun SCXP73298013 BCX4\"> de la <\/span><\/span><span class=\"TextRun SpellingErrorZoomed SCXP73298013 BCX4\" lang=\"EN-US\" xml:lang=\"EN-US\" data-usefontface=\"false\" data-contrast=\"none\"><span class=\"SCXP73298013 BCX4\">comunidad<\/span><\/span> <\/span><\/li><li data-leveltext=\"\uf0b7\" data-font=\"Symbol\" data-listid=\"2\" data-list-defn-props=\"{&quot;335552541&quot;:1,&quot;335559684&quot;:-2,&quot;335559685&quot;:720,&quot;335559991&quot;:360,&quot;469769226&quot;:&quot;Symbol&quot;,&quot;469769242&quot;:[8226],&quot;469777803&quot;:&quot;left&quot;,&quot;469777804&quot;:&quot;\uf0b7&quot;,&quot;469777815&quot;:&quot;hybridMultilevel&quot;}\" aria-setsize=\"-1\" data-aria-posinset=\"6\" data-aria-level=\"1\"><span class=\"TextRun SpellingErrorZoomed SCXP41931271 BCX4\" lang=\"EN-US\" xml:lang=\"EN-US\" data-usefontface=\"false\" data-contrast=\"none\"><span class=\"SCXP41931271 BCX4\">Planificaci\u00f3n<\/span><\/span><span class=\"TextRun SCXP41931271 BCX4\" lang=\"EN-US\" xml:lang=\"EN-US\" data-usefontface=\"false\" data-contrast=\"none\"><span class=\"NormalTextRun SCXP41931271 BCX4\"> de <\/span><\/span><span class=\"TextRun SpellingErrorZoomed SCXP41931271 BCX4\" lang=\"EN-US\" xml:lang=\"EN-US\" data-usefontface=\"false\" data-contrast=\"none\"><span class=\"SCXP41931271 BCX4\">intervenci\u00f3n<\/span><\/span> <span class=\"TextRun SpellingErrorZoomed SCXP41931271 BCX4\" lang=\"EN-US\" xml:lang=\"EN-US\" data-usefontface=\"false\" data-contrast=\"none\"><span class=\"SCXP41931271 BCX4\">comunitaria<\/span><\/span><\/li><li data-leveltext=\"\uf0b7\" data-font=\"Symbol\" data-listid=\"2\" data-list-defn-props=\"{&quot;335552541&quot;:1,&quot;335559684&quot;:-2,&quot;335559685&quot;:720,&quot;335559991&quot;:360,&quot;469769226&quot;:&quot;Symbol&quot;,&quot;469769242&quot;:[8226],&quot;469777803&quot;:&quot;left&quot;,&quot;469777804&quot;:&quot;\uf0b7&quot;,&quot;469777815&quot;:&quot;hybridMultilevel&quot;}\" aria-setsize=\"-1\" data-aria-posinset=\"7\" data-aria-level=\"1\"><span class=\"TextRun SpellingErrorZoomed SCXP76177851 BCX4\" lang=\"EN-US\" xml:lang=\"EN-US\" data-usefontface=\"false\" data-contrast=\"none\"><span class=\"SCXP76177851 BCX4\">Estrategias<\/span><\/span><span class=\"TextRun SCXP76177851 BCX4\" lang=\"EN-US\" xml:lang=\"EN-US\" data-usefontface=\"false\" data-contrast=\"none\"><span class=\"NormalTextRun SCXP76177851 BCX4\"> para <\/span><\/span><span class=\"TextRun SpellingErrorZoomed SCXP76177851 BCX4\" lang=\"EN-US\" xml:lang=\"EN-US\" data-usefontface=\"false\" data-contrast=\"none\"><span class=\"SCXP76177851 BCX4\">reducir<\/span><\/span> <span class=\"TextRun SpellingErrorZoomed SCXP76177851 BCX4\" lang=\"EN-US\" xml:lang=\"EN-US\" data-usefontface=\"false\" data-contrast=\"none\"><span class=\"SCXP76177851 BCX4\">riesgo<\/span><\/span><span class=\"TextRun SCXP76177851 BCX4\" lang=\"EN-US\" xml:lang=\"EN-US\" data-usefontface=\"false\" data-contrast=\"none\"><span class=\"NormalTextRun SCXP76177851 BCX4\"> a <\/span><\/span><span class=\"TextRun SpellingErrorZoomed SCXP76177851 BCX4\" lang=\"EN-US\" xml:lang=\"EN-US\" data-usefontface=\"false\" data-contrast=\"none\"><span class=\"SCXP76177851 BCX4\">da\u00f1o<\/span><\/span><\/li><li data-leveltext=\"\uf0b7\" data-font=\"Symbol\" data-listid=\"2\" data-list-defn-props=\"{&quot;335552541&quot;:1,&quot;335559684&quot;:-2,&quot;335559685&quot;:720,&quot;335559991&quot;:360,&quot;469769226&quot;:&quot;Symbol&quot;,&quot;469769242&quot;:[8226],&quot;469777803&quot;:&quot;left&quot;,&quot;469777804&quot;:&quot;\uf0b7&quot;,&quot;469777815&quot;:&quot;hybridMultilevel&quot;}\" aria-setsize=\"-1\" data-aria-posinset=\"8\" data-aria-level=\"1\"><span class=\"TextRun SpellingErrorZoomed SCXP1776486 BCX4\" lang=\"EN-US\" xml:lang=\"EN-US\" data-usefontface=\"false\" data-contrast=\"none\"><span class=\"SCXP1776486 BCX4\">Comunicaci\u00f3n<\/span><\/span> <span class=\"TextRun SpellingErrorZoomed SCXP1776486 BCX4\" lang=\"EN-US\" xml:lang=\"EN-US\" data-usefontface=\"false\" data-contrast=\"none\"><span class=\"SCXP1776486 BCX4\">efectiva<\/span><\/span><span class=\"TextRun SCXP1776486 BCX4\" lang=\"EN-US\" xml:lang=\"EN-US\" data-usefontface=\"false\" data-contrast=\"none\"><span class=\"NormalTextRun SCXP1776486 BCX4\">\u00a0con <\/span><\/span><span class=\"TextRun SpellingErrorZoomed SCXP1776486 BCX4\" lang=\"EN-US\" xml:lang=\"EN-US\" data-usefontface=\"false\" data-contrast=\"none\"><span class=\"SCXP1776486 BCX4\">paciente<\/span><\/span><span class=\"TextRun SCXP1776486 BCX4\" lang=\"EN-US\" xml:lang=\"EN-US\" data-usefontface=\"false\" data-contrast=\"none\"><span class=\"NormalTextRun SCXP1776486 BCX4\">, <\/span><\/span><span class=\"TextRun SpellingErrorZoomed SCXP1776486 BCX4\" lang=\"EN-US\" xml:lang=\"EN-US\" data-usefontface=\"false\" data-contrast=\"none\"><span class=\"SCXP1776486 BCX4\">familia<\/span><\/span><span class=\"TextRun SCXP1776486 BCX4\" lang=\"EN-US\" xml:lang=\"EN-US\" data-usefontface=\"false\" data-contrast=\"none\"><span class=\"NormalTextRun SCXP1776486 BCX4\">\u00a0y <\/span><\/span><span class=\"TextRun SpellingErrorZoomed SCXP1776486 BCX4\" lang=\"EN-US\" xml:lang=\"EN-US\" data-usefontface=\"false\" data-contrast=\"none\"><span class=\"SCXP1776486 BCX4\">equipo<\/span><\/span> <span class=\"TextRun SpellingErrorZoomed SCXP1776486 BCX4\" lang=\"EN-US\" xml:lang=\"EN-US\" data-usefontface=\"false\" data-contrast=\"none\"><span class=\"SCXP1776486 BCX4\">interprofesional<\/span><\/span><\/li><li data-leveltext=\"\uf0b7\" data-font=\"Symbol\" data-listid=\"2\" data-list-defn-props=\"{&quot;335552541&quot;:1,&quot;335559684&quot;:-2,&quot;335559685&quot;:720,&quot;335559991&quot;:360,&quot;469769226&quot;:&quot;Symbol&quot;,&quot;469769242&quot;:[8226],&quot;469777803&quot;:&quot;left&quot;,&quot;469777804&quot;:&quot;\uf0b7&quot;,&quot;469777815&quot;:&quot;hybridMultilevel&quot;}\" aria-setsize=\"-1\" data-aria-posinset=\"9\" data-aria-level=\"1\"><span class=\"TextRun SpellingErrorZoomed SCXP84434487 BCX4\" lang=\"EN-US\" xml:lang=\"EN-US\" data-usefontface=\"false\" data-contrast=\"none\"><span class=\"SCXP84434487 BCX4\">Educaci\u00f3n<\/span><\/span><span class=\"TextRun SCXP84434487 BCX4\" lang=\"EN-US\" xml:lang=\"EN-US\" data-usefontface=\"false\" data-contrast=\"none\"><span class=\"NormalTextRun SCXP84434487 BCX4\"> a <\/span><\/span><span class=\"TextRun SpellingErrorZoomed SCXP84434487 BCX4\" lang=\"EN-US\" xml:lang=\"EN-US\" data-usefontface=\"false\" data-contrast=\"none\"><span class=\"SCXP84434487 BCX4\">paciente<\/span><\/span><span class=\"TextRun SCXP84434487 BCX4\" lang=\"EN-US\" xml:lang=\"EN-US\" data-usefontface=\"false\" data-contrast=\"none\"><span class=\"NormalTextRun SCXP84434487 BCX4\"> y <\/span><\/span><span class=\"TextRun SpellingErrorZoomed SCXP84434487 BCX4\" lang=\"EN-US\" xml:lang=\"EN-US\" data-usefontface=\"false\" data-contrast=\"none\"><span class=\"SCXP84434487 BCX4\">familia<\/span><\/span><\/li><li data-leveltext=\"\uf0b7\" data-font=\"Symbol\" data-listid=\"2\" data-list-defn-props=\"{&quot;335552541&quot;:1,&quot;335559684&quot;:-2,&quot;335559685&quot;:720,&quot;335559991&quot;:360,&quot;469769226&quot;:&quot;Symbol&quot;,&quot;469769242&quot;:[8226],&quot;469777803&quot;:&quot;left&quot;,&quot;469777804&quot;:&quot;\uf0b7&quot;,&quot;469777815&quot;:&quot;hybridMultilevel&quot;}\" aria-setsize=\"-1\" data-aria-posinset=\"9\" data-aria-level=\"1\"><span class=\"TextRun SpellingErrorZoomed SCXP208969864 BCX4\" lang=\"EN-US\" xml:lang=\"EN-US\" data-usefontface=\"true\" data-contrast=\"none\"><span class=\"SCXP208969864 BCX4\">Apoyo<\/span><\/span> <span class=\"TextRun SpellingErrorZoomed SCXP208969864 BCX4\" lang=\"EN-US\" xml:lang=\"EN-US\" data-usefontface=\"true\" data-contrast=\"none\"><span class=\"SCXP208969864 BCX4\">emocional<\/span><\/span><span class=\"TextRun SCXP208969864 BCX4\" lang=\"EN-US\" xml:lang=\"EN-US\" data-usefontface=\"true\" data-contrast=\"none\"><span class=\"NormalTextRun SCXP208969864 BCX4\"> a <\/span><\/span><span class=\"TextRun SpellingErrorZoomed SCXP208969864 BCX4\" lang=\"EN-US\" xml:lang=\"EN-US\" data-usefontface=\"true\" data-contrast=\"none\"><span class=\"SCXP208969864 BCX4\">paciente<\/span><\/span><span class=\"TextRun SCXP208969864 BCX4\" lang=\"EN-US\" xml:lang=\"EN-US\" data-usefontface=\"true\" data-contrast=\"none\"><span class=\"NormalTextRun SCXP208969864 BCX4\"> y <\/span><\/span><span class=\"TextRun SpellingErrorZoomed SCXP208969864 BCX4\" lang=\"EN-US\" xml:lang=\"EN-US\" data-usefontface=\"true\" data-contrast=\"none\"><span class=\"SCXP208969864 BCX4\">familia<\/span><\/span><span class=\"TextRun SCXP208969864 BCX4\" lang=\"EN-US\" xml:lang=\"EN-US\" data-usefontface=\"true\" data-contrast=\"none\"><span class=\"NormalTextRun SCXP208969864 BCX4\">\u00a0<\/span><\/span><\/li><\/ul>\t\t\t\t\t\t<\/div>\n\t\t\t\t<\/div>\n\t\t\t\t<div class=\"elementor-element elementor-element-7893073 elementor-widget elementor-widget-qi_addons_for_elementor_button\" data-id=\"7893073\" data-element_type=\"widget\" data-widget_type=\"qi_addons_for_elementor_button.default\">\n\t\t\t\t<div class=\"elementor-widget-container\">\n\t\t\t<a class=\"qodef-shortcode qodef-m  qodef-qi-button qodef-html--link qodef-layout--filled qodef-type--standard   qodef-icon--right qodef-hover--icon-move-horizontal-short     \" href=\"https:\/\/escueladeenfermeria.amorphejewelryshop.com\/index.php\/caso-3\/\" target=\"_self\">\n\t<span class=\"qodef-m-text\">Expediente<\/span>\n\t<\/a>\n\t\t<\/div>\n\t\t\t\t<\/div>\n\t\t\t\t\t<\/div>\n\t\t\t\t<\/div>\n\t\t\t\t<\/div>\n\t\t","protected":false},"excerpt":{"rendered":"<p>Objetivos de Aprendizaje El pr\u00f3ximo caso de simulaci\u00f3n utiliza las mejores pr\u00e1cticas para demostrar la colaboraci\u00f3n interprofesional en la atenci\u00f3n de una comunidad. Se ofrece \u00e9nfasis en la promoci\u00f3n de salud y preparaci\u00f3n ante desastres. Adem\u00e1s, se promueve el rol del profesional de enfermer\u00eda en salud p\u00fablica. A trav\u00e9s de esta experiencia basada en simulaci\u00f3n, [&hellip;]<\/p>\n","protected":false},"author":1,"featured_media":0,"parent":0,"menu_order":0,"comment_status":"closed","ping_status":"closed","template":"","meta":{"content-type":"","footnotes":""},"class_list":["post-3158","page","type-page","status-publish","hentry"],"_links":{"self":[{"href":"https:\/\/escueladeenfermeria.amorphejewelryshop.com\/index.php\/wp-json\/wp\/v2\/pages\/3158"}],"collection":[{"href":"https:\/\/escueladeenfermeria.amorphejewelryshop.com\/index.php\/wp-json\/wp\/v2\/pages"}],"about":[{"href":"https:\/\/escueladeenfermeria.amorphejewelryshop.com\/index.php\/wp-json\/wp\/v2\/types\/page"}],"author":[{"embeddable":true,"href":"https:\/\/escueladeenfermeria.amorphejewelryshop.com\/index.php\/wp-json\/wp\/v2\/users\/1"}],"replies":[{"embeddable":true,"href":"https:\/\/escueladeenfermeria.amorphejewelryshop.com\/index.php\/wp-json\/wp\/v2\/comments?post=3158"}],"version-history":[{"count":10,"href":"https:\/\/escueladeenfermeria.amorphejewelryshop.com\/index.php\/wp-json\/wp\/v2\/pages\/3158\/revisions"}],"predecessor-version":[{"id":4129,"href":"https:\/\/escueladeenfermeria.amorphejewelryshop.com\/index.php\/wp-json\/wp\/v2\/pages\/3158\/revisions\/4129"}],"wp:attachment":[{"href":"https:\/\/escueladeenfermeria.amorphejewelryshop.com\/index.php\/wp-json\/wp\/v2\/media?parent=3158"}],"curies":[{"name":"wp","href":"https:\/\/api.w.org\/{rel}","templated":true}]}}