{"id":3119,"date":"2024-03-13T23:47:37","date_gmt":"2024-03-13T23:47:37","guid":{"rendered":"https:\/\/escueladeenfermeria.amorphejewelryshop.com\/?page_id=3119"},"modified":"2024-05-27T00:10:21","modified_gmt":"2024-05-27T00:10:21","slug":"introduccion-instrucciones-disclaimer-caso-3","status":"publish","type":"page","link":"https:\/\/escueladeenfermeria.amorphejewelryshop.com\/index.php\/introduccion-instrucciones-disclaimer-caso-3\/","title":{"rendered":"Introducci\u00f3n\/Instrucciones\/Disclaimer &#8211; Caso 3"},"content":{"rendered":"\t\t<div data-elementor-type=\"wp-page\" data-elementor-id=\"3119\" class=\"elementor elementor-3119\">\n\t\t\t\t<div class=\"elementor-element elementor-element-f4a3f04 e-con-full e-flex qodef-elementor-content-no e-con e-parent\" data-id=\"f4a3f04\" data-element_type=\"container\">\n\t\t\t\t<div class=\"elementor-element elementor-element-2f6ec36 elementor-widget elementor-widget-text-editor\" data-id=\"2f6ec36\" data-element_type=\"widget\" data-widget_type=\"text-editor.default\">\n\t\t\t\t<div class=\"elementor-widget-container\">\n\t\t\t\t\t\t\t<p>Caso 3 \u2014 <span class=\"TextRun SpellingErrorZoomed Underlined SCXP92036176 BCX4\" lang=\"EN-US\" xml:lang=\"EN-US\" data-scheme-color=\"@7030A0,,\" data-usefontface=\"false\" data-contrast=\"none\"><span class=\"SingleUnderline SCXP92036176 BCX4\">Comunidad<\/span><\/span> <span class=\"TextRun SpellingErrorZoomed Underlined SCXP92036176 BCX4\" lang=\"EN-US\" xml:lang=\"EN-US\" data-scheme-color=\"@7030A0,,\" data-usefontface=\"false\" data-contrast=\"none\"><span class=\"SingleUnderline SCXP92036176 BCX4\">Golondrina<\/span><\/span><\/p>\t\t\t\t\t\t<\/div>\n\t\t\t\t<\/div>\n\t\t\t\t<div class=\"elementor-element elementor-element-6641881 elementor-widget__width-initial elementor-widget elementor-widget-text-editor\" data-id=\"6641881\" data-element_type=\"widget\" data-widget_type=\"text-editor.default\">\n\t\t\t\t<div class=\"elementor-widget-container\">\n\t\t\t\t\t\t\t<p><b>Descripci\u00f3n General<\/b><\/p><p>El programa de simulaci\u00f3n virtual est\u00e1 dise\u00f1ado con el objetivo de enriquecer y ampliar las competencias del profesional de enfermer\u00eda de pregrado en las \u00e1reas de comunidad y de salud p\u00fablica. Cada escenario presentado demuestra sensibilidad cultura al abordar las necesidades de salud mental de las poblaciones pedi\u00e1tricas desde una perspectiva interprofesional.<\/p><p>Este caso incluye material did\u00e1ctico preparatorio, simulaci\u00f3n virtual y evaluaciones dise\u00f1adas para facilitar el desarrollo de competencias de colaboraci\u00f3n interprofesional, de enfermer\u00eda comunitaria y de salud p\u00fablica. Los participantes de este programa tienen acceso a un ambiente virtual de aprendizaje con diversos recursos que le permitir\u00e1n poner en pr\u00e1ctica nuevos conocimientos, destrezas y actitudes.<\/p><p>Las experiencias de simulaci\u00f3n virtual replican situaciones de la vida real con un enfoque culturalmente sensible a la poblaci\u00f3n latina. Los estudiantes aplicar\u00e1n sus competencias en un ambiente seguro y de aprendizaje activo promoviendo no s\u00f3lo el desarrollo de habilidades cognitivas como el juicio cl\u00ednico sino tambi\u00e9n la consolidaci\u00f3n de conocimientos te\u00f3ricos, elementos cruciales para la excelencia en la pr\u00e1ctica de enfermer\u00eda.<\/p><p>Este es un proyecto colaborativo creado por facultad de la Escuela de Enfermer\u00eda \u2013 Recinto de Ciencias M\u00e9dicas (RCM) con la participaci\u00f3n de diversos profesionales y programas de la Universidad de Puerto Rico-RCM y el Departamento de Educaci\u00f3n de Puerto Rico.<\/p><p><b>Participantes\/Estudiantes<\/b><\/p><p>Antes de participar en la experiencia de simulaci\u00f3n virtual, es importante que estudie el material preparatorio y complete la preprueba del caso.<\/p><p><b>Facilitadores\/Instructores<\/b><\/p><p>Use los recursos encontrados en esta p\u00e1gina electr\u00f3nica para ayudar a los estudiantes en su desarrollo como futuro profesional de enfermer\u00eda. Estos materiales pueden facilitar el proceso de ense\u00f1anza de nuevos conceptos y servir como apoyo educativo, remediaci\u00f3n o aplicaci\u00f3n pr\u00e1ctica de conocimientos y destrezas requeridas seg\u00fan los Est\u00e1ndares de la Profesi\u00f3n.<\/p><p><b>Introducci\u00f3n Caso 3<\/b><\/p><p>En los \u00faltimos a\u00f1os, Puerto Rico ha sufrido diversos desastres naturales y crisis sociopol\u00edticas, lo que ha provocado inestabilidad en diferentes grupos y disparidades en la salud. Ante esta situaci\u00f3n, el rol del profesional de enfermer\u00eda comunitario y de salud p\u00fablica es fundamental para promover la salud en las comunidades y poblaci\u00f3n a trav\u00e9s de la colaboraci\u00f3n interprofesional. Asimismo, los profesionales de la salud deben contribuir en el desarrollo de intervenciones y programas para la prevenci\u00f3n ante amenazas y peligros en entornos comunitarios. Este caso ha sido desarrollado para guiar el proceso de aprendizaje del estudiante de enfermer\u00eda y promover las mejores pr\u00e1cticas basadas en evidencia.<\/p><p><b>Relevo de Responsabilidad<\/b><\/p><p>La Escuela de Enfermer\u00eda de la Universidad de Puerto Rico, del Recinto de Ciencias M\u00e9dicas proporciona esta simulaci\u00f3n virtual exclusivamente para prop\u00f3sitos educativos. El caso descrito es completamente hipot\u00e9tico; nombres, personajes y lugares son productos de la creaci\u00f3n ficticia y no est\u00e1 vinculada con situaciones reales. Aunque el material que presentamos busca ser una herramienta de aprendizaje de alta calidad, invitamos a los lectores a que no se limiten a esta \u00fanica fuente y que verifiquen la informaci\u00f3n con recursos adicionales.<\/p><p>Es esencial que los consumidores de esta simulaci\u00f3n consulten con un profesional de la salud calificado antes de tomar decisiones basadas en el contenido proporcionado. El material disponible en nuestros sitios web no tiene la intenci\u00f3n de sustituir la opini\u00f3n experta y personalizada de un profesional de la salud. Por consiguiente, la Escuela de Enfermer\u00eda y la Universidad de Puerto Rico del Recinto de Ciencias M\u00e9dicas se eximen de cualquier responsabilidad por perjuicios que puedan surgir directa o indirectamente del uso, aplicaci\u00f3n o interpretaci\u00f3n de la informaci\u00f3n proporcionada en este recurso educativo.<\/p><p><b>Advertencia<\/b><\/p><p>Esta simulaci\u00f3n contiene informaci\u00f3n que puede ser sensitiva para algunas personas. Si en alg\u00fan momento no puede continuar la simulaci\u00f3n, t\u00f3mese un descanso o det\u00e9ngase inmediatamente. Si contin\u00faa sinti\u00e9ndose inc\u00f3modo, utilice los recursos presentados a continuaci\u00f3n para obtener ayuda:<\/p><p>&#8211; L\u00ednea PAS: 1-800-981-0023<\/p><p>&#8211; L\u00ednea de Prevenci\u00f3n de Suicidio y Crisis: 988<\/p><p>&#8211; L\u00ednea de Emergencia: 911<\/p>\t\t\t\t\t\t<\/div>\n\t\t\t\t<\/div>\n\t\t\t\t<\/div>\n\t\t<div class=\"elementor-element elementor-element-4644eae e-flex e-con-boxed qodef-elementor-content-no e-con e-parent\" data-id=\"4644eae\" data-element_type=\"container\">\n\t\t\t\t\t<div class=\"e-con-inner\">\n\t\t<div class=\"elementor-element elementor-element-2e26267 e-con-full e-flex qodef-elementor-content-no e-con e-child\" data-id=\"2e26267\" data-element_type=\"container\">\n\t\t\t\t<\/div>\n\t\t<div class=\"elementor-element elementor-element-00e3eca e-con-full e-flex qodef-elementor-content-no e-con e-child\" data-id=\"00e3eca\" data-element_type=\"container\">\n\t\t\t\t<div class=\"elementor-element elementor-element-beaca0a elementor-widget elementor-widget-qi_addons_for_elementor_button\" data-id=\"beaca0a\" data-element_type=\"widget\" data-widget_type=\"qi_addons_for_elementor_button.default\">\n\t\t\t\t<div class=\"elementor-widget-container\">\n\t\t\t<a class=\"qodef-shortcode qodef-m  qodef-qi-button qodef-html--link qodef-layout--filled qodef-type--standard   qodef-icon--right qodef-hover--icon-move-horizontal-short     \" href=\"https:\/\/escueladeenfermeria.amorphejewelryshop.com\/index.php\/objetivos-de-aprendizaje-caso-3\/\" target=\"_self\">\n\t<span class=\"qodef-m-text\">Objetivos de Aprendizaje<\/span>\n\t<\/a>\n\t\t<\/div>\n\t\t\t\t<\/div>\n\t\t\t\t<\/div>\n\t\t\t\t\t<\/div>\n\t\t\t\t<\/div>\n\t\t\t\t<\/div>\n\t\t","protected":false},"excerpt":{"rendered":"<p>Caso 3 \u2014 Comunidad Golondrina Descripci\u00f3n General El programa de simulaci\u00f3n virtual est\u00e1 dise\u00f1ado con el objetivo de enriquecer y ampliar las competencias del profesional de enfermer\u00eda de pregrado en las \u00e1reas de comunidad y de salud p\u00fablica. Cada escenario presentado demuestra sensibilidad cultura al abordar las necesidades de salud mental de las poblaciones pedi\u00e1tricas [&hellip;]<\/p>\n","protected":false},"author":1,"featured_media":0,"parent":0,"menu_order":0,"comment_status":"closed","ping_status":"closed","template":"","meta":{"content-type":"","footnotes":""},"class_list":["post-3119","page","type-page","status-publish","hentry"],"_links":{"self":[{"href":"https:\/\/escueladeenfermeria.amorphejewelryshop.com\/index.php\/wp-json\/wp\/v2\/pages\/3119"}],"collection":[{"href":"https:\/\/escueladeenfermeria.amorphejewelryshop.com\/index.php\/wp-json\/wp\/v2\/pages"}],"about":[{"href":"https:\/\/escueladeenfermeria.amorphejewelryshop.com\/index.php\/wp-json\/wp\/v2\/types\/page"}],"author":[{"embeddable":true,"href":"https:\/\/escueladeenfermeria.amorphejewelryshop.com\/index.php\/wp-json\/wp\/v2\/users\/1"}],"replies":[{"embeddable":true,"href":"https:\/\/escueladeenfermeria.amorphejewelryshop.com\/index.php\/wp-json\/wp\/v2\/comments?post=3119"}],"version-history":[{"count":46,"href":"https:\/\/escueladeenfermeria.amorphejewelryshop.com\/index.php\/wp-json\/wp\/v2\/pages\/3119\/revisions"}],"predecessor-version":[{"id":3785,"href":"https:\/\/escueladeenfermeria.amorphejewelryshop.com\/index.php\/wp-json\/wp\/v2\/pages\/3119\/revisions\/3785"}],"wp:attachment":[{"href":"https:\/\/escueladeenfermeria.amorphejewelryshop.com\/index.php\/wp-json\/wp\/v2\/media?parent=3119"}],"curies":[{"name":"wp","href":"https:\/\/api.w.org\/{rel}","templated":true}]}}