{"id":1994,"date":"2023-11-09T02:49:10","date_gmt":"2023-11-09T02:49:10","guid":{"rendered":"https:\/\/escueladeenfermeria.amorphejewelryshop.com\/?page_id=1994"},"modified":"2024-06-24T01:09:34","modified_gmt":"2024-06-24T01:09:34","slug":"rol-del-profesional1-caso-2","status":"publish","type":"page","link":"https:\/\/escueladeenfermeria.amorphejewelryshop.com\/index.php\/rol-del-profesional1-caso-2\/","title":{"rendered":"Rol-del-profesional1-Caso-2"},"content":{"rendered":"\t\t<div data-elementor-type=\"wp-page\" data-elementor-id=\"1994\" class=\"elementor elementor-1994\">\n\t\t\t\t<div class=\"elementor-element elementor-element-ccf6050 e-flex e-con-boxed qodef-elementor-content-no e-con e-parent\" data-id=\"ccf6050\" data-element_type=\"container\">\n\t\t\t\t\t<div class=\"e-con-inner\">\n\t\t\t\t<div class=\"elementor-element elementor-element-361e8f4 elementor-position-left elementor-vertical-align-middle elementor-view-default elementor-mobile-position-top elementor-widget elementor-widget-icon-box\" data-id=\"361e8f4\" data-element_type=\"widget\" data-widget_type=\"icon-box.default\">\n\t\t\t\t<div class=\"elementor-widget-container\">\n\t\t\t\t\t<div class=\"elementor-icon-box-wrapper\">\n\n\t\t\t\t\t\t<div class=\"elementor-icon-box-icon\">\n\t\t\t\t<a href=\"https:\/\/escueladeenfermeria.amorphejewelryshop.com\/index.php\/materiales-preparatorios-caso-2\/\" class=\"elementor-icon elementor-animation-\" tabindex=\"-1\">\n\t\t\t\t<i aria-hidden=\"true\" class=\"fas fa-arrow-alt-circle-left\"><\/i>\t\t\t\t<\/a>\n\t\t\t<\/div>\n\t\t\t\n\t\t\t\t\t\t<div class=\"elementor-icon-box-content\">\n\n\t\t\t\t\t\t\t\t\t<h6 class=\"elementor-icon-box-title\">\n\t\t\t\t\t\t<a href=\"https:\/\/escueladeenfermeria.amorphejewelryshop.com\/index.php\/materiales-preparatorios-caso-2\/\" >\n\t\t\t\t\t\t\tRegresar a los Materiales Preparatorios\t\t\t\t\t\t<\/a>\n\t\t\t\t\t<\/h6>\n\t\t\t\t\n\t\t\t\t\n\t\t\t<\/div>\n\t\t\t\n\t\t<\/div>\n\t\t\t\t<\/div>\n\t\t\t\t<\/div>\n\t\t\t\t<div class=\"elementor-element elementor-element-64966cd elementor-widget elementor-widget-heading\" data-id=\"64966cd\" data-element_type=\"widget\" data-widget_type=\"heading.default\">\n\t\t\t\t<div class=\"elementor-widget-container\">\n\t\t\t<h2 class=\"elementor-heading-title elementor-size-large\">Rol del Profesional de Enfermer\u00eda en la Pol\u00edtica P\u00fablica en Salud y Abogac\u00eda<\/h2>\t\t<\/div>\n\t\t\t\t<\/div>\n\t\t\t\t<div class=\"elementor-element elementor-element-7c56dc3 elementor-widget elementor-widget-image\" data-id=\"7c56dc3\" data-element_type=\"widget\" data-widget_type=\"image.default\">\n\t\t\t\t<div class=\"elementor-widget-container\">\n\t\t\t\t\t\t\t\t\t\t\t\t\t<img decoding=\"async\" width=\"150\" height=\"150\" src=\"https:\/\/escueladeenfermeria.amorphejewelryshop.com\/wp-content\/uploads\/2023\/11\/Rol-del-profesional1-150x150.png\" class=\"attachment-thumbnail size-thumbnail wp-image-1997\" alt=\"\" srcset=\"https:\/\/escueladeenfermeria.amorphejewelryshop.com\/wp-content\/uploads\/2023\/11\/Rol-del-profesional1-150x150.png 150w, https:\/\/escueladeenfermeria.amorphejewelryshop.com\/wp-content\/uploads\/2023\/11\/Rol-del-profesional1-300x300.png 300w, https:\/\/escueladeenfermeria.amorphejewelryshop.com\/wp-content\/uploads\/2023\/11\/Rol-del-profesional1.png 384w\" sizes=\"(max-width: 150px) 100vw, 150px\" \/>\t\t\t\t\t\t\t\t\t\t\t\t\t<\/div>\n\t\t\t\t<\/div>\n\t\t\t\t<div class=\"elementor-element elementor-element-ec1ce16 elementor-widget elementor-widget-qi_addons_for_elementor_section_title\" data-id=\"ec1ce16\" data-element_type=\"widget\" data-widget_type=\"qi_addons_for_elementor_section_title.default\">\n\t\t\t\t<div class=\"elementor-widget-container\">\n\t\t\t<div class=\"qodef-shortcode qodef-m  qodef-qi-section-title  qodef-decoration--italic  qodef-link--underline-draw qodef-subtitle-icon--left\">\n\t\t\t\t\t\t\t\t<div class=\"qodef-m-text\"><strong>Introducci\u00f3n<\/strong>\n<p style=\"text-align: justify;text-indent:1cm\">El rol del profesional de enfermer\u00eda en la abogac\u00eda y la pol\u00edtica p\u00fablica en salud es fundamental y de vital importancia para influir en la creaci\u00f3n de pol\u00edticas y la promoci\u00f3n de reformas, que garanticen un cuidado de salud y de calidad en beneficio de la sociedad. La experiencia, compasi\u00f3n y compromiso de estos profesionales con el cuidado del paciente los posiciona de manera \u00fanica para influir en las pol\u00edticas que pueden mejorar los resultados de salud de la poblaci\u00f3n. Es importante comprender el papel multifac\u00e9tico del profesional de la enfermer\u00eda en el desarrollo de las pol\u00edticas p\u00fablicas y su promoci\u00f3n, el impacto que han tenido en la legislaci\u00f3n y las iniciativas relacionadas con la salud. A continuaci\u00f3n, se describe este rol.<\/p>\n<strong>Profesionales de enfermer\u00eda como defensores de la salud de la poblaci\u00f3n<\/strong>\n<p style=\"text-align: justify;text-indent:1cm\">Dentro del sistema de salud los profesionales de enfermer\u00eda son la columna vertebral y brindan el cuidado, apoyo y defensa esenciales a los pacientes. M\u00e1s all\u00e1 de su rol crucial en el cuidado directo al paciente, estos profesionales tambi\u00e9n desempe\u00f1an un papel importante a la hora de influir en las pol\u00edticas p\u00fablicas relacionadas con el cuidado de salud. Enfermer\u00eda suele ser el primer punto de contacto para los pacientes en los distintos escenarios de salud. Son testigos de los desaf\u00edos y desigualdades dentro del sistema de salud, lo que les brinda una perspectiva \u00fanica sobre los problemas que afectan el cuidado al paciente. Como defensores de los pacientes, estos profesionales tienen la responsabilidad de comunicar estas preocupaciones a los responsables de la formulaci\u00f3n de pol\u00edticas. Seg\u00fan el C\u00f3digo de \u00c9tica de la Asociaci\u00f3n Estadounidense de Enfermeras (American Nurses Association, [ANA], por sus siglas en ingl\u00e9s), los profesionales de enfermer\u00eda est\u00e1n \u00e9ticamente obligadas a defender los derechos y el bienestar de sus pacientes (American Nurses Association, 2015).<\/p>\n<p style=\"text-align: justify;text-indent:1cm\">No podemos olvidar que los profesionales de enfermer\u00eda ocupan cada vez m\u00e1s puestos de liderazgo en distintas organizaciones de salud y agencias gubernamentales. Su experiencia en la prestaci\u00f3n de servicios de salud y resultados para los pacientes los posiciona como valiosos defensores del cuidado del paciente y como asesores de pol\u00edticas p\u00fablica. Los l\u00edderes de enfermer\u00eda a menudo contribuyen al desarrollo de pol\u00edticas relacionadas al cuidado de la salud, ofreciendo recomendaciones que se alinean con los mejores intereses de los pacientes y las comunidades. Los profesionales de enfermer\u00eda l\u00edderes, como los directores cl\u00ednicos de enfermer\u00eda, investigadores, acad\u00e9micos y otros, desempe\u00f1an un papel decisivo a la hora de dar forma a las pol\u00edticas institucionales que repercuten en el cuidado del paciente (Hughes et al., 2022).<\/p>\n<p style=\"text-align: justify;text-indent:1cm\">Los profesionales de enfermer\u00eda deben estar a la vanguardia de la defensa de la equidad en salud, reconociendo y abordando las distintas disparidades en el acceso al cuidado de la salud, la calidad de la atenci\u00f3n y los resultados de salud. Sus esfuerzos de promover la salud deben extenderse a poblaciones vulnerables y desatendidas. Organizaciones como la Asociaci\u00f3n Nacional de Enfermeras Hispanas (NAHN, por sus siglas en ingl\u00e9s) demuestran evidencia de c\u00f3mo han participado activamente en la promoci\u00f3n de pol\u00edticas que reduzcan las disparidades en el cuidado de salud entre las comunidades hispanas (National Association of Hispanic Nurses, n.d.).<\/p>\n<strong>Profesionales de enfermer\u00eda y la pol\u00edtica p\u00fablica<\/strong>\n<p style=\"text-align: justify;text-indent:1cm\">Como se ha expuesto anteriormente, a trav\u00e9s de sus experiencias, los profesionales de enfermer\u00eda est\u00e1n en una posici\u00f3n \u00fanica para identificar brechas e ineficiencias en los sistemas que brindan servicios de salud a la poblaci\u00f3n. Como muy bien establece Scott y Scott (2021), si estos profesionales desean influir de forma eficaz en la calidad de los cuidados y servicios de salud brindados a la poblaci\u00f3n, deben colaborar con los responsables de la formulaci\u00f3n de pol\u00edticas p\u00fablicas para incluir los asuntos relacionados con la atenci\u00f3n de enfermer\u00eda en la agenda pol\u00edtica de su pa\u00eds. Es importante su participaci\u00f3n activamente en debates sobre pol\u00edticas y brindar informaci\u00f3n a los formuladores de pol\u00edticas sobre temas como la proporci\u00f3n enfermera-paciente en las instituciones hospitalarias, la seguridad del paciente en sus comunidades, el acceso a un cuidado de salud de calidad, entre otros asuntos de preocupaci\u00f3n que redunden en la equidad en salud para la poblaci\u00f3n.<\/p><\/div>\n\t<\/div>\n\t\t<\/div>\n\t\t\t\t<\/div>\n\t\t\t\t<div class=\"elementor-element elementor-element-eb33ee3 elementor-widget elementor-widget-image\" data-id=\"eb33ee3\" data-element_type=\"widget\" data-widget_type=\"image.default\">\n\t\t\t\t<div class=\"elementor-widget-container\">\n\t\t\t\t\t\t\t\t\t\t\t\t\t<img decoding=\"async\" width=\"150\" height=\"150\" src=\"https:\/\/escueladeenfermeria.amorphejewelryshop.com\/wp-content\/uploads\/2023\/11\/Rol-del-profesional2-150x150.png\" class=\"attachment-thumbnail size-thumbnail wp-image-1996\" alt=\"\" srcset=\"https:\/\/escueladeenfermeria.amorphejewelryshop.com\/wp-content\/uploads\/2023\/11\/Rol-del-profesional2-150x150.png 150w, https:\/\/escueladeenfermeria.amorphejewelryshop.com\/wp-content\/uploads\/2023\/11\/Rol-del-profesional2-300x300.png 300w, https:\/\/escueladeenfermeria.amorphejewelryshop.com\/wp-content\/uploads\/2023\/11\/Rol-del-profesional2.png 384w\" sizes=\"(max-width: 150px) 100vw, 150px\" \/>\t\t\t\t\t\t\t\t\t\t\t\t\t<\/div>\n\t\t\t\t<\/div>\n\t\t<div class=\"elementor-element elementor-element-de1456e e-flex e-con-boxed qodef-elementor-content-no e-con e-child\" data-id=\"de1456e\" data-element_type=\"container\">\n\t\t\t\t\t<div class=\"e-con-inner\">\n\t\t\t\t<div class=\"elementor-element elementor-element-3860d34 elementor-widget elementor-widget-qi_addons_for_elementor_section_title\" data-id=\"3860d34\" data-element_type=\"widget\" data-widget_type=\"qi_addons_for_elementor_section_title.default\">\n\t\t\t\t<div class=\"elementor-widget-container\">\n\t\t\t<div class=\"qodef-shortcode qodef-m  qodef-qi-section-title  qodef-decoration--italic  qodef-link--underline-draw qodef-subtitle-icon--left\">\n\t\t\t\t\t\t\t\t<div class=\"qodef-m-text\"><p style=\"text-align: justify;text-indent:1cm\">Por ejemplo, en Puerto Rico, en el a\u00f1o 2019, un grupo de profesionales de enfermer\u00eda, de la Escuela de Enfermer\u00eda, del Recinto de Ciencias M\u00e9dicas, Universidad de Puerto Rico, fueron claves para influir en el desarrollo de la Ley N\u00fam. 106, titulada <em>\u201c<\/em><em>Ley de Inclusi\u00f3n de Personas Significativas en las Unidades de Cuidado Intensivo de Adultos,\u00a0Pedi\u00e1tricos y Neonatales en las Instituciones de Salud de Puerto Rico\u201d.<\/em> Esta ley tiene como fin garantizar la presencia de un familiar o persona significativa en las unidades de cuidado intensivo; establecer la pol\u00edtica p\u00fablica que regir\u00e1 la aplicaci\u00f3n de esta ley; garantizar un periodo de tiempo de acompa\u00f1amiento no menor de ocho (8) horas diarias; permitir que las instituciones de salud discrecionalmente puedan establecer periodos de acompa\u00f1amiento mayor a los establecidos en esta ley; disponer que los familiares o personas significativas son una estructura de apoyo del equipo de cuidado de salud de los pacientes recluidos; y para otros fines relacionados (Ley de Inclusi\u00f3n de Personas Significativas en las\u00a0Unidades de Cuidado Intensivo de Adultos, Pedi\u00e1tricos y Neonatales en las Instituciones de Salud de Puerto Rico, 2019). Luego de la aprobaci\u00f3n de esta ley, este grupo de profesionales de enfermer\u00eda, continuo su lucha y arduo trabajo en el desarrollo del reglamento, que hoy d\u00eda est\u00e1 vigente y tiene como prop\u00f3sito establecer los par\u00e1metros para que se cumpla con lo establecido por la ley.<\/p><\/div>\n\t<\/div>\n\t\t<\/div>\n\t\t\t\t<\/div>\n\t\t\t\t<div class=\"elementor-element elementor-element-1710ac0 elementor-widget elementor-widget-image\" data-id=\"1710ac0\" data-element_type=\"widget\" data-widget_type=\"image.default\">\n\t\t\t\t<div class=\"elementor-widget-container\">\n\t\t\t\t\t\t\t\t\t\t<figure class=\"wp-caption\">\n\t\t\t\t\t\t\t\t\t\t\t<a href=\"https:\/\/www.freepik.com\/free-photo\/iv-drip-coronavirus-patients-hand-social-banner-template_19086720.htm\" target=\"_blank\">\n\t\t\t\t\t\t\t<img fetchpriority=\"high\" decoding=\"async\" width=\"768\" height=\"256\" src=\"https:\/\/escueladeenfermeria.amorphejewelryshop.com\/wp-content\/uploads\/2023\/11\/Rol-del-profesional3-768x256.jpg\" class=\"attachment-medium_large size-medium_large wp-image-1998\" alt=\"\" srcset=\"https:\/\/escueladeenfermeria.amorphejewelryshop.com\/wp-content\/uploads\/2023\/11\/Rol-del-profesional3-768x256.jpg 768w, https:\/\/escueladeenfermeria.amorphejewelryshop.com\/wp-content\/uploads\/2023\/11\/Rol-del-profesional3-300x100.jpg 300w, https:\/\/escueladeenfermeria.amorphejewelryshop.com\/wp-content\/uploads\/2023\/11\/Rol-del-profesional3-1024x341.jpg 1024w, https:\/\/escueladeenfermeria.amorphejewelryshop.com\/wp-content\/uploads\/2023\/11\/Rol-del-profesional3.jpg 1067w\" sizes=\"(max-width: 768px) 100vw, 768px\" \/>\t\t\t\t\t\t\t\t<\/a>\n\t\t\t\t\t\t\t\t\t\t\t<figcaption class=\"widget-image-caption wp-caption-text\"><a href=\"https:\/\/www.freepik.com\/free-photo\/iv-drip-coronavirus-patients-hand-social-banner-template_19086720.htm\">Image by rawpixel.com<\/a> on Freepik<\/figcaption>\n\t\t\t\t\t\t\t\t\t\t<\/figure>\n\t\t\t\t\t\t\t<\/div>\n\t\t\t\t<\/div>\n\t\t\t\t\t<\/div>\n\t\t\t\t<\/div>\n\t\t\t\t\t<\/div>\n\t\t\t\t<\/div>\n\t\t<div class=\"elementor-element elementor-element-dc68fb9 e-flex e-con-boxed qodef-elementor-content-no e-con e-parent\" data-id=\"dc68fb9\" data-element_type=\"container\">\n\t\t\t\t\t<div class=\"e-con-inner\">\n\t\t<div class=\"elementor-element elementor-element-0e5ba2e e-flex e-con-boxed qodef-elementor-content-no e-con e-child\" data-id=\"0e5ba2e\" data-element_type=\"container\">\n\t\t\t\t\t<div class=\"e-con-inner\">\n\t\t\t\t<div class=\"elementor-element elementor-element-74a17a8 elementor-widget elementor-widget-qi_addons_for_elementor_section_title\" data-id=\"74a17a8\" data-element_type=\"widget\" data-widget_type=\"qi_addons_for_elementor_section_title.default\">\n\t\t\t\t<div class=\"elementor-widget-container\">\n\t\t\t<div class=\"qodef-shortcode qodef-m  qodef-qi-section-title  qodef-decoration--italic  qodef-link--underline-draw qodef-subtitle-icon--left\">\n\t\t\t\t\t\t\t\t<div class=\"qodef-m-text\"><p style=\"text-align: justify;text-indent:1cm\">Lee y colegas (2023) establecen en forma contundente que, hoy en d\u00eda, la equidad en salud sigue siendo un objetivo dif\u00edcil de alcanzar para muchas comunidades, ya que la falta de equidad se ve afectada por diversos factores que conducen a diferencias en los resultados del cuidado de la salud y reducen la calidad de vida de poblaciones racial y \u00e9tnicamente diversas. Ante este planteamiento es importante que el profesional de enfermer\u00eda entienda que ning\u00fan enfoque \u00fanico resolver\u00e1 las disparidades en el cuidado de la salud, as\u00ed que, poder abordar las barreras m\u00e1s importantes, las estrategias para lograr la equidad en salud a trav\u00e9s del desarrollo de pol\u00edticas p\u00fablicas podr\u00eda proporcionar un paso muy importante para mejorar los resultados de salud en la poblaci\u00f3n. En adici\u00f3n, el desarrollo de buenas pol\u00edticas p\u00fablicas en salud amerita que el profesional de enfermer\u00eda mantenga una perspectiva de colaboraci\u00f3n con la poblaci\u00f3n y los desarrolladores de pol\u00edtica, excelentes destrezas de comunicaci\u00f3n oral y escrita, experiencia en debatir y argumentar, capacidad de gestionar conflictos y conocimiento en los distintos determinantes de la salud en la poblaci\u00f3n (Scott &amp; Scott, 2021; Williams et al., 2018).<\/p>\n<p style=\"text-align: justify;text-indent:1cm\">Autores como Williams y colegas (2018) ofrece consejos que conducen a una participaci\u00f3n efectiva de los profesionales de enfermer\u00eda en el desarrollo de pol\u00edtica p\u00fablica y formas pr\u00e1cticas de involucrarse en las mismas (favor de referirse a las tablas # 2 y # 4 del <a href=\"https:\/\/doi.org\/10.3912\/OJIN.Vol23No03Man01\" target=\"_blank\" rel=\"noopener\">art\u00edculo de Williams, Phillips, &amp; Koyama, 2018<\/a>).<\/p><\/div>\n\t<\/div>\n\t\t<\/div>\n\t\t\t\t<\/div>\n\t\t\t\t<div class=\"elementor-element elementor-element-5c5b876 elementor-widget elementor-widget-qi_addons_for_elementor_section_title\" data-id=\"5c5b876\" data-element_type=\"widget\" data-widget_type=\"qi_addons_for_elementor_section_title.default\">\n\t\t\t\t<div class=\"elementor-widget-container\">\n\t\t\t<div class=\"qodef-shortcode qodef-m  qodef-qi-section-title  qodef-decoration--italic  qodef-link--underline-draw qodef-subtitle-icon--left\">\n\t\t\t\t\t\t<h5 class=\"qodef-m-title\">\n\t\tConclusi\u00f3n \t<\/h5>\n\t\t\t<div class=\"qodef-m-text\"><p style=\"text-align: justify;text-indent:1cm\">Los profesionales de enfermer\u00eda son indispensables para dar forma a las pol\u00edticas p\u00fablicas relacionadas con el cuidado de salud en distintos escenarios de la comunidad. Sus funciones como defensores, educadores, investigadores, asesores pol\u00edticos y l\u00edderes los convierten en contribuyentes esenciales al desarrollo de pol\u00edticas de salud eficaces que generen cambios positivos. Al participar activamente en debates sobre pol\u00edticas y aprovechar sus conocimientos \u00fanicos sobre la salud y cuidado al paciente, estos profesionales desempe\u00f1an un rol fundamental en la creaci\u00f3n de un sistema de cuidado de salud centrado en el paciente, basado en evidencia y equitativo. Sus contribuciones a la hora de dar forma a las pol\u00edticas de salud y defender el bienestar de sus pacientes y comunidades son esenciales para lograr una sociedad m\u00e1s sana y equitativa. La dedicaci\u00f3n y compromiso inquebrantable con mejorar el cuidado de salud los convierten en verdaderos defensores de la salud p\u00fablica y defensores de un futuro mejor en nuestra sociedad.<\/p><\/div>\n\t<\/div>\n\t\t<\/div>\n\t\t\t\t<\/div>\n\t\t\t\t\t<\/div>\n\t\t\t\t<\/div>\n\t\t\t\t\t<\/div>\n\t\t\t\t<\/div>\n\t\t<div class=\"elementor-element elementor-element-ff1c114 e-flex e-con-boxed qodef-elementor-content-no e-con e-parent\" data-id=\"ff1c114\" data-element_type=\"container\">\n\t\t\t\t\t<div class=\"e-con-inner\">\n\t\t\t\t<div class=\"elementor-element elementor-element-dd7ce77 elementor-widget elementor-widget-qi_addons_for_elementor_section_title\" data-id=\"dd7ce77\" data-element_type=\"widget\" data-widget_type=\"qi_addons_for_elementor_section_title.default\">\n\t\t\t\t<div class=\"elementor-widget-container\">\n\t\t\t<div class=\"qodef-shortcode qodef-m  qodef-qi-section-title  qodef-decoration--italic  qodef-link--underline-draw qodef-subtitle-icon--left\">\n\t\t\t\t\t\t<h5 class=\"qodef-m-title\">\n\t\tReferencias \t<\/h5>\n\t\t\t<\/div>\n\t\t<\/div>\n\t\t\t\t<\/div>\n\t\t\t\t<div class=\"elementor-element elementor-element-2faf72b elementor-widget elementor-widget-qi_addons_for_elementor_section_title\" data-id=\"2faf72b\" data-element_type=\"widget\" data-widget_type=\"qi_addons_for_elementor_section_title.default\">\n\t\t\t\t<div class=\"elementor-widget-container\">\n\t\t\t<div class=\"qodef-shortcode qodef-m  qodef-qi-section-title  qodef-decoration--italic  qodef-link--underline-draw qodef-subtitle-icon--left\">\n\t\t\t\t\t\t\t\t<div class=\"qodef-m-text\"><div style=\"padding-left: 1.5em;text-indent: -1.5em\">American Nurses Association. (2015). <em>Code of Ethics for Nurses with Interpretive Statements<\/em>. <a href=\"https:\/\/www.nursingworld.org\/coe-view-only\">https:\/\/www.nursingworld.org\/coe-view-only<\/a><\/div><div style=\"padding-left: 1.5em;text-indent: -1.5em\"><span style=\"text-indent: -1.5em\">Hughes, R., Meadows, M. T., &amp; Begley, R. (2022). AONL Nurse leader competencies: Core <\/span><span style=\"text-indent: -1.5em\">competencies for nurse leadership. <\/span><em>Nurse Leader<\/em><span style=\"text-indent: -1.5em\">, <\/span><em>20<\/em><span style=\"text-indent: -1.5em\">(5). <\/span><a style=\"text-indent: -1.5em\" href=\"https:\/\/www.aonl.org\/resources\/nurse-leader-competencies\">https:\/\/www.aonl.org\/resources\/nurse-leader-competencies<\/a><\/div><div style=\"padding-left: 1.5em;text-indent: -1.5em\">Lee, L., Flores, D. D., Tucker, K., Gakumo, C. A., &amp; Dawson, M. A. (2023). Nursing\u2019s role in advancing health equity. In S. Hassmiller, A. Darcy Mahoney, &amp; K. Beard (Eds.), <em>The Future of Nursing 2020-2030: Global Applications to Advance Health Equity<\/em> (pp. 11\u201322). Springer International Publishing. <a href=\"https:\/\/doi.org\/10.1007\/978-3-031-29746-5_2\">https:\/\/doi.org\/10.1007\/978-3-031-29746-5_2<\/a><\/div><div style=\"padding-left: 1.5em;text-indent: -1.5em\">Ley de Inclusi\u00f3n de Personas Significativas en las\u00a0Unidades de Cuidado Intensivo de Adultos, Pedi\u00e1tricos y Neonatales en las Instituciones de Salud de Puerto Rico. Ley N\u00fam. 106 de 1 de agosto de 2019, 24 LPRA. \u00a7\u00a7 3997-3997f. <a href=\"https:\/\/www.lexjuris.com\/lexlex\/leyes2019\/lexl2019106.htm\">https:\/\/www.lexjuris.com\/lexlex\/leyes2019\/lexl2019106.htm<\/a><\/div><div style=\"padding-left: 1.5em;text-indent: -1.5em\">National Association of Hispanic Nurses (NAHN). (n.d.). <em>NAHN Health Policy Advocacy<\/em>. Retrieved August 15, 2023, from <a href=\"https:\/\/nahnnet.org\/policy\">https:\/\/nahnnet.org\/policy<\/a><\/div><div style=\"padding-left: 1.5em;text-indent: -1.5em\">Scott, S. M., &amp; Scott, P. A. (2021). Nursing, advocacy and public policy. <em>Nursing Ethics, 28<\/em>(5), 1\u201311. <a href=\"https:\/\/doi.org\/10.1177\/0969733020961823\">https:\/\/doi.org\/10.1177\/0969733020961823<\/a><\/div><div style=\"padding-left: 1.5em;text-indent: -1.5em\">Williams, S.D., Phillips, J.M., &amp; Koyama, K. (2018, September 30). Nurse advocacy: Adopting a health in all policies approach. <em>OJIN: The Online Journal of Issues in Nursing, 23<\/em>(3), Manuscript 1. <a href=\"https:\/\/doi.org\/10.3912\/OJIN.Vol23No03Man01\">https:\/\/doi.org\/10.3912\/OJIN.Vol23No03Man01<\/a><\/div><div>\u00a0<\/div><div><p>Preparado por: Elba N. Ortiz Padilla, MSN, FNP, RN\/ octubre, 2023.<\/p><\/div><\/div>\n\t<\/div>\n\t\t<\/div>\n\t\t\t\t<\/div>\n\t\t\t\t\t<\/div>\n\t\t\t\t<\/div>\n\t\t<div class=\"elementor-element elementor-element-7be2387 e-flex e-con-boxed qodef-elementor-content-no e-con e-parent\" data-id=\"7be2387\" data-element_type=\"container\">\n\t\t\t\t\t<div class=\"e-con-inner\">\n\t\t\t\t\t<\/div>\n\t\t\t\t<\/div>\n\t\t\t\t<\/div>\n\t\t","protected":false},"excerpt":{"rendered":"<p>Regresar a los Materiales Preparatorios Rol del Profesional de Enfermer\u00eda en la Pol\u00edtica P\u00fablica en Salud y Abogac\u00eda Introducci\u00f3n El rol del profesional de enfermer\u00eda en la abogac\u00eda y la pol\u00edtica p\u00fablica en salud es fundamental y de vital importancia para influir en la creaci\u00f3n de pol\u00edticas y la promoci\u00f3n de reformas, que garanticen un [&hellip;]<\/p>\n","protected":false},"author":2,"featured_media":0,"parent":0,"menu_order":0,"comment_status":"closed","ping_status":"closed","template":"","meta":{"content-type":"","footnotes":""},"class_list":["post-1994","page","type-page","status-publish","hentry"],"_links":{"self":[{"href":"https:\/\/escueladeenfermeria.amorphejewelryshop.com\/index.php\/wp-json\/wp\/v2\/pages\/1994"}],"collection":[{"href":"https:\/\/escueladeenfermeria.amorphejewelryshop.com\/index.php\/wp-json\/wp\/v2\/pages"}],"about":[{"href":"https:\/\/escueladeenfermeria.amorphejewelryshop.com\/index.php\/wp-json\/wp\/v2\/types\/page"}],"author":[{"embeddable":true,"href":"https:\/\/escueladeenfermeria.amorphejewelryshop.com\/index.php\/wp-json\/wp\/v2\/users\/2"}],"replies":[{"embeddable":true,"href":"https:\/\/escueladeenfermeria.amorphejewelryshop.com\/index.php\/wp-json\/wp\/v2\/comments?post=1994"}],"version-history":[{"count":64,"href":"https:\/\/escueladeenfermeria.amorphejewelryshop.com\/index.php\/wp-json\/wp\/v2\/pages\/1994\/revisions"}],"predecessor-version":[{"id":4063,"href":"https:\/\/escueladeenfermeria.amorphejewelryshop.com\/index.php\/wp-json\/wp\/v2\/pages\/1994\/revisions\/4063"}],"wp:attachment":[{"href":"https:\/\/escueladeenfermeria.amorphejewelryshop.com\/index.php\/wp-json\/wp\/v2\/media?parent=1994"}],"curies":[{"name":"wp","href":"https:\/\/api.w.org\/{rel}","templated":true}]}}