{"id":1965,"date":"2023-11-09T02:09:20","date_gmt":"2023-11-09T02:09:20","guid":{"rendered":"https:\/\/escueladeenfermeria.amorphejewelryshop.com\/?page_id=1965"},"modified":"2024-05-25T00:17:20","modified_gmt":"2024-05-25T00:17:20","slug":"inteligencia-emocional1-caso-2","status":"publish","type":"page","link":"https:\/\/escueladeenfermeria.amorphejewelryshop.com\/index.php\/inteligencia-emocional1-caso-2\/","title":{"rendered":"Inteligencia-emocional1-Caso-2"},"content":{"rendered":"\t\t<div data-elementor-type=\"wp-page\" data-elementor-id=\"1965\" class=\"elementor elementor-1965\">\n\t\t\t\t<div class=\"elementor-element elementor-element-ccf6050 e-flex e-con-boxed qodef-elementor-content-no e-con e-parent\" data-id=\"ccf6050\" data-element_type=\"container\">\n\t\t\t\t\t<div class=\"e-con-inner\">\n\t\t\t\t<div class=\"elementor-element elementor-element-361e8f4 elementor-position-left elementor-vertical-align-middle elementor-view-default elementor-mobile-position-top elementor-widget elementor-widget-icon-box\" data-id=\"361e8f4\" data-element_type=\"widget\" data-widget_type=\"icon-box.default\">\n\t\t\t\t<div class=\"elementor-widget-container\">\n\t\t\t\t\t<div class=\"elementor-icon-box-wrapper\">\n\n\t\t\t\t\t\t<div class=\"elementor-icon-box-icon\">\n\t\t\t\t<a href=\"https:\/\/escueladeenfermeria.amorphejewelryshop.com\/index.php\/materiales-preparatorios-caso-2\/\" class=\"elementor-icon elementor-animation-\" tabindex=\"-1\">\n\t\t\t\t<i aria-hidden=\"true\" class=\"fas fa-arrow-alt-circle-left\"><\/i>\t\t\t\t<\/a>\n\t\t\t<\/div>\n\t\t\t\n\t\t\t\t\t\t<div class=\"elementor-icon-box-content\">\n\n\t\t\t\t\t\t\t\t\t<h6 class=\"elementor-icon-box-title\">\n\t\t\t\t\t\t<a href=\"https:\/\/escueladeenfermeria.amorphejewelryshop.com\/index.php\/materiales-preparatorios-caso-2\/\" >\n\t\t\t\t\t\t\tRegresar a los Materiales Preparatorios\t\t\t\t\t\t<\/a>\n\t\t\t\t\t<\/h6>\n\t\t\t\t\n\t\t\t\t\n\t\t\t<\/div>\n\t\t\t\n\t\t<\/div>\n\t\t\t\t<\/div>\n\t\t\t\t<\/div>\n\t\t\t\t<div class=\"elementor-element elementor-element-64966cd elementor-widget elementor-widget-heading\" data-id=\"64966cd\" data-element_type=\"widget\" data-widget_type=\"heading.default\">\n\t\t\t\t<div class=\"elementor-widget-container\">\n\t\t\t<h2 class=\"elementor-heading-title elementor-size-large\">Inteligencia Emocional<\/h2>\t\t<\/div>\n\t\t\t\t<\/div>\n\t\t\t\t<div class=\"elementor-element elementor-element-ec1ce16 elementor-widget elementor-widget-qi_addons_for_elementor_section_title\" data-id=\"ec1ce16\" data-element_type=\"widget\" data-widget_type=\"qi_addons_for_elementor_section_title.default\">\n\t\t\t\t<div class=\"elementor-widget-container\">\n\t\t\t<div class=\"qodef-shortcode qodef-m  qodef-qi-section-title  qodef-decoration--italic  qodef-link--underline-draw qodef-subtitle-icon--left\">\n\t\t\t\t\t\t\t\t<div class=\"qodef-m-text\"><p style=\"text-align: justify;text-indent:1cm\">De acuerdo con Daniel Goleman, psic\u00f3logo y conferenciante americano, la inteligencia emocional (IE) es la\u00a0<strong>capacidad de reconocer las emociones<\/strong>, tanto propias como ajenas y de gestionar nuestra respuesta ante ellas.\u00a0Se define como el conjunto de habilidades que permiten a una persona adaptarse mejor ante los cambios. <strong>Tambi\u00e9n tiene que ver con la confianza y seguridad en\u00a0uno mismo,<\/strong><strong>\u00a0<\/strong><strong>el control emocional y la\u00a0automotivaci\u00f3n<\/strong>\u00a0para alcanzar metas y objetivos (Goleman citado en Bello, 2021).<\/p>\n<p style=\"text-align: justify;text-indent:1cm\">Las personas con mayor IE son m\u00e1s propensos a comprender, regular y manejar mejor las emociones, tanto en ellos mismos como en los dem\u00e1s (Wijekoon et al., 2017, citado en Deng et al., 2023). Diversos estudios han encontrado que la IE se relaciona positivamente con la empat\u00eda (Shi &amp; Du, 2020). La empat\u00eda al igual que la creatividad y el pensamiento sist\u00e9mico son atributos esenciales para adaptarse a un mundo cada vez m\u00e1s cambiante. Cuando una persona tiene empat\u00eda dentro de un equipo de trabajo, tiene la capacidad de ayudar a los dem\u00e1s a desarrollarse y a desafiar a quienes act\u00faan de manera injusta o hacen comentarios no constructivos. Adem\u00e1s, tiene la habilidad de escuchar a quienes lo necesitan (Bello, 2021). Escuchar activamente es una competencia esencial que permite evitar malentendidos y errores en la comunicaci\u00f3n. De acuerdo con Sanchis-Gim\u00e9nez y colaboradores (2023), los profesionales de enfermer\u00eda con mayor capacidad de IE muestran una comunicaci\u00f3n m\u00e1s efectiva, abierta, emp\u00e1tica y genuina. Adem\u00e1s, la IE, como un recurso psicol\u00f3gico positivo medible y una habilidad no t\u00e9cnica clave, ayuda a mitigar los niveles del s\u00edndrome de quemaz\u00f3n en los profesionales de la salud.<\/p>\n<p style=\"text-align: justify;text-indent:1cm\">El modelo de IE de Daniel Goleman reconoce 5 componentes: (a) autoconciencia, (b) autorregulaci\u00f3n, (c) motivaci\u00f3n, (d) empat\u00eda, y (e) habilidades sociales (Santa et al, 2023). Estos componentes reflejan las competencias que los individuos necesitan desarrollar para el logro de la IE. Algunas competencias son: conciencia emocional, autoevaluaci\u00f3n, autoconfianza, autocontrol, fiabilidad, adaptabilidad, compromiso, iniciativa, optimismo y manejo de conflictos. De acuerdo con Cao et al. (2023), los hallazgos de investigaciones han revelado que la IE est\u00e1 relacionada con el bienestar subjetivo de un individuo, la forma de enfrentar los problemas y la intuici\u00f3n sobre el estr\u00e9s. Los investigadores tambi\u00e9n se\u00f1alan que a medida que contin\u00faa la investigaci\u00f3n sobre la IE se ha demostrado su correlaci\u00f3n con la satisfacci\u00f3n del paciente, la ocurrencia de errores m\u00e9dicos, las habilidades de comunicaci\u00f3n y el desempe\u00f1o del personal de salud.<\/p>\n<p style=\"text-align: justify;text-indent:1cm\">Los beneficios de aprender habilidades de IE son m\u00faltiples y valiosos, ya que contribuyen a desarrollar una personalidad armoniosa y equilibrada. Guerri (2023) enumera cuatro beneficios principales, estos son:<\/p><\/div>\n\t<\/div>\n\t\t<\/div>\n\t\t\t\t<\/div>\n\t\t\t\t\t<\/div>\n\t\t\t\t<\/div>\n\t\t<div class=\"elementor-element elementor-element-5b2b4e8 e-flex e-con-boxed qodef-elementor-content-no e-con e-parent\" data-id=\"5b2b4e8\" data-element_type=\"container\">\n\t\t\t\t\t<div class=\"e-con-inner\">\n\t\t<div class=\"elementor-element elementor-element-b1ef1b6 e-con-full e-flex qodef-elementor-content-no e-con e-child\" data-id=\"b1ef1b6\" data-element_type=\"container\">\n\t\t\t\t<div class=\"elementor-element elementor-element-7c56dc3 elementor-widget elementor-widget-image\" data-id=\"7c56dc3\" data-element_type=\"widget\" data-widget_type=\"image.default\">\n\t\t\t\t<div class=\"elementor-widget-container\">\n\t\t\t\t\t\t\t\t\t\t\t\t\t<img decoding=\"async\" width=\"150\" height=\"150\" src=\"https:\/\/escueladeenfermeria.amorphejewelryshop.com\/wp-content\/uploads\/2023\/11\/Inteligencia-emocional-1-150x150.png\" class=\"attachment-thumbnail size-thumbnail wp-image-1971\" alt=\"\" srcset=\"https:\/\/escueladeenfermeria.amorphejewelryshop.com\/wp-content\/uploads\/2023\/11\/Inteligencia-emocional-1-150x150.png 150w, https:\/\/escueladeenfermeria.amorphejewelryshop.com\/wp-content\/uploads\/2023\/11\/Inteligencia-emocional-1-300x300.png 300w, https:\/\/escueladeenfermeria.amorphejewelryshop.com\/wp-content\/uploads\/2023\/11\/Inteligencia-emocional-1.png 384w\" sizes=\"(max-width: 150px) 100vw, 150px\" \/>\t\t\t\t\t\t\t\t\t\t\t\t\t<\/div>\n\t\t\t\t<\/div>\n\t\t\t\t<\/div>\n\t\t<div class=\"elementor-element elementor-element-9cca3f9 e-con-full e-flex qodef-elementor-content-no e-con e-child\" data-id=\"9cca3f9\" data-element_type=\"container\">\n\t\t\t\t<div class=\"elementor-element elementor-element-1577783 elementor-widget elementor-widget-qi_addons_for_elementor_section_title\" data-id=\"1577783\" data-element_type=\"widget\" data-widget_type=\"qi_addons_for_elementor_section_title.default\">\n\t\t\t\t<div class=\"elementor-widget-container\">\n\t\t\t<div class=\"qodef-shortcode qodef-m  qodef-qi-section-title  qodef-decoration--italic  qodef-link--underline-draw qodef-subtitle-icon--left\">\n\t\t\t\t\t\t\t\t<div class=\"qodef-m-text\"><ol style=\"font-weight: 400\">\n \t<li style=\"padding-left: 1.4em;text-indent: -1.4em\">Contribuye a una buena salud f\u00edsica, disminuyendo malestares psicosom\u00e1ticos intrusivos y previniendo enfermedades producidas por desequilibrios emocionales tales como la ansiedad, tristeza, angustia, miedo, ira, irritabilidad, entre otras.<\/li>\n<\/ol><\/div>\n\t<\/div>\n\t\t<\/div>\n\t\t\t\t<\/div>\n\t\t\t\t<\/div>\n\t\t\t\t\t<\/div>\n\t\t\t\t<\/div>\n\t\t<div class=\"elementor-element elementor-element-28296e8 e-flex e-con-boxed qodef-elementor-content-no e-con e-parent\" data-id=\"28296e8\" data-element_type=\"container\">\n\t\t\t\t\t<div class=\"e-con-inner\">\n\t\t<div class=\"elementor-element elementor-element-d4bcc86 e-con-full e-flex qodef-elementor-content-no e-con e-child\" data-id=\"d4bcc86\" data-element_type=\"container\">\n\t\t\t\t<div class=\"elementor-element elementor-element-eb33ee3 elementor-widget elementor-widget-image\" data-id=\"eb33ee3\" data-element_type=\"widget\" data-widget_type=\"image.default\">\n\t\t\t\t<div class=\"elementor-widget-container\">\n\t\t\t\t\t\t\t\t\t\t\t\t\t<img decoding=\"async\" width=\"150\" height=\"150\" src=\"https:\/\/escueladeenfermeria.amorphejewelryshop.com\/wp-content\/uploads\/2023\/11\/Inteligencia-emocional-2-150x150.png\" class=\"attachment-thumbnail size-thumbnail wp-image-1970\" alt=\"\" srcset=\"https:\/\/escueladeenfermeria.amorphejewelryshop.com\/wp-content\/uploads\/2023\/11\/Inteligencia-emocional-2-150x150.png 150w, https:\/\/escueladeenfermeria.amorphejewelryshop.com\/wp-content\/uploads\/2023\/11\/Inteligencia-emocional-2-300x300.png 300w, https:\/\/escueladeenfermeria.amorphejewelryshop.com\/wp-content\/uploads\/2023\/11\/Inteligencia-emocional-2.png 384w\" sizes=\"(max-width: 150px) 100vw, 150px\" \/>\t\t\t\t\t\t\t\t\t\t\t\t\t<\/div>\n\t\t\t\t<\/div>\n\t\t\t\t<\/div>\n\t\t<div class=\"elementor-element elementor-element-3c7d91c e-con-full e-flex qodef-elementor-content-no e-con e-child\" data-id=\"3c7d91c\" data-element_type=\"container\">\n\t\t\t\t<div class=\"elementor-element elementor-element-68e0db5 elementor-widget elementor-widget-qi_addons_for_elementor_section_title\" data-id=\"68e0db5\" data-element_type=\"widget\" data-widget_type=\"qi_addons_for_elementor_section_title.default\">\n\t\t\t\t<div class=\"elementor-widget-container\">\n\t\t\t<div class=\"qodef-shortcode qodef-m  qodef-qi-section-title  qodef-decoration--italic  qodef-link--underline-draw qodef-subtitle-icon--left\">\n\t\t\t\t\t\t\t\t<div class=\"qodef-m-text\"><div style=\"padding-left: 1.4em;text-indent: -1.4em\">\n\n\n\n2. Favorece el entusiasmo y la motivaci\u00f3n, puede movernos o acercarnos hacia lo agradable y alejarnos de lo desagradable.\n\n\n\n<\/div>\n&nbsp;<\/div>\n\t<\/div>\n\t\t<\/div>\n\t\t\t\t<\/div>\n\t\t\t\t<\/div>\n\t\t\t\t\t<\/div>\n\t\t\t\t<\/div>\n\t\t<div class=\"elementor-element elementor-element-6a6f89c e-flex e-con-boxed qodef-elementor-content-no e-con e-parent\" data-id=\"6a6f89c\" data-element_type=\"container\">\n\t\t\t\t\t<div class=\"e-con-inner\">\n\t\t<div class=\"elementor-element elementor-element-e1fcf34 e-con-full e-flex qodef-elementor-content-no e-con e-child\" data-id=\"e1fcf34\" data-element_type=\"container\">\n\t\t\t\t<div class=\"elementor-element elementor-element-9ab1284 elementor-widget elementor-widget-image\" data-id=\"9ab1284\" data-element_type=\"widget\" data-widget_type=\"image.default\">\n\t\t\t\t<div class=\"elementor-widget-container\">\n\t\t\t\t\t\t\t\t\t\t\t\t\t<img decoding=\"async\" width=\"150\" height=\"150\" src=\"https:\/\/escueladeenfermeria.amorphejewelryshop.com\/wp-content\/uploads\/2023\/11\/Inteligencia-emocional-3-150x150.png\" class=\"attachment-thumbnail size-thumbnail wp-image-1969\" alt=\"\" srcset=\"https:\/\/escueladeenfermeria.amorphejewelryshop.com\/wp-content\/uploads\/2023\/11\/Inteligencia-emocional-3-150x150.png 150w, https:\/\/escueladeenfermeria.amorphejewelryshop.com\/wp-content\/uploads\/2023\/11\/Inteligencia-emocional-3-300x300.png 300w, https:\/\/escueladeenfermeria.amorphejewelryshop.com\/wp-content\/uploads\/2023\/11\/Inteligencia-emocional-3.png 384w\" sizes=\"(max-width: 150px) 100vw, 150px\" \/>\t\t\t\t\t\t\t\t\t\t\t\t\t<\/div>\n\t\t\t\t<\/div>\n\t\t\t\t<\/div>\n\t\t<div class=\"elementor-element elementor-element-1adf03e e-con-full e-flex qodef-elementor-content-no e-con e-child\" data-id=\"1adf03e\" data-element_type=\"container\">\n\t\t\t\t<div class=\"elementor-element elementor-element-961005a elementor-widget elementor-widget-qi_addons_for_elementor_section_title\" data-id=\"961005a\" data-element_type=\"widget\" data-widget_type=\"qi_addons_for_elementor_section_title.default\">\n\t\t\t\t<div class=\"elementor-widget-container\">\n\t\t\t<div class=\"qodef-shortcode qodef-m  qodef-qi-section-title  qodef-decoration--italic  qodef-link--underline-draw qodef-subtitle-icon--left\">\n\t\t\t\t\t\t\t\t<div class=\"qodef-m-text\"><div style=\"padding-left: 1.4em;text-indent: -1.4em\">\n\n\n\n3. Mejora el desarrollo de relaciones con las personas, tanto en el \u00e1rea afectiva-familiar, como en la social y laboral-profesional. Tener un nivel alto de IE es sin\u00f3nimo de llevar a un nivel \u00f3ptimo la relaci\u00f3n entre las personas. Las emociones determinan c\u00f3mo respondemos, nos comunicamos, nos comportamos y funcionamos en todas las \u00e1reas de nuestra vida.\n\n\n\n<\/div><\/div>\n\t<\/div>\n\t\t<\/div>\n\t\t\t\t<\/div>\n\t\t\t\t<\/div>\n\t\t\t\t\t<\/div>\n\t\t\t\t<\/div>\n\t\t<div class=\"elementor-element elementor-element-96d0022 e-flex e-con-boxed qodef-elementor-content-no e-con e-parent\" data-id=\"96d0022\" data-element_type=\"container\">\n\t\t\t\t\t<div class=\"e-con-inner\">\n\t\t<div class=\"elementor-element elementor-element-1e95ad2 e-con-full e-flex qodef-elementor-content-no e-con e-child\" data-id=\"1e95ad2\" data-element_type=\"container\">\n\t\t\t\t<div class=\"elementor-element elementor-element-126220a elementor-widget elementor-widget-image\" data-id=\"126220a\" data-element_type=\"widget\" data-widget_type=\"image.default\">\n\t\t\t\t<div class=\"elementor-widget-container\">\n\t\t\t\t\t\t\t\t\t\t\t\t\t<img loading=\"lazy\" decoding=\"async\" width=\"150\" height=\"150\" src=\"https:\/\/escueladeenfermeria.amorphejewelryshop.com\/wp-content\/uploads\/2023\/11\/Inteligencia-emocional-4-150x150.png\" class=\"attachment-thumbnail size-thumbnail wp-image-1968\" alt=\"\" srcset=\"https:\/\/escueladeenfermeria.amorphejewelryshop.com\/wp-content\/uploads\/2023\/11\/Inteligencia-emocional-4-150x150.png 150w, https:\/\/escueladeenfermeria.amorphejewelryshop.com\/wp-content\/uploads\/2023\/11\/Inteligencia-emocional-4-300x300.png 300w, https:\/\/escueladeenfermeria.amorphejewelryshop.com\/wp-content\/uploads\/2023\/11\/Inteligencia-emocional-4.png 384w\" sizes=\"(max-width: 150px) 100vw, 150px\" \/>\t\t\t\t\t\t\t\t\t\t\t\t\t<\/div>\n\t\t\t\t<\/div>\n\t\t\t\t<\/div>\n\t\t<div class=\"elementor-element elementor-element-5af5d39 e-con-full e-flex qodef-elementor-content-no e-con e-child\" data-id=\"5af5d39\" data-element_type=\"container\">\n\t\t\t\t<div class=\"elementor-element elementor-element-9b20bc5 elementor-widget elementor-widget-qi_addons_for_elementor_section_title\" data-id=\"9b20bc5\" data-element_type=\"widget\" data-widget_type=\"qi_addons_for_elementor_section_title.default\">\n\t\t\t\t<div class=\"elementor-widget-container\">\n\t\t\t<div class=\"qodef-shortcode qodef-m  qodef-qi-section-title  qodef-decoration--italic  qodef-link--underline-draw qodef-subtitle-icon--left\">\n\t\t\t\t\t\t\t\t<div class=\"qodef-m-text\"><div style=\"padding-left: 1.4em;text-indent: -1.4em\">\n\n\n\n4. Facilita la autoconciencia de nuestras emociones, nos ayuda a comprender los sentimientos de los dem\u00e1s, tolerar las presiones y frustraciones que soportamos en el trabajo, acentuar nuestra capacidad de trabajar en equipo adoptar una actitud emp\u00e1tica y social, lo cual nos brindar\u00e1 m\u00e1s posibilidades de desarrollo personal.\n\n\n\n<\/div><\/div>\n\t<\/div>\n\t\t<\/div>\n\t\t\t\t<\/div>\n\t\t\t\t<\/div>\n\t\t\t\t\t<\/div>\n\t\t\t\t<\/div>\n\t\t<div class=\"elementor-element elementor-element-dc68fb9 e-flex e-con-boxed qodef-elementor-content-no e-con e-parent\" data-id=\"dc68fb9\" data-element_type=\"container\">\n\t\t\t\t\t<div class=\"e-con-inner\">\n\t\t\t\t<div class=\"elementor-element elementor-element-d84d88c elementor-widget elementor-widget-qi_addons_for_elementor_section_title\" data-id=\"d84d88c\" data-element_type=\"widget\" data-widget_type=\"qi_addons_for_elementor_section_title.default\">\n\t\t\t\t<div class=\"elementor-widget-container\">\n\t\t\t<div class=\"qodef-shortcode qodef-m  qodef-qi-section-title  qodef-decoration--italic  qodef-link--underline-draw qodef-subtitle-icon--left\">\n\t\t\t\t\t\t\t\t<div class=\"qodef-m-text\"><p style=\"text-align: justify;text-indent:1cm\">En resumen, la adquisici\u00f3n de habilidades y competencias de IE hace una gran diferencia en la vida a nivel personal y profesional. El afrontar mejor los cambios y adversidades del diario vivir, as\u00ed como tambi\u00e9n el tener mejor rendimiento laboral y eficiencia en las relaciones familiares e interpersonales es posible mediante el conocimiento y aplicaci\u00f3n de la IE.<\/p><\/div>\n\t<\/div>\n\t\t<\/div>\n\t\t\t\t<\/div>\n\t\t\t\t\t<\/div>\n\t\t\t\t<\/div>\n\t\t<div class=\"elementor-element elementor-element-ff1c114 e-flex e-con-boxed qodef-elementor-content-no e-con e-parent\" data-id=\"ff1c114\" data-element_type=\"container\">\n\t\t\t\t\t<div class=\"e-con-inner\">\n\t\t\t\t<div class=\"elementor-element elementor-element-2faf72b elementor-widget elementor-widget-qi_addons_for_elementor_section_title\" data-id=\"2faf72b\" data-element_type=\"widget\" data-widget_type=\"qi_addons_for_elementor_section_title.default\">\n\t\t\t\t<div class=\"elementor-widget-container\">\n\t\t\t<div class=\"qodef-shortcode qodef-m  qodef-qi-section-title  qodef-decoration--italic  qodef-link--underline-draw qodef-subtitle-icon--left\">\n\t\t\t\t\t\t<h5 class=\"qodef-m-title\">\n\t\tReferencias \t<\/h5>\n\t\t\t<\/div>\n\t\t<\/div>\n\t\t\t\t<\/div>\n\t\t\t\t<div class=\"elementor-element elementor-element-4e0c680 elementor-widget elementor-widget-text-editor\" data-id=\"4e0c680\" data-element_type=\"widget\" data-widget_type=\"text-editor.default\">\n\t\t\t\t<div class=\"elementor-widget-container\">\n\t\t\t\t\t\t\t<div style=\"padding-left: 1.5em; text-indent: -1.5em;\">Bello, E. (1 de octubre de 2021). La inteligencia emocional de Daniel Goleman: Qu\u00e9 es y c\u00f3mo desarrollarla. <em>IEBS. <\/em><a href=\"https:\/\/www.iebschool.com\/blog\/liderazgo-inteligencia-emocional-coach-management\/\">https:\/\/www.iebschool.com\/blog\/liderazgo-inteligencia-emocional-coach-management\/<\/a><\/div><div style=\"padding-left: 1.5em; text-indent: -1.5em;\">Cao, Y., Gao, L., Fan, L., Jiao, M., Li, Y., &amp; Yuanshuo, M. (2022). The influence of emotional intelligence on job burnout of healthcare workers and mediating role of workplace violence: A cross sectional study. <em>Frontiers in Public Health, 10<\/em>, 892421. <a href=\"https:\/\/doi.org\/10.3389\/fpubh.2022.892421\">https:\/\/doi.org\/10.3389\/fpubh.2022.892421<\/a><\/div><div style=\"padding-left: 1.5em; text-indent: -1.5em;\">Deng, X., Chen, S., Li, X., Tan, C., Li, W., Zhong, C., Mei, R., &amp; Ye, M. (2023). Gender differences in empathy, emotional intelligence, and problem-solving ability among nursing students: A cross-sectional study. <em>Nurse Education Today,<\/em> <em>120,<\/em> 105649. <a href=\"https:\/\/doi.org\/10.1016\/j.nedt.2022.%20105649\">https:\/\/doi.org\/10.1016\/j.nedt.2022. 105649<\/a><\/div><div style=\"padding-left: 1.5em; text-indent: -1.5em;\"><p>Guerri, M. (2023). Test de inteligencia emocional. Descubre tus fortalezas y debilidades. <em>PsicoActiva<\/em>. <a href=\"https:\/\/www.psicoactiva.com\/test\/test-de-inteligencia-emocional.htm\">https:\/\/www.psicoactiva.com\/test\/test-de-inteligencia-emocional.htm<\/a><\/p><\/div><div style=\"padding-left: 1.5em; text-indent: -1.5em;\">Sanchis-Gim\u00e9nez, L., Lacomba-Trejo, L., Prado-Gasc\u00f3, V., &amp; Gim\u00e9nez-Espert, M. del C. (2023). Attitudes towards communication in nursing students and nurses: Are social skills and emotional\u00a0intelligence Important?\u00a0<em>Healthcare<\/em>.; <em>11<\/em>(8), 1119. <a href=\"https:\/\/doi.org\/10.3390\/healthcare11081119\">https:\/\/doi.org\/10.3390\/healthcare11081119<\/a><\/div><div style=\"padding-left: 1.5em; text-indent: -1.5em;\">Santa, R., Moros, A., Morante, D., Rodr\u00edguez, D., &amp; Scavarda, A. (2023). The impact of emotional\u00a0intelligence on operational effectiveness: The mediating role of organizational citizenship behavior and leadership.\u00a0<em>PLOS ONE<\/em>,\u00a0<em>18<\/em>(8), e0284752. <a href=\"https:\/\/doi.org\/10.1371\/journal.pone.%200284752\">https:\/\/doi.org\/10.1371\/journal.pone. 0284752<\/a><\/div><div style=\"padding-left: 1.5em; text-indent: -1.5em;\">Shi, M., &amp; Du, T. (2020). Associations of emotional intelligence and gratitude with empathy in medical students.\u00a0<em>BMC Medical Education<\/em>\u00a0<em>20<\/em>(116). <a href=\"https:\/\/doi.org\/10.1186\/s12909-020-02041-4\">https:\/\/doi.org\/10.1186\/s12909-020-02041-4<\/a><\/div><div>\u00a0<\/div><div><p>Preparado por: Marta N. Almenas Hern\u00e1ndez Ed.D., MSN, RN\/ octubre, 2023.<\/p><\/div>\t\t\t\t\t\t<\/div>\n\t\t\t\t<\/div>\n\t\t\t\t\t<\/div>\n\t\t\t\t<\/div>\n\t\t<div class=\"elementor-element elementor-element-7be2387 e-flex e-con-boxed qodef-elementor-content-no e-con e-parent\" data-id=\"7be2387\" data-element_type=\"container\">\n\t\t\t\t\t<div class=\"e-con-inner\">\n\t\t\t\t\t<\/div>\n\t\t\t\t<\/div>\n\t\t\t\t<\/div>\n\t\t","protected":false},"excerpt":{"rendered":"<p>Regresar a los Materiales Preparatorios Inteligencia Emocional De acuerdo con Daniel Goleman, psic\u00f3logo y conferenciante americano, la inteligencia emocional (IE) es la\u00a0capacidad de reconocer las emociones, tanto propias como ajenas y de gestionar nuestra respuesta ante ellas.\u00a0Se define como el conjunto de habilidades que permiten a una persona adaptarse mejor ante los cambios. Tambi\u00e9n tiene [&hellip;]<\/p>\n","protected":false},"author":2,"featured_media":0,"parent":0,"menu_order":0,"comment_status":"closed","ping_status":"closed","template":"","meta":{"content-type":"","footnotes":""},"class_list":["post-1965","page","type-page","status-publish","hentry"],"_links":{"self":[{"href":"https:\/\/escueladeenfermeria.amorphejewelryshop.com\/index.php\/wp-json\/wp\/v2\/pages\/1965"}],"collection":[{"href":"https:\/\/escueladeenfermeria.amorphejewelryshop.com\/index.php\/wp-json\/wp\/v2\/pages"}],"about":[{"href":"https:\/\/escueladeenfermeria.amorphejewelryshop.com\/index.php\/wp-json\/wp\/v2\/types\/page"}],"author":[{"embeddable":true,"href":"https:\/\/escueladeenfermeria.amorphejewelryshop.com\/index.php\/wp-json\/wp\/v2\/users\/2"}],"replies":[{"embeddable":true,"href":"https:\/\/escueladeenfermeria.amorphejewelryshop.com\/index.php\/wp-json\/wp\/v2\/comments?post=1965"}],"version-history":[{"count":32,"href":"https:\/\/escueladeenfermeria.amorphejewelryshop.com\/index.php\/wp-json\/wp\/v2\/pages\/1965\/revisions"}],"predecessor-version":[{"id":3776,"href":"https:\/\/escueladeenfermeria.amorphejewelryshop.com\/index.php\/wp-json\/wp\/v2\/pages\/1965\/revisions\/3776"}],"wp:attachment":[{"href":"https:\/\/escueladeenfermeria.amorphejewelryshop.com\/index.php\/wp-json\/wp\/v2\/media?parent=1965"}],"curies":[{"name":"wp","href":"https:\/\/api.w.org\/{rel}","templated":true}]}}