{"id":1902,"date":"2023-11-09T01:21:10","date_gmt":"2023-11-09T01:21:10","guid":{"rendered":"https:\/\/escueladeenfermeria.amorphejewelryshop.com\/?page_id=1902"},"modified":"2024-03-01T00:29:00","modified_gmt":"2024-03-01T00:29:00","slug":"materiales-preparatorios-caso-2","status":"publish","type":"page","link":"https:\/\/escueladeenfermeria.amorphejewelryshop.com\/index.php\/materiales-preparatorios-caso-2\/","title":{"rendered":"Materiales Preparatorios &#8211; Caso 2"},"content":{"rendered":"\t\t<div data-elementor-type=\"wp-page\" data-elementor-id=\"1902\" class=\"elementor elementor-1902\">\n\t\t\t\t<div class=\"elementor-element elementor-element-b1d1a16 e-flex e-con-boxed qodef-elementor-content-no e-con e-parent\" data-id=\"b1d1a16\" data-element_type=\"container\">\n\t\t\t\t\t<div class=\"e-con-inner\">\n\t\t\t\t<div class=\"elementor-element elementor-element-9518618 elementor-widget elementor-widget-heading\" data-id=\"9518618\" data-element_type=\"widget\" data-widget_type=\"heading.default\">\n\t\t\t\t<div class=\"elementor-widget-container\">\n\t\t\t<h2 class=\"elementor-heading-title elementor-size-default\">Materiales Preparatorios - Caso 2<\/h2>\t\t<\/div>\n\t\t\t\t<\/div>\n\t\t\t\t<div class=\"elementor-element elementor-element-38705d1 elementor-icon-list--layout-traditional elementor-list-item-link-full_width elementor-widget elementor-widget-icon-list\" data-id=\"38705d1\" data-element_type=\"widget\" data-widget_type=\"icon-list.default\">\n\t\t\t\t<div class=\"elementor-widget-container\">\n\t\t\t\t\t<ul class=\"elementor-icon-list-items\">\n\t\t\t\t\t\t\t<li class=\"elementor-icon-list-item\">\n\t\t\t\t\t\t\t\t\t\t\t<a href=\"https:\/\/escueladeenfermeria.amorphejewelryshop.com\/index.php\/modelo-esft-caso-2\/\">\n\n\t\t\t\t\t\t\t\t\t\t\t\t<span class=\"elementor-icon-list-icon\">\n\t\t\t\t\t\t\t<i aria-hidden=\"true\" class=\"fas fa-circle\"><\/i>\t\t\t\t\t\t<\/span>\n\t\t\t\t\t\t\t\t\t\t<span class=\"elementor-icon-list-text\">El Modelo ESFT<\/span>\n\t\t\t\t\t\t\t\t\t\t\t<\/a>\n\t\t\t\t\t\t\t\t\t<\/li>\n\t\t\t\t\t\t\t\t<li class=\"elementor-icon-list-item\">\n\t\t\t\t\t\t\t\t\t\t\t<a href=\"https:\/\/escueladeenfermeria.amorphejewelryshop.com\/index.php\/inteligencia-emocional1-caso-2\/\">\n\n\t\t\t\t\t\t\t\t\t\t\t\t<span class=\"elementor-icon-list-icon\">\n\t\t\t\t\t\t\t<i aria-hidden=\"true\" class=\"fas fa-circle\"><\/i>\t\t\t\t\t\t<\/span>\n\t\t\t\t\t\t\t\t\t\t<span class=\"elementor-icon-list-text\">Inteligencia Emocional<\/span>\n\t\t\t\t\t\t\t\t\t\t\t<\/a>\n\t\t\t\t\t\t\t\t\t<\/li>\n\t\t\t\t\t\t\t\t<li class=\"elementor-icon-list-item\">\n\t\t\t\t\t\t\t\t\t\t\t<a href=\"https:\/\/escueladeenfermeria.amorphejewelryshop.com\/index.php\/rol-del-profesional1-caso-2\/\">\n\n\t\t\t\t\t\t\t\t\t\t\t\t<span class=\"elementor-icon-list-icon\">\n\t\t\t\t\t\t\t<i aria-hidden=\"true\" class=\"fas fa-circle\"><\/i>\t\t\t\t\t\t<\/span>\n\t\t\t\t\t\t\t\t\t\t<span class=\"elementor-icon-list-text\">Rol del Profesional de Enfermer\u00eda en la Pol\u00edtica P\u00fablica en Salud y Abogac\u00eda<\/span>\n\t\t\t\t\t\t\t\t\t\t\t<\/a>\n\t\t\t\t\t\t\t\t\t<\/li>\n\t\t\t\t\t\t\t\t<li class=\"elementor-icon-list-item\">\n\t\t\t\t\t\t\t\t\t\t\t<a href=\"https:\/\/escueladeenfermeria.amorphejewelryshop.com\/index.php\/abuelos-que-crian-salud-mental-y-politicas\/\">\n\n\t\t\t\t\t\t\t\t\t\t\t\t<span class=\"elementor-icon-list-icon\">\n\t\t\t\t\t\t\t<i aria-hidden=\"true\" class=\"fas fa-circle\"><\/i>\t\t\t\t\t\t<\/span>\n\t\t\t\t\t\t\t\t\t\t<span class=\"elementor-icon-list-text\">Abuelos que Cr\u00edan: Salud Mental y Pol\u00edticas P\u00fablicas <\/span>\n\t\t\t\t\t\t\t\t\t\t\t<\/a>\n\t\t\t\t\t\t\t\t\t<\/li>\n\t\t\t\t\t\t<\/ul>\n\t\t\t\t<\/div>\n\t\t\t\t<\/div>\n\t\t\t\t<div class=\"elementor-element elementor-element-8534bd9 elementor-widget elementor-widget-qi_addons_for_elementor_button\" data-id=\"8534bd9\" data-element_type=\"widget\" data-widget_type=\"qi_addons_for_elementor_button.default\">\n\t\t\t\t<div class=\"elementor-widget-container\">\n\t\t\t<a class=\"qodef-shortcode qodef-m  qodef-qi-button qodef-html--link qodef-layout--filled qodef-type--standard   qodef-icon--right qodef-hover--icon-move-horizontal-short     \" href=\"https:\/\/escueladeenfermeria.amorphejewelryshop.com\/index.php\/pre-prueba-caso-2\/\" target=\"_self\">\n\t<span class=\"qodef-m-text\">Preprueba<\/span>\n\t<\/a>\n\t\t<\/div>\n\t\t\t\t<\/div>\n\t\t\t\t\t<\/div>\n\t\t\t\t<\/div>\n\t\t\t\t<\/div>\n\t\t","protected":false},"excerpt":{"rendered":"<p>Materiales Preparatorios &#8211; Caso 2 El Modelo ESFT Inteligencia Emocional Rol del Profesional de Enfermer\u00eda en la Pol\u00edtica P\u00fablica en Salud y Abogac\u00eda Abuelos que Cr\u00edan: Salud Mental y Pol\u00edticas P\u00fablicas Preprueba<\/p>\n","protected":false},"author":1,"featured_media":0,"parent":0,"menu_order":0,"comment_status":"closed","ping_status":"closed","template":"","meta":{"content-type":"","footnotes":""},"class_list":["post-1902","page","type-page","status-publish","hentry"],"_links":{"self":[{"href":"https:\/\/escueladeenfermeria.amorphejewelryshop.com\/index.php\/wp-json\/wp\/v2\/pages\/1902"}],"collection":[{"href":"https:\/\/escueladeenfermeria.amorphejewelryshop.com\/index.php\/wp-json\/wp\/v2\/pages"}],"about":[{"href":"https:\/\/escueladeenfermeria.amorphejewelryshop.com\/index.php\/wp-json\/wp\/v2\/types\/page"}],"author":[{"embeddable":true,"href":"https:\/\/escueladeenfermeria.amorphejewelryshop.com\/index.php\/wp-json\/wp\/v2\/users\/1"}],"replies":[{"embeddable":true,"href":"https:\/\/escueladeenfermeria.amorphejewelryshop.com\/index.php\/wp-json\/wp\/v2\/comments?post=1902"}],"version-history":[{"count":25,"href":"https:\/\/escueladeenfermeria.amorphejewelryshop.com\/index.php\/wp-json\/wp\/v2\/pages\/1902\/revisions"}],"predecessor-version":[{"id":3028,"href":"https:\/\/escueladeenfermeria.amorphejewelryshop.com\/index.php\/wp-json\/wp\/v2\/pages\/1902\/revisions\/3028"}],"wp:attachment":[{"href":"https:\/\/escueladeenfermeria.amorphejewelryshop.com\/index.php\/wp-json\/wp\/v2\/media?parent=1902"}],"curies":[{"name":"wp","href":"https:\/\/api.w.org\/{rel}","templated":true}]}}