{"id":1889,"date":"2023-11-09T01:18:39","date_gmt":"2023-11-09T01:18:39","guid":{"rendered":"https:\/\/escueladeenfermeria.amorphejewelryshop.com\/?page_id=1889"},"modified":"2024-02-29T23:56:18","modified_gmt":"2024-02-29T23:56:18","slug":"objetivos-de-aprendizaje-caso-2","status":"publish","type":"page","link":"https:\/\/escueladeenfermeria.amorphejewelryshop.com\/index.php\/objetivos-de-aprendizaje-caso-2\/","title":{"rendered":"Objetivos\u00a0de\u00a0Aprendizaje &#8211; Caso 2"},"content":{"rendered":"\t\t<div data-elementor-type=\"wp-page\" data-elementor-id=\"1889\" class=\"elementor elementor-1889\">\n\t\t\t\t<div class=\"elementor-element elementor-element-4c80481 e-flex e-con-boxed qodef-elementor-content-no e-con e-parent\" data-id=\"4c80481\" data-element_type=\"container\">\n\t\t\t\t\t<div class=\"e-con-inner\">\n\t\t\t\t<div class=\"elementor-element elementor-element-e1a40f9 elementor-widget elementor-widget-heading\" data-id=\"e1a40f9\" data-element_type=\"widget\" data-widget_type=\"heading.default\">\n\t\t\t\t<div class=\"elementor-widget-container\">\n\t\t\t<h2 class=\"elementor-heading-title elementor-size-default\">Objetivos de Aprendizaje<\/h2>\t\t<\/div>\n\t\t\t\t<\/div>\n\t\t\t\t<div class=\"elementor-element elementor-element-7969e6e elementor-widget elementor-widget-text-editor\" data-id=\"7969e6e\" data-element_type=\"widget\" data-widget_type=\"text-editor.default\">\n\t\t\t\t<div class=\"elementor-widget-container\">\n\t\t\t\t\t\t\t<p><span class=\"TextRun SCXW142949227 BCX4\" lang=\"ES-PR\" xml:lang=\"ES-PR\" data-contrast=\"auto\"><span class=\"NormalTextRun SCXW142949227 BCX4\">El pr\u00f3ximo caso de simulaci\u00f3n utiliza las mejores pr\u00e1cticas para demostrar la colaboraci\u00f3n interprofesional en la atenci\u00f3n de necesidades psicosociales de una familia de abuelos encargados de la crianza de su nieto. Se ofrece \u00e9nfasis en el manejo de conducta de riesgo de un adolescente. Adem\u00e1s, se promueve el rol del profesional de enfermer\u00eda en las pol\u00edticas p\u00fablicas para el apoyo social de la familia.<\/span><\/span><span class=\"EOP SCXW142949227 BCX4\" data-ccp-props=\"{}\">\u00a0<\/span><\/p>\t\t\t\t\t\t<\/div>\n\t\t\t\t<\/div>\n\t\t\t\t<div class=\"elementor-element elementor-element-c825da3 elementor-widget elementor-widget-text-editor\" data-id=\"c825da3\" data-element_type=\"widget\" data-widget_type=\"text-editor.default\">\n\t\t\t\t<div class=\"elementor-widget-container\">\n\t\t\t\t\t\t\t<p><span data-contrast=\"auto\">A trav\u00e9s de esta experiencia basada en simulaci\u00f3n, usted podr\u00e1:<\/span><span data-ccp-props=\"{}\">\u00a0<\/span><\/p><ul><li data-leveltext=\"\uf0b7\" data-font=\"Symbol\" data-listid=\"1\" data-list-defn-props=\"{&quot;335552541&quot;:1,&quot;335559684&quot;:-2,&quot;335559685&quot;:720,&quot;335559991&quot;:360,&quot;469769226&quot;:&quot;Symbol&quot;,&quot;469769242&quot;:[8226],&quot;469777803&quot;:&quot;left&quot;,&quot;469777804&quot;:&quot;\uf0b7&quot;,&quot;469777815&quot;:&quot;hybridMultilevel&quot;}\" aria-setsize=\"-1\" data-aria-posinset=\"1\" data-aria-level=\"1\"><span data-contrast=\"auto\">Identificar los problemas prioritarios de un paciente, familia y comunidad (salud p\u00fablica) presentados en el caso basados en el estimado y los datos cl\u00ednicos.\u202f<\/span><span data-ccp-props=\"{}\">\u00a0<\/span><\/li><li data-leveltext=\"\uf0b7\" data-font=\"Symbol\" data-listid=\"1\" data-list-defn-props=\"{&quot;335552541&quot;:1,&quot;335559684&quot;:-2,&quot;335559685&quot;:720,&quot;335559991&quot;:360,&quot;469769226&quot;:&quot;Symbol&quot;,&quot;469769242&quot;:[8226],&quot;469777803&quot;:&quot;left&quot;,&quot;469777804&quot;:&quot;\uf0b7&quot;,&quot;469777815&quot;:&quot;hybridMultilevel&quot;}\" aria-setsize=\"-1\" data-aria-posinset=\"2\" data-aria-level=\"1\"><span data-contrast=\"auto\">Integrar a diversos profesionales y recursos asociados que complementen su propia pericia profesional, para satisfacer las necesidades espec\u00edficas de salud y atenci\u00f3n psicosocial del paciente adolescente y su familia.<\/span><span data-ccp-props=\"{}\">\u00a0<\/span><\/li><li data-leveltext=\"\uf0b7\" data-font=\"Symbol\" data-listid=\"1\" data-list-defn-props=\"{&quot;335552541&quot;:1,&quot;335559684&quot;:-2,&quot;335559685&quot;:720,&quot;335559991&quot;:360,&quot;469769226&quot;:&quot;Symbol&quot;,&quot;469769242&quot;:[8226],&quot;469777803&quot;:&quot;left&quot;,&quot;469777804&quot;:&quot;\uf0b7&quot;,&quot;469777815&quot;:&quot;hybridMultilevel&quot;}\" aria-setsize=\"-1\" data-aria-posinset=\"3\" data-aria-level=\"1\"><span data-contrast=\"auto\">Elegir t\u00e9cnicas de comunicaci\u00f3n basadas en evidencia para evaluar y reducir el riesgo de da\u00f1o para el paciente y su familia.<\/span><span data-ccp-props=\"{}\">\u00a0<\/span><\/li><li data-leveltext=\"\uf0b7\" data-font=\"Symbol\" data-listid=\"1\" data-list-defn-props=\"{&quot;335552541&quot;:1,&quot;335559684&quot;:-2,&quot;335559685&quot;:720,&quot;335559991&quot;:360,&quot;469769226&quot;:&quot;Symbol&quot;,&quot;469769242&quot;:[8226],&quot;469777803&quot;:&quot;left&quot;,&quot;469777804&quot;:&quot;\uf0b7&quot;,&quot;469777815&quot;:&quot;hybridMultilevel&quot;}\" aria-setsize=\"-1\" data-aria-posinset=\"4\" data-aria-level=\"1\"><span data-contrast=\"auto\">Describir las implicaciones y los impactos potenciales de los programas y pol\u00edticas de salud p\u00fablica en individuos, familias y grupos dentro de una poblaci\u00f3n.<\/span><span data-ccp-props=\"{}\">\u00a0<\/span><\/li><\/ul>\t\t\t\t\t\t<\/div>\n\t\t\t\t<\/div>\n\t\t\t\t<div class=\"elementor-element elementor-element-0ddc4a6 elementor-widget elementor-widget-text-editor\" data-id=\"0ddc4a6\" data-element_type=\"widget\" data-widget_type=\"text-editor.default\">\n\t\t\t\t<div class=\"elementor-widget-container\">\n\t\t\t\t\t\t\t<p><b><span data-contrast=\"auto\">Principios Esenciales<\/span><\/b><span data-ccp-props=\"{}\">\u00a0<\/span><\/p><p><span data-contrast=\"auto\">Esta simulaci\u00f3n virtual fue dise\u00f1ada para emplear los siguientes principios esenciales:<\/span><span data-ccp-props=\"{}\">\u00a0<\/span><\/p><ul><li data-leveltext=\"\uf0b7\" data-font=\"Symbol\" data-listid=\"2\" data-list-defn-props=\"{&quot;335552541&quot;:1,&quot;335559684&quot;:-2,&quot;335559685&quot;:720,&quot;335559991&quot;:360,&quot;469769226&quot;:&quot;Symbol&quot;,&quot;469769242&quot;:[8226],&quot;469777803&quot;:&quot;left&quot;,&quot;469777804&quot;:&quot;\uf0b7&quot;,&quot;469777815&quot;:&quot;hybridMultilevel&quot;}\" aria-setsize=\"-1\" data-aria-posinset=\"5\" data-aria-level=\"1\"><span data-contrast=\"auto\">Estimado de salud<\/span><span data-ccp-props=\"{}\">\u00a0<\/span><\/li><li data-leveltext=\"\uf0b7\" data-font=\"Symbol\" data-listid=\"2\" data-list-defn-props=\"{&quot;335552541&quot;:1,&quot;335559684&quot;:-2,&quot;335559685&quot;:720,&quot;335559991&quot;:360,&quot;469769226&quot;:&quot;Symbol&quot;,&quot;469769242&quot;:[8226],&quot;469777803&quot;:&quot;left&quot;,&quot;469777804&quot;:&quot;\uf0b7&quot;,&quot;469777815&quot;:&quot;hybridMultilevel&quot;}\" aria-setsize=\"-1\" data-aria-posinset=\"6\" data-aria-level=\"1\"><span data-contrast=\"auto\">Estrategias para reducir riesgo a da\u00f1o<\/span><span data-ccp-props=\"{}\">\u00a0<\/span><\/li><li data-leveltext=\"\uf0b7\" data-font=\"Symbol\" data-listid=\"2\" data-list-defn-props=\"{&quot;335552541&quot;:1,&quot;335559684&quot;:-2,&quot;335559685&quot;:720,&quot;335559991&quot;:360,&quot;469769226&quot;:&quot;Symbol&quot;,&quot;469769242&quot;:[8226],&quot;469777803&quot;:&quot;left&quot;,&quot;469777804&quot;:&quot;\uf0b7&quot;,&quot;469777815&quot;:&quot;hybridMultilevel&quot;}\" aria-setsize=\"-1\" data-aria-posinset=\"7\" data-aria-level=\"1\"><span data-contrast=\"auto\">Comunicaci\u00f3n efectiva con paciente, familia y equipo interprofesional<\/span><span data-ccp-props=\"{}\">\u00a0<\/span><\/li><li data-leveltext=\"\uf0b7\" data-font=\"Symbol\" data-listid=\"2\" data-list-defn-props=\"{&quot;335552541&quot;:1,&quot;335559684&quot;:-2,&quot;335559685&quot;:720,&quot;335559991&quot;:360,&quot;469769226&quot;:&quot;Symbol&quot;,&quot;469769242&quot;:[8226],&quot;469777803&quot;:&quot;left&quot;,&quot;469777804&quot;:&quot;\uf0b7&quot;,&quot;469777815&quot;:&quot;hybridMultilevel&quot;}\" aria-setsize=\"-1\" data-aria-posinset=\"8\" data-aria-level=\"1\"><span data-contrast=\"auto\">Educaci\u00f3n a paciente y familia<\/span><span data-ccp-props=\"{}\">\u00a0<\/span><\/li><li data-leveltext=\"\uf0b7\" data-font=\"Symbol\" data-listid=\"2\" data-list-defn-props=\"{&quot;335552541&quot;:1,&quot;335559684&quot;:-2,&quot;335559685&quot;:720,&quot;335559991&quot;:360,&quot;469769226&quot;:&quot;Symbol&quot;,&quot;469769242&quot;:[8226],&quot;469777803&quot;:&quot;left&quot;,&quot;469777804&quot;:&quot;\uf0b7&quot;,&quot;469777815&quot;:&quot;hybridMultilevel&quot;}\" aria-setsize=\"-1\" data-aria-posinset=\"9\" data-aria-level=\"1\"><span data-contrast=\"auto\">Apoyo emocional a paciente y familia<\/span><span data-ccp-props=\"{}\">\u00a0<\/span><\/li><\/ul>\t\t\t\t\t\t<\/div>\n\t\t\t\t<\/div>\n\t\t\t\t<div class=\"elementor-element elementor-element-7893073 elementor-widget elementor-widget-qi_addons_for_elementor_button\" data-id=\"7893073\" data-element_type=\"widget\" data-widget_type=\"qi_addons_for_elementor_button.default\">\n\t\t\t\t<div class=\"elementor-widget-container\">\n\t\t\t<a class=\"qodef-shortcode qodef-m  qodef-qi-button qodef-html--link qodef-layout--filled qodef-type--standard   qodef-icon--right qodef-hover--icon-move-horizontal-short     \" href=\"https:\/\/escueladeenfermeria.amorphejewelryshop.com\/index.php\/caso-2\/\" target=\"_self\">\n\t<span class=\"qodef-m-text\">Expediente<\/span>\n\t<\/a>\n\t\t<\/div>\n\t\t\t\t<\/div>\n\t\t\t\t\t<\/div>\n\t\t\t\t<\/div>\n\t\t\t\t<\/div>\n\t\t","protected":false},"excerpt":{"rendered":"<p>Objetivos de Aprendizaje El pr\u00f3ximo caso de simulaci\u00f3n utiliza las mejores pr\u00e1cticas para demostrar la colaboraci\u00f3n interprofesional en la atenci\u00f3n de necesidades psicosociales de una familia de abuelos encargados de la crianza de su nieto. Se ofrece \u00e9nfasis en el manejo de conducta de riesgo de un adolescente. Adem\u00e1s, se promueve el rol del profesional [&hellip;]<\/p>\n","protected":false},"author":1,"featured_media":0,"parent":0,"menu_order":0,"comment_status":"closed","ping_status":"closed","template":"","meta":{"content-type":"","footnotes":""},"class_list":["post-1889","page","type-page","status-publish","hentry"],"_links":{"self":[{"href":"https:\/\/escueladeenfermeria.amorphejewelryshop.com\/index.php\/wp-json\/wp\/v2\/pages\/1889"}],"collection":[{"href":"https:\/\/escueladeenfermeria.amorphejewelryshop.com\/index.php\/wp-json\/wp\/v2\/pages"}],"about":[{"href":"https:\/\/escueladeenfermeria.amorphejewelryshop.com\/index.php\/wp-json\/wp\/v2\/types\/page"}],"author":[{"embeddable":true,"href":"https:\/\/escueladeenfermeria.amorphejewelryshop.com\/index.php\/wp-json\/wp\/v2\/users\/1"}],"replies":[{"embeddable":true,"href":"https:\/\/escueladeenfermeria.amorphejewelryshop.com\/index.php\/wp-json\/wp\/v2\/comments?post=1889"}],"version-history":[{"count":28,"href":"https:\/\/escueladeenfermeria.amorphejewelryshop.com\/index.php\/wp-json\/wp\/v2\/pages\/1889\/revisions"}],"predecessor-version":[{"id":3002,"href":"https:\/\/escueladeenfermeria.amorphejewelryshop.com\/index.php\/wp-json\/wp\/v2\/pages\/1889\/revisions\/3002"}],"wp:attachment":[{"href":"https:\/\/escueladeenfermeria.amorphejewelryshop.com\/index.php\/wp-json\/wp\/v2\/media?parent=1889"}],"curies":[{"name":"wp","href":"https:\/\/api.w.org\/{rel}","templated":true}]}}