{"id":1698,"date":"2023-11-04T00:17:40","date_gmt":"2023-11-04T00:17:40","guid":{"rendered":"https:\/\/escueladeenfermeria.amorphejewelryshop.com\/?page_id=1698"},"modified":"2024-06-22T23:26:47","modified_gmt":"2024-06-22T23:26:47","slug":"creditos-terminos-de-uso","status":"publish","type":"page","link":"https:\/\/escueladeenfermeria.amorphejewelryshop.com\/index.php\/creditos-terminos-de-uso\/","title":{"rendered":"T\u00e9rminos\u00a0y Condiciones &#8211; Caso 1"},"content":{"rendered":"\t\t<div data-elementor-type=\"wp-page\" data-elementor-id=\"1698\" class=\"elementor elementor-1698\">\n\t\t\t\t<div class=\"elementor-element elementor-element-51f956e e-flex e-con-boxed qodef-elementor-content-no e-con e-parent\" data-id=\"51f956e\" data-element_type=\"container\">\n\t\t\t\t\t<div class=\"e-con-inner\">\n\t\t\t\t<div class=\"elementor-element elementor-element-2d13309 elementor-widget elementor-widget-heading\" data-id=\"2d13309\" data-element_type=\"widget\" data-widget_type=\"heading.default\">\n\t\t\t\t<div class=\"elementor-widget-container\">\n\t\t\t<h2 class=\"elementor-heading-title elementor-size-default\">T\u00e9rminos y Condiciones<\/h2>\t\t<\/div>\n\t\t\t\t<\/div>\n\t\t\t\t<div class=\"elementor-element elementor-element-9340458 elementor-widget elementor-widget-text-editor\" data-id=\"9340458\" data-element_type=\"widget\" data-widget_type=\"text-editor.default\">\n\t\t\t\t<div class=\"elementor-widget-container\">\n\t\t\t\t\t\t\t<p><span data-contrast=\"auto\">La Escuela de Enfermer\u00eda del Recinto de Ciencias M\u00e9dicas (RCM) de la Universidad de Puerto Rico (UPR) es propietaria y administradora del sitio web, <\/span><a href=\"https:\/\/____________\/\"><span data-contrast=\"none\">https:\/\/____________<\/span><\/a><span data-contrast=\"auto\">. Este portal digital alberga una variedad de contenidos, incluyendo, pero no limitado a, videos, material did\u00e1ctico dise\u00f1ados para apoyar y enriquecer la experiencia educativa de nuestros usuarios.&nbsp;&nbsp;&nbsp;<\/span><span data-ccp-props=\"{&quot;201341983&quot;:0,&quot;335559739&quot;:0,&quot;335559740&quot;:240}\">&nbsp;<\/span><\/p>\n<p><span data-ccp-props=\"{&quot;201341983&quot;:0,&quot;335559739&quot;:0,&quot;335559740&quot;:240}\">&nbsp;<\/span><\/p>\n<p><span data-contrast=\"auto\">Al acceder, navegar o hacer uso de las funcionalidades que ofrece nuestra plataforma, usted reconoce y consiente de manera indiscutible los <\/span><i><span data-contrast=\"auto\">T\u00e9rminos y Condiciones<\/span><\/i><span data-contrast=\"auto\"> establecidos por la Escuela de Enfermer\u00eda. Dicha aceptaci\u00f3n se considera un acuerdo legal entre usted y la Escuela de Enfermer\u00eda y rige su acceso y uso del sitio web.<\/span><span data-ccp-props=\"{&quot;201341983&quot;:0,&quot;335559739&quot;:0,&quot;335559740&quot;:240}\">&nbsp;<\/span><\/p>\n<p><span data-contrast=\"auto\">Le instamos a leer detenidamente estos <\/span><i><span data-contrast=\"auto\">T\u00e9rminos y Condiciones<\/span><\/i><span data-contrast=\"auto\"> cada vez que visite y utilice nuestro sitio web, ya que es su responsabilidad mantenerse informado sobre cualquier cambio o actualizaci\u00f3n que pueda ocurrir.&nbsp;<\/span><span data-ccp-props=\"{&quot;201341983&quot;:0,&quot;335559739&quot;:0,&quot;335559740&quot;:240}\">&nbsp;<\/span> <span data-ccp-props=\"{&quot;201341983&quot;:0,&quot;335559739&quot;:0,&quot;335559740&quot;:240}\">&nbsp;<\/span><\/p>\n<p><span data-ccp-props=\"{&quot;201341983&quot;:0,&quot;335559739&quot;:0,&quot;335559740&quot;:240}\">&nbsp;<\/span><\/p>\n<p><b><span data-contrast=\"auto\">Condiciones de Uso y Restricciones en la Plataforma&nbsp;<\/span><\/b><span data-ccp-props=\"{&quot;201341983&quot;:0,&quot;335559739&quot;:0,&quot;335559740&quot;:240}\">&nbsp;<\/span><\/p>\n<p><span data-contrast=\"auto\">Todos los usuarios del sitio web <\/span><span data-contrast=\"auto\">https:\/\/___________,<\/span><span data-contrast=\"auto\"> deben cumplir con la pol\u00edtica institucional sobre el uso aceptable de los recursos de la tecnolog\u00eda de la informaci\u00f3n en la UPR. El uso de los recursos ofrecidos en la plataforma digital de la Escuela de Enfermer\u00eda de la UPR-RCM, incluyendo videos, material did\u00e1ctico y cualquier otro contenido, est\u00e1 estrictamente limitado a fines educativos y de apoyo al desarrollo acad\u00e9mico y profesional. Los usuarios tienen permitido acceder, navegar y utilizar estos recursos conforme a estas finalidades.<\/span><span data-ccp-props=\"{&quot;201341983&quot;:0,&quot;335559739&quot;:0,&quot;335559740&quot;:240}\">&nbsp;<\/span><\/p>\n<p><\/p>\n<p><span data-contrast=\"auto\">Se proh\u00edbe terminantemente la copia, reproducci\u00f3n, re-publicaci\u00f3n, desmontaje, descompilaci\u00f3n, ingenier\u00eda inversa, descarga, publicaci\u00f3n, difusi\u00f3n, transmisi\u00f3n o distribuci\u00f3n de cualquier parte de este contenido para fines distintos a los educativos autorizados. Asimismo, queda restringida la adaptaci\u00f3n, modificaci\u00f3n o creaci\u00f3n de trabajos derivados a partir de los recursos disponibles, excepto cuando se realicen espec\u00edficamente para usos educativos dentro del marco de los cursos y programas ofrecidos por la Escuela.<\/span><span data-ccp-props=\"{&quot;201341983&quot;:0,&quot;335559739&quot;:0,&quot;335559740&quot;:240}\">&nbsp;<\/span><\/p>\n<p><span data-ccp-props=\"{&quot;201341983&quot;:0,&quot;335559739&quot;:0,&quot;335559740&quot;:240}\">&nbsp;<\/span><\/p>\n<p><span data-contrast=\"auto\">Cualquier uso del contenido de la plataforma que no se adhiera a estas condiciones, incluyendo fines comerciales o distribuci\u00f3n no autorizada, requerir\u00e1 la obtenci\u00f3n previa de un permiso por escrito de la Escuela de Enfermer\u00eda de la UPR-RCM. El incumplimiento de estas condiciones puede resultar tanto en la restricci\u00f3n del acceso a la plataforma como la aplicaci\u00f3n de acciones legales seg\u00fan aplique.<\/span><span data-ccp-props=\"{&quot;201341983&quot;:0,&quot;335559739&quot;:0,&quot;335559740&quot;:240}\">&nbsp;<\/span><\/p>\n<p><\/p>\n<p><b><span data-contrast=\"auto\"><br><\/span><\/b><\/p><p><b><span data-contrast=\"auto\">Acceso al Sitio Web<\/span><\/b><span data-ccp-props=\"{&quot;201341983&quot;:0,&quot;335559739&quot;:0,&quot;335559740&quot;:240}\">&nbsp;<\/span><\/p>\n<p><span data-contrast=\"auto\">El acceso al sitio web <\/span><a href=\"https:\/\/___________\/\"><span data-contrast=\"none\">https:\/\/___________<\/span><\/a><span data-contrast=\"auto\"> y a todos sus recursos est\u00e1 limitado a la duraci\u00f3n de su matr\u00edcula en los cursos del Programa de Bachillerato en Ciencias en Enfermer\u00eda. La continuidad del acceso queda sujeta a la verificaci\u00f3n de su estado de matr\u00edcula en dichos cursos.&nbsp;<\/span><span data-ccp-props=\"{&quot;201341983&quot;:0,&quot;335559739&quot;:0,&quot;335559740&quot;:240}\">&nbsp;<\/span><\/p>\n<p><span data-ccp-props=\"{&quot;201341983&quot;:0,&quot;335559739&quot;:0,&quot;335559740&quot;:240}\">&nbsp;<\/span><\/p>\n<p><b><span data-contrast=\"auto\">Declaraci\u00f3n de Accesibilidad<\/span><\/b><span data-ccp-props=\"{&quot;201341983&quot;:0,&quot;335559739&quot;:0,&quot;335559740&quot;:240}\">&nbsp;<\/span><\/p>\n<p><span data-contrast=\"none\">Para garantizar el acceso de todos los usuarios a\u202f<\/span><a href=\"https:\/\/___________\/\"><span data-contrast=\"none\">https:\/\/___________<\/span><\/a><span data-contrast=\"none\">,\u202fla Escuela de Enfermer\u00eda se acoge a las gu\u00edas de accesibilidad digital (WCAG 2.1) y la iniciativa de la\u202fUPR. Como entidad es prioridad que toda la comunidad universitaria con limitaciones o que enfrenten dificultad de acceso a medios digitales puedan referir cualquier evento que afecte su accesibilidad a la plataforma a trav\u00e9s de consulta a\u202f<\/span><a href=\"https:\/\/nam02.safelinks.protection.outlook.com\/?url=https%3A%2F%2Faccesibilidad.upr.edu%2F&amp;data=05%7C01%7Cmilagros.figueroa%40upr.edu%7C4a64c94a4e4941f7789f08dbdbc3e145%7C0dfa5dc0036f461599e494af822f2b84%7C0%7C0%7C638345406569176471%7CUnknown%7CTWFpbGZsb3d8eyJWIjoiMC4wLjAwMDAiLCJQIjoiV2luMzIiLCJBTiI6Ik1haWwiLCJXVCI6Mn0%3D%7C3000%7C%7C%7C&amp;sdata=%2FoS0s%2FtZ%2FV5nkMQCvGWxzKIqUBJCrzojf0auGiq8uHQ%3D&amp;reserved=0\"><span data-contrast=\"none\">https:\/\/accesibilidad.upr.edu\/<\/span><\/a><span data-contrast=\"none\">\u202f<\/span><span data-ccp-props=\"{&quot;201341983&quot;:0,&quot;335559739&quot;:0,&quot;335559740&quot;:240}\">&nbsp;<\/span><\/p>\n<p><span data-ccp-props=\"{&quot;201341983&quot;:0,&quot;335559739&quot;:0,&quot;335559740&quot;:240}\">&nbsp;<\/span><\/p>\n<p><b><span data-contrast=\"auto\">Derechos de Propiedad y Autor<\/span><\/b><span data-ccp-props=\"{&quot;201341983&quot;:0,&quot;335559739&quot;:0,&quot;335559740&quot;:240}\">&nbsp;<\/span><\/p>\n<p><span data-contrast=\"auto\">La Escuela de Enfermer\u00eda de la UPR-RCM es la titular de los derechos de propiedad y autor sobre todos los contenidos alojados en su plataforma virtual. Esto incluye, pero no se limita a, videos, dise\u00f1os, gr\u00e1ficos, im\u00e1genes, ilustraciones, <\/span><i><span data-contrast=\"auto\">software<\/span><\/i><span data-contrast=\"auto\">, sonidos, nombres, palabras, t\u00edtulos, frases, logotipos y marcas. Adem\u00e1s, la instituci\u00f3n ostenta los derechos de autor de cualquier producci\u00f3n creada con estos materiales, incluyendo representaciones gr\u00e1ficas, publicaciones y materiales did\u00e1cticos asociados a los videos y la funcionalidad de la plataforma. La utilizaci\u00f3n de estos recursos implica un uso limitado y exclusivamente educativo, sin transferencia de ning\u00fan derecho de propiedad intelectual o licencias adicionales. Queda estrictamente prohibido incorporar estos materiales en otros medios o sitios web sin el consentimiento escrito de la Escuela, y su uso debe alinearse con las disposiciones de derechos de autor y legislaci\u00f3n sobre propiedad intelectual, preservando as\u00ed los derechos de la instituci\u00f3n educativa.<\/span><span data-ccp-props=\"{&quot;201341983&quot;:0,&quot;335559739&quot;:0,&quot;335559740&quot;:240}\">&nbsp;<\/span><\/p>\n<p><span data-ccp-props=\"{&quot;201341983&quot;:0,&quot;335559739&quot;:0,&quot;335559740&quot;:240}\">&nbsp;<\/span><\/p>\n<p><b><span data-contrast=\"auto\">Seguridad<\/span><\/b><span data-ccp-props=\"{&quot;201341983&quot;:0,&quot;335559739&quot;:0,&quot;335559740&quot;:240}\">&nbsp;<\/span><\/p>\n<p><span data-contrast=\"auto\">El sitio web <\/span><span data-contrast=\"auto\">https:\/\/___________,<\/span><span data-contrast=\"auto\"> utiliza el mismo est\u00e1ndar de cifrado de datos que la UPR-RCM y se mantiene de acuerdo con las pol\u00edticas y mejores pr\u00e1cticas de la UPR. Si bien se har\u00e1n todos los esfuerzos posibles para garantizar la seguridad, los usuarios deben ser conscientes de la naturaleza potencialmente insegura al utilizar plataformas en l\u00ednea.<\/span><span data-ccp-props=\"{&quot;201341983&quot;:0,&quot;335559739&quot;:0,&quot;335559740&quot;:240}\">&nbsp;<\/span><\/p>\n<p><span data-ccp-props=\"{&quot;201341983&quot;:0,&quot;335559739&quot;:0,&quot;335559740&quot;:240}\">&nbsp;<\/span><\/p>\n<p><b><span data-contrast=\"auto\">Privacidad<\/span><\/b><span data-ccp-props=\"{&quot;201341983&quot;:0,&quot;335559739&quot;:0,&quot;335559740&quot;:240}\">&nbsp;<\/span><\/p>\n<p><span data-contrast=\"auto\">La Escuela de Enfermer\u00eda del RCM en cumplimiento con la pol\u00edtica institucional sobre el uso aceptable de los recursos de la tecnolog\u00eda de la informaci\u00f3n en la UPR, reconoce el derecho de los usuarios del sitio web <\/span><span data-contrast=\"auto\">https:\/\/___________,<\/span><span data-contrast=\"auto\"> a la privacidad y seguridad. Por lo que, se tomar\u00e1n las medidas razonables para proteger la seguridad de la informaci\u00f3n de los usuarios individuales. La informaci\u00f3n personal del usuario ser\u00e1 protegida y solo tendr\u00e1n acceso a la misma los facultativos autorizados para fines acad\u00e9micos.&nbsp;<\/span><span data-ccp-props=\"{&quot;201341983&quot;:0,&quot;335559739&quot;:0,&quot;335559740&quot;:240}\">&nbsp;<\/span><\/p>\n<p><span data-ccp-props=\"{&quot;201341983&quot;:0,&quot;335559739&quot;:0,&quot;335559740&quot;:240}\">&nbsp;<\/span><\/p>\n<p><span data-contrast=\"auto\">De surgir la necesidad de intervenir con alg\u00fan usuario por el uso inapropiado del sitio web<\/span><span data-contrast=\"auto\"> https:\/\/___________,<\/span><span data-contrast=\"auto\"> la Escuela de Enfermer\u00eda del RCM de la UPR aplicar\u00e1 los procedimientos legales vigentes al hacerlo.<\/span><\/p>\t\t\t\t\t\t<\/div>\n\t\t\t\t<\/div>\n\t\t\t\t\t<\/div>\n\t\t\t\t<\/div>\n\t\t\t\t<\/div>\n\t\t","protected":false},"excerpt":{"rendered":"<p>T\u00e9rminos y Condiciones La Escuela de Enfermer\u00eda del Recinto de Ciencias M\u00e9dicas (RCM) de la Universidad de Puerto Rico (UPR) es propietaria y administradora del sitio web, https:\/\/____________. Este portal digital alberga una variedad de contenidos, incluyendo, pero no limitado a, videos, material did\u00e1ctico dise\u00f1ados para apoyar y enriquecer la experiencia educativa de nuestros usuarios.&nbsp;&nbsp;&nbsp;&nbsp; [&hellip;]<\/p>\n","protected":false},"author":1,"featured_media":0,"parent":0,"menu_order":0,"comment_status":"closed","ping_status":"closed","template":"","meta":{"content-type":"","footnotes":""},"class_list":["post-1698","page","type-page","status-publish","hentry"],"_links":{"self":[{"href":"https:\/\/escueladeenfermeria.amorphejewelryshop.com\/index.php\/wp-json\/wp\/v2\/pages\/1698"}],"collection":[{"href":"https:\/\/escueladeenfermeria.amorphejewelryshop.com\/index.php\/wp-json\/wp\/v2\/pages"}],"about":[{"href":"https:\/\/escueladeenfermeria.amorphejewelryshop.com\/index.php\/wp-json\/wp\/v2\/types\/page"}],"author":[{"embeddable":true,"href":"https:\/\/escueladeenfermeria.amorphejewelryshop.com\/index.php\/wp-json\/wp\/v2\/users\/1"}],"replies":[{"embeddable":true,"href":"https:\/\/escueladeenfermeria.amorphejewelryshop.com\/index.php\/wp-json\/wp\/v2\/comments?post=1698"}],"version-history":[{"count":33,"href":"https:\/\/escueladeenfermeria.amorphejewelryshop.com\/index.php\/wp-json\/wp\/v2\/pages\/1698\/revisions"}],"predecessor-version":[{"id":4060,"href":"https:\/\/escueladeenfermeria.amorphejewelryshop.com\/index.php\/wp-json\/wp\/v2\/pages\/1698\/revisions\/4060"}],"wp:attachment":[{"href":"https:\/\/escueladeenfermeria.amorphejewelryshop.com\/index.php\/wp-json\/wp\/v2\/media?parent=1698"}],"curies":[{"name":"wp","href":"https:\/\/api.w.org\/{rel}","templated":true}]}}