{"id":1637,"date":"2023-11-03T23:27:10","date_gmt":"2023-11-03T23:27:10","guid":{"rendered":"https:\/\/escueladeenfermeria.amorphejewelryshop.com\/?page_id=1637"},"modified":"2024-01-04T00:49:28","modified_gmt":"2024-01-04T00:49:28","slug":"objetivos-de-aprendizaje-caso-1","status":"publish","type":"page","link":"https:\/\/escueladeenfermeria.amorphejewelryshop.com\/index.php\/objetivos-de-aprendizaje-caso-1\/","title":{"rendered":"Objetivos\u00a0de\u00a0Aprendizaje &#8211; Caso 1"},"content":{"rendered":"\t\t<div data-elementor-type=\"wp-page\" data-elementor-id=\"1637\" class=\"elementor elementor-1637\">\n\t\t\t\t<div class=\"elementor-element elementor-element-4c80481 e-flex e-con-boxed qodef-elementor-content-no e-con e-parent\" data-id=\"4c80481\" data-element_type=\"container\">\n\t\t\t\t\t<div class=\"e-con-inner\">\n\t\t\t\t<div class=\"elementor-element elementor-element-e1a40f9 elementor-widget elementor-widget-heading\" data-id=\"e1a40f9\" data-element_type=\"widget\" data-widget_type=\"heading.default\">\n\t\t\t\t<div class=\"elementor-widget-container\">\n\t\t\t<h2 class=\"elementor-heading-title elementor-size-default\">Objetivos de Aprendizaje<\/h2>\t\t<\/div>\n\t\t\t\t<\/div>\n\t\t\t\t<div class=\"elementor-element elementor-element-7969e6e elementor-widget elementor-widget-text-editor\" data-id=\"7969e6e\" data-element_type=\"widget\" data-widget_type=\"text-editor.default\">\n\t\t\t\t<div class=\"elementor-widget-container\">\n\t\t\t\t\t\t\t<p><span class=\"TextRun SCXP251070539 BCX4\" lang=\"EN-US\" xml:lang=\"EN-US\" data-usefontface=\"false\" data-contrast=\"none\"><span class=\"NormalTextRun SCXP251070539 BCX4\"><span class=\"TextRun SCXP109457747 BCX4\" lang=\"EN-US\" xml:lang=\"EN-US\" data-usefontface=\"false\" data-contrast=\"none\"><span class=\"NormalTextRun SCXP109457747 BCX4\">El\u00a0<\/span><\/span><span class=\"TextRun SCXP109457747 BCX4\" lang=\"EN-US\" xml:lang=\"EN-US\" data-usefontface=\"false\" data-contrast=\"none\"><span class=\"SpellingError SCXP109457747 BCX4\">pr\u00f3ximo<\/span><\/span> <span class=\"TextRun SCXP109457747 BCX4\" lang=\"EN-US\" xml:lang=\"EN-US\" data-usefontface=\"false\" data-contrast=\"none\"><span class=\"SpellingError SCXP109457747 BCX4\">caso<\/span><\/span><span class=\"TextRun SCXP109457747 BCX4\" lang=\"EN-US\" xml:lang=\"EN-US\" data-usefontface=\"false\" data-contrast=\"none\"><span class=\"NormalTextRun SCXP109457747 BCX4\"> de <\/span><\/span><span class=\"TextRun SCXP109457747 BCX4\" lang=\"EN-US\" xml:lang=\"EN-US\" data-usefontface=\"false\" data-contrast=\"none\"><span class=\"SpellingError SCXP109457747 BCX4\">simulaci\u00f3n<\/span><\/span> <span class=\"TextRun SCXP109457747 BCX4\" lang=\"EN-US\" xml:lang=\"EN-US\" data-usefontface=\"false\" data-contrast=\"none\"><span class=\"SpellingError SCXP109457747 BCX4\">utiliza<\/span><\/span><span class=\"TextRun SCXP109457747 BCX4\" lang=\"EN-US\" xml:lang=\"EN-US\" data-usefontface=\"false\" data-contrast=\"none\"><span class=\"NormalTextRun SCXP109457747 BCX4\"> las <\/span><\/span><span class=\"TextRun SCXP109457747 BCX4\" lang=\"EN-US\" xml:lang=\"EN-US\" data-usefontface=\"false\" data-contrast=\"none\"><span class=\"SpellingError SCXP109457747 BCX4\">mejores<\/span><\/span> <span class=\"TextRun SCXP109457747 BCX4\" lang=\"EN-US\" xml:lang=\"EN-US\" data-usefontface=\"false\" data-contrast=\"none\"><span class=\"SpellingError SCXP109457747 BCX4\">pr\u00e1cticas<\/span><\/span><span class=\"TextRun SCXP109457747 BCX4\" lang=\"EN-US\" xml:lang=\"EN-US\" data-usefontface=\"false\" data-contrast=\"none\"><span class=\"NormalTextRun SCXP109457747 BCX4\"> para <\/span><\/span><span class=\"TextRun SCXP109457747 BCX4\" lang=\"EN-US\" xml:lang=\"EN-US\" data-usefontface=\"false\" data-contrast=\"none\"><span class=\"SpellingError SCXP109457747 BCX4\">demostrar<\/span><\/span><span class=\"TextRun SCXP109457747 BCX4\" lang=\"EN-US\" xml:lang=\"EN-US\" data-usefontface=\"false\" data-contrast=\"none\"><span class=\"NormalTextRun SCXP109457747 BCX4\"> la <\/span><\/span><span class=\"TextRun SCXP109457747 BCX4\" lang=\"EN-US\" xml:lang=\"EN-US\" data-usefontface=\"false\" data-contrast=\"none\"><span class=\"SpellingError SCXP109457747 BCX4\">colaboraci\u00f3n<\/span><\/span> <span class=\"TextRun SCXP109457747 BCX4\" lang=\"EN-US\" xml:lang=\"EN-US\" data-usefontface=\"false\" data-contrast=\"none\"><span class=\"SpellingError SCXP109457747 BCX4\">interprofesional<\/span><\/span><span class=\"TextRun SCXP109457747 BCX4\" lang=\"EN-US\" xml:lang=\"EN-US\" data-usefontface=\"false\" data-contrast=\"none\"><span class=\"NormalTextRun SCXP109457747 BCX4\">\u00a0<\/span><\/span><span class=\"TextRun SCXP109457747 BCX4\" lang=\"EN-US\" xml:lang=\"EN-US\" data-usefontface=\"false\" data-contrast=\"none\"><span class=\"SpellingError SCXP109457747 BCX4\">en<\/span><\/span><span class=\"TextRun SCXP109457747 BCX4\" lang=\"EN-US\" xml:lang=\"EN-US\" data-usefontface=\"false\" data-contrast=\"none\"><span class=\"NormalTextRun SCXP109457747 BCX4\">\u00a0la <\/span><\/span><span class=\"TextRun SCXP109457747 BCX4\" lang=\"EN-US\" xml:lang=\"EN-US\" data-usefontface=\"false\" data-contrast=\"none\"><span class=\"SpellingError SCXP109457747 BCX4\">atenci\u00f3n<\/span><\/span><span class=\"TextRun SCXP109457747 BCX4\" lang=\"EN-US\" xml:lang=\"EN-US\" data-usefontface=\"false\" data-contrast=\"none\"><span class=\"NormalTextRun SCXP109457747 BCX4\"> de <\/span><\/span><span class=\"TextRun SCXP109457747 BCX4\" lang=\"EN-US\" xml:lang=\"EN-US\" data-usefontface=\"false\" data-contrast=\"none\"><span class=\"SpellingError SCXP109457747 BCX4\">necesidades<\/span><\/span> <span class=\"TextRun SCXP109457747 BCX4\" lang=\"EN-US\" xml:lang=\"EN-US\" data-usefontface=\"false\" data-contrast=\"none\"><span class=\"SpellingError SCXP109457747 BCX4\">psicosociales<\/span><\/span><span class=\"TextRun SCXP109457747 BCX4\" lang=\"EN-US\" xml:lang=\"EN-US\" data-usefontface=\"false\" data-contrast=\"none\"><span class=\"NormalTextRun SCXP109457747 BCX4\"> de <\/span><\/span><span class=\"TextRun SCXP109457747 BCX4\" lang=\"EN-US\" xml:lang=\"EN-US\" data-usefontface=\"false\" data-contrast=\"none\"><span class=\"SpellingError SCXP109457747 BCX4\">una<\/span><\/span> <span class=\"TextRun SCXP109457747 BCX4\" lang=\"EN-US\" xml:lang=\"EN-US\" data-usefontface=\"false\" data-contrast=\"none\"><span class=\"SpellingError SCXP109457747 BCX4\">comunidad<\/span><\/span><span class=\"TextRun SCXP109457747 BCX4\" lang=\"EN-US\" xml:lang=\"EN-US\" data-usefontface=\"false\" data-contrast=\"none\"><span class=\"NormalTextRun SCXP109457747 BCX4\"> escolar; <\/span><\/span><span class=\"TextRun SCXP109457747 BCX4\" lang=\"EN-US\" xml:lang=\"EN-US\" data-usefontface=\"false\" data-contrast=\"none\"><span class=\"SpellingError SCXP109457747 BCX4\">en<\/span><\/span><span class=\"TextRun SCXP109457747 BCX4\" lang=\"EN-US\" xml:lang=\"EN-US\" data-usefontface=\"false\" data-contrast=\"none\"><span class=\"NormalTextRun SCXP109457747 BCX4\"> especial,\u00a0<\/span><\/span><span class=\"TextRun SCXP109457747 BCX4\" lang=\"EN-US\" xml:lang=\"EN-US\" data-usefontface=\"false\" data-contrast=\"none\"><span class=\"SpellingError SCXP109457747 BCX4\">en<\/span><\/span> <span class=\"TextRun SCXP109457747 BCX4\" lang=\"EN-US\" xml:lang=\"EN-US\" data-usefontface=\"false\" data-contrast=\"none\"><span class=\"SpellingError SCXP109457747 BCX4\">el<\/span><\/span> <span class=\"TextRun SCXP109457747 BCX4\" lang=\"EN-US\" xml:lang=\"EN-US\" data-usefontface=\"false\" data-contrast=\"none\"><span class=\"SpellingError SCXP109457747 BCX4\">manejo<\/span><\/span><span class=\"TextRun SCXP109457747 BCX4\" lang=\"EN-US\" xml:lang=\"EN-US\" data-usefontface=\"false\" data-contrast=\"none\"><span class=\"NormalTextRun SCXP109457747 BCX4\">\u00a0y <\/span><\/span><span class=\"TextRun SCXP109457747 BCX4\" lang=\"EN-US\" xml:lang=\"EN-US\" data-usefontface=\"false\" data-contrast=\"none\"><span class=\"SpellingError SCXP109457747 BCX4\">prevenci\u00f3n<\/span><\/span><span class=\"TextRun SCXP109457747 BCX4\" lang=\"EN-US\" xml:lang=\"EN-US\" data-usefontface=\"false\" data-contrast=\"none\"><span class=\"NormalTextRun SCXP109457747 BCX4\"> de <\/span><\/span><span class=\"TextRun SCXP109457747 BCX4\" lang=\"EN-US\" xml:lang=\"EN-US\" data-usefontface=\"false\" data-contrast=\"none\"><span class=\"SpellingError SCXP109457747 BCX4\">violencia<\/span><\/span><span class=\"TextRun SCXP109457747 BCX4\" lang=\"EN-US\" xml:lang=\"EN-US\" data-usefontface=\"false\" data-contrast=\"none\"><span class=\"NormalTextRun SCXP109457747 BCX4\"> y <\/span><\/span><span class=\"TextRun SCXP109457747 BCX4\" lang=\"EN-US\" xml:lang=\"EN-US\" data-usefontface=\"false\" data-contrast=\"none\"><span class=\"SpellingError SCXP109457747 BCX4\">acoso<\/span><\/span><span class=\"TextRun SCXP109457747 BCX4\" lang=\"EN-US\" xml:lang=\"EN-US\" data-usefontface=\"false\" data-contrast=\"none\"><span class=\"NormalTextRun SCXP109457747 BCX4\"> entre <\/span><\/span><span class=\"TextRun SCXP109457747 BCX4\" lang=\"EN-US\" xml:lang=\"EN-US\" data-usefontface=\"false\" data-contrast=\"none\"><span class=\"SpellingError SCXP109457747 BCX4\">los<\/span><\/span><span class=\"TextRun SCXP109457747 BCX4\" lang=\"EN-US\" xml:lang=\"EN-US\" data-usefontface=\"false\" data-contrast=\"none\"><span class=\"NormalTextRun SCXP109457747 BCX4\">\u00a0<\/span><\/span><span class=\"TextRun SCXP109457747 BCX4\" lang=\"EN-US\" xml:lang=\"EN-US\" data-usefontface=\"false\" data-contrast=\"none\"><span class=\"SpellingError SCXP109457747 BCX4\">estudiantes<\/span><\/span><span class=\"TextRun SCXP109457747 BCX4\" lang=\"EN-US\" xml:lang=\"EN-US\" data-usefontface=\"false\" data-contrast=\"none\"><span class=\"NormalTextRun SCXP109457747 BCX4\">.\u00a0<\/span><\/span> <\/span><\/span><span class=\"EOP SCXP251070539 BCX4\">\u200b<\/span><\/p>\t\t\t\t\t\t<\/div>\n\t\t\t\t<\/div>\n\t\t\t\t<div class=\"elementor-element elementor-element-c825da3 elementor-widget elementor-widget-text-editor\" data-id=\"c825da3\" data-element_type=\"widget\" data-widget_type=\"text-editor.default\">\n\t\t\t\t<div class=\"elementor-widget-container\">\n\t\t\t\t\t\t\t<p data-ccp-props=\"{&quot;335551550&quot;:1,&quot;335551620&quot;:1,&quot;335559683&quot;:0,&quot;335559685&quot;:360,&quot;335559731&quot;:-360,&quot;335559737&quot;:0,&quot;335562764&quot;:2,&quot;335562765&quot;:0.9,&quot;335562766&quot;:4,&quot;335562767&quot;:10,&quot;335562768&quot;:4,&quot;335562769&quot;:0}\"><span data-usefontface=\"true\" data-contrast=\"none\">A <\/span><span data-usefontface=\"true\" data-contrast=\"none\">trav\u00e9s<\/span><span data-usefontface=\"true\" data-contrast=\"none\"> de <\/span><span data-usefontface=\"true\" data-contrast=\"none\">esta<\/span> <span data-usefontface=\"true\" data-contrast=\"none\">experiencia<\/span> <span data-usefontface=\"true\" data-contrast=\"none\">basada<\/span> <span data-usefontface=\"true\" data-contrast=\"none\">en<\/span> <span data-usefontface=\"true\" data-contrast=\"none\">simulaci\u00f3n<\/span><span data-usefontface=\"true\" data-contrast=\"none\">, <\/span><span data-usefontface=\"true\" data-contrast=\"none\">usted<\/span><span data-usefontface=\"true\" data-contrast=\"none\">\u00a0<\/span><span data-usefontface=\"true\" data-contrast=\"none\">podr\u00e1<\/span><span data-usefontface=\"true\" data-contrast=\"none\">:<\/span>\u200b<\/p><ul><li><span data-usefontface=\"true\" data-contrast=\"none\">Identificar<\/span> <span data-usefontface=\"true\" data-contrast=\"none\">los<\/span> <span data-usefontface=\"true\" data-contrast=\"none\">problemas<\/span> <span data-usefontface=\"true\" data-contrast=\"none\">prioritarios<\/span><span data-usefontface=\"true\" data-contrast=\"none\"> de un <\/span><span data-usefontface=\"true\" data-contrast=\"none\">paciente<\/span><span data-usefontface=\"true\" data-contrast=\"none\">, <\/span><span data-usefontface=\"true\" data-contrast=\"none\">familia<\/span><span data-usefontface=\"true\" data-contrast=\"none\"> y <\/span><span data-usefontface=\"true\" data-contrast=\"none\">comunidad<\/span><span data-usefontface=\"true\" data-contrast=\"none\"> (<\/span><span data-usefontface=\"true\" data-contrast=\"none\">salud<\/span> <span data-usefontface=\"true\" data-contrast=\"none\">p\u00fablica<\/span><span data-usefontface=\"true\" data-contrast=\"none\">) <\/span><span data-usefontface=\"true\" data-contrast=\"none\">presentados<\/span> <span data-usefontface=\"true\" data-contrast=\"none\">en<\/span> <span data-usefontface=\"true\" data-contrast=\"none\">el<\/span> <span data-usefontface=\"true\" data-contrast=\"none\">caso<\/span> <span data-usefontface=\"true\" data-contrast=\"none\">basados<\/span> <span data-usefontface=\"true\" data-contrast=\"none\">en<\/span> <span data-usefontface=\"true\" data-contrast=\"none\">el<\/span> <span data-usefontface=\"true\" data-contrast=\"none\">estimado<\/span><span data-usefontface=\"true\" data-contrast=\"none\"> y <\/span><span data-usefontface=\"true\" data-contrast=\"none\">los<\/span> <span data-usefontface=\"true\" data-contrast=\"none\">datos<\/span> <span data-usefontface=\"true\" data-contrast=\"none\">cl\u00ednicos<\/span><span data-usefontface=\"true\" data-contrast=\"none\">.\u202f\u00a0<\/span>\u200b<\/li><li><span data-usefontface=\"true\" data-contrast=\"none\">Reconocer<\/span> <span data-usefontface=\"true\" data-contrast=\"none\">los<\/span> <span data-usefontface=\"true\" data-contrast=\"none\">determinantes<\/span><span data-usefontface=\"true\" data-contrast=\"none\"> de la <\/span><span data-usefontface=\"true\" data-contrast=\"none\">salud<\/span><span data-usefontface=\"true\" data-contrast=\"none\">\u00a0que <\/span><span data-usefontface=\"true\" data-contrast=\"none\">impactan<\/span><span data-usefontface=\"true\" data-contrast=\"none\">\u00a0a <\/span><span data-usefontface=\"true\" data-contrast=\"none\">los<\/span> <span data-usefontface=\"true\" data-contrast=\"none\">individuos<\/span><span data-usefontface=\"true\" data-contrast=\"none\">, <\/span><span data-usefontface=\"true\" data-contrast=\"none\">familias<\/span><span data-usefontface=\"true\" data-contrast=\"none\"> y <\/span><span data-usefontface=\"true\" data-contrast=\"none\">grupos<\/span><span data-usefontface=\"true\" data-contrast=\"none\"> de la <\/span><span data-usefontface=\"true\" data-contrast=\"none\">comunidad<\/span><span data-usefontface=\"true\" data-contrast=\"none\"> escolar.\u00a0<\/span>\u200b<\/li><li><span data-usefontface=\"true\" data-contrast=\"none\">Distinguir<\/span><span data-usefontface=\"true\" data-contrast=\"none\"> las <\/span><span data-usefontface=\"true\" data-contrast=\"none\">pr\u00e1cticas<\/span> <span data-usefontface=\"true\" data-contrast=\"none\">basadas<\/span> <span data-usefontface=\"true\" data-contrast=\"none\">en<\/span><span data-usefontface=\"true\" data-contrast=\"none\"> la <\/span><span data-usefontface=\"true\" data-contrast=\"none\">evidencia<\/span><span data-usefontface=\"true\" data-contrast=\"none\"> al <\/span><span data-usefontface=\"true\" data-contrast=\"none\">planificar<\/span> <span data-usefontface=\"true\" data-contrast=\"none\">intervenciones<\/span><span data-usefontface=\"true\" data-contrast=\"none\"> de <\/span><span data-usefontface=\"true\" data-contrast=\"none\">promoci\u00f3n<\/span><span data-usefontface=\"true\" data-contrast=\"none\"> de la <\/span><span data-usefontface=\"true\" data-contrast=\"none\">salud<\/span><span data-usefontface=\"true\" data-contrast=\"none\"> y <\/span><span data-usefontface=\"true\" data-contrast=\"none\">prevenci\u00f3n<\/span><span data-usefontface=\"true\" data-contrast=\"none\"> de <\/span><span data-usefontface=\"true\" data-contrast=\"none\">enfermedades<\/span><span data-usefontface=\"true\" data-contrast=\"none\"> para <\/span><span data-usefontface=\"true\" data-contrast=\"none\">individuos<\/span><span data-usefontface=\"true\" data-contrast=\"none\">, <\/span><span data-usefontface=\"true\" data-contrast=\"none\">familias<\/span><span data-usefontface=\"true\" data-contrast=\"none\"> y <\/span><span data-usefontface=\"true\" data-contrast=\"none\">grupos<\/span><span data-usefontface=\"true\" data-contrast=\"none\">.\u202f\u00a0<\/span>\u200b<\/li><li><span data-usefontface=\"true\" data-contrast=\"none\">Reflexionar<\/span> <span data-usefontface=\"true\" data-contrast=\"none\">sobre<\/span><span data-usefontface=\"true\" data-contrast=\"none\"> la <\/span><span data-usefontface=\"true\" data-contrast=\"none\">importancia<\/span><span data-usefontface=\"true\" data-contrast=\"none\"> de <\/span><span data-usefontface=\"true\" data-contrast=\"none\">compartir<\/span><span data-usefontface=\"true\" data-contrast=\"none\">\u00a0con\u00a0<\/span><span data-usefontface=\"true\" data-contrast=\"none\">otros<\/span><span data-usefontface=\"true\" data-contrast=\"none\">\u00a0<\/span><span data-usefontface=\"true\" data-contrast=\"none\">profesionales<\/span><span data-usefontface=\"true\" data-contrast=\"none\">,\u00a0<\/span><span data-usefontface=\"true\" data-contrast=\"none\">pacientes<\/span><span data-usefontface=\"true\" data-contrast=\"none\">\u00a0y\u00a0<\/span><span data-usefontface=\"true\" data-contrast=\"none\">comunidades<\/span><span data-usefontface=\"true\" data-contrast=\"none\"> la <\/span><span data-usefontface=\"true\" data-contrast=\"none\">responsabilidad<\/span><span data-usefontface=\"true\" data-contrast=\"none\">\u00a0de\u00a0<\/span><span data-usefontface=\"true\" data-contrast=\"none\">los<\/span> <span data-usefontface=\"true\" data-contrast=\"none\">resultados<\/span> <span data-usefontface=\"true\" data-contrast=\"none\">relacionados<\/span><span data-usefontface=\"true\" data-contrast=\"none\">\u00a0a la <\/span><span data-usefontface=\"true\" data-contrast=\"none\">prevenci\u00f3n<\/span><span data-usefontface=\"true\" data-contrast=\"none\"> y <\/span><span data-usefontface=\"true\" data-contrast=\"none\">el<\/span><span data-usefontface=\"true\" data-contrast=\"none\">\u00a0<\/span><span data-usefontface=\"true\" data-contrast=\"none\">cuidado<\/span><span data-usefontface=\"true\" data-contrast=\"none\"> de <\/span><span data-usefontface=\"true\" data-contrast=\"none\">salud<\/span><span data-usefontface=\"true\" data-contrast=\"none\">.\u202f\u00a0<\/span><\/li><\/ul>\t\t\t\t\t\t<\/div>\n\t\t\t\t<\/div>\n\t\t\t\t<div class=\"elementor-element elementor-element-0ddc4a6 elementor-widget elementor-widget-text-editor\" data-id=\"0ddc4a6\" data-element_type=\"widget\" data-widget_type=\"text-editor.default\">\n\t\t\t\t<div class=\"elementor-widget-container\">\n\t\t\t\t\t\t\t<p data-ccp-props=\"{&quot;335551550&quot;:1,&quot;335551620&quot;:1,&quot;335559683&quot;:0,&quot;335559685&quot;:0,&quot;335559731&quot;:0,&quot;335559737&quot;:0,&quot;335562764&quot;:2,&quot;335562765&quot;:0.9,&quot;335562766&quot;:4,&quot;335562767&quot;:10,&quot;335562768&quot;:4,&quot;335562769&quot;:0}\"><span style=\"text-decoration: underline;\"><b>Principios <\/b><b>Esenciales<\/b><\/span>\u200b<\/p><p data-ccp-props=\"{&quot;335551550&quot;:1,&quot;335551620&quot;:1,&quot;335559683&quot;:0,&quot;335559685&quot;:0,&quot;335559731&quot;:0,&quot;335559737&quot;:0,&quot;335562764&quot;:2,&quot;335562765&quot;:0.9,&quot;335562766&quot;:4,&quot;335562767&quot;:10,&quot;335562768&quot;:4,&quot;335562769&quot;:0}\"><span data-usefontface=\"false\" data-contrast=\"none\">Esta <\/span><span data-usefontface=\"false\" data-contrast=\"none\">simulaci\u00f3n<\/span><span data-usefontface=\"false\" data-contrast=\"none\">\u00a0virtual <\/span><span data-usefontface=\"false\" data-contrast=\"none\">fue<\/span> <span data-usefontface=\"false\" data-contrast=\"none\">dise\u00f1ada<\/span><span data-usefontface=\"false\" data-contrast=\"none\"> para <\/span><span data-usefontface=\"false\" data-contrast=\"none\">emplear<\/span><span data-usefontface=\"false\" data-contrast=\"none\">\u00a0<\/span><span data-usefontface=\"false\" data-contrast=\"none\">los<\/span> <span data-usefontface=\"false\" data-contrast=\"none\">siguientes<\/span> <span data-usefontface=\"false\" data-contrast=\"none\">principios<\/span> <span data-usefontface=\"false\" data-contrast=\"none\">esenciales<\/span><span data-usefontface=\"false\" data-contrast=\"none\">:\u00a0<\/span>\u200b<\/p><ul style=\"font-weight: 400;\"><li data-aria-posinset=\"5\" data-aria-level=\"1\"><span data-usefontface=\"true\" data-contrast=\"none\">Estimado<\/span><span data-usefontface=\"true\" data-contrast=\"none\">\u00a0de <\/span><span data-usefontface=\"true\" data-contrast=\"none\">salud<\/span>\u200b<\/li><li data-aria-posinset=\"6\" data-aria-level=\"1\"><span data-usefontface=\"true\" data-contrast=\"none\">Estrategias<\/span><span data-usefontface=\"true\" data-contrast=\"none\"> para <\/span><span data-usefontface=\"true\" data-contrast=\"none\">reducir<\/span> <span data-usefontface=\"true\" data-contrast=\"none\">riesgo<\/span><span data-usefontface=\"true\" data-contrast=\"none\"> a <\/span><span data-usefontface=\"true\" data-contrast=\"none\">da\u00f1o<\/span>\u200b<\/li><li data-aria-posinset=\"7\" data-aria-level=\"1\"><span data-usefontface=\"false\" data-contrast=\"none\">Comunicaci\u00f3n<\/span> <span data-usefontface=\"false\" data-contrast=\"none\">efectiva<\/span><span data-usefontface=\"false\" data-contrast=\"none\">\u00a0con <\/span><span data-usefontface=\"false\" data-contrast=\"none\">paciente<\/span><span data-usefontface=\"false\" data-contrast=\"none\">, <\/span><span data-usefontface=\"false\" data-contrast=\"none\">familia<\/span><span data-usefontface=\"false\" data-contrast=\"none\">\u00a0y <\/span><span data-usefontface=\"false\" data-contrast=\"none\">equipo<\/span> <span data-usefontface=\"false\" data-contrast=\"none\">interprofesional<\/span>\u200b<\/li><li data-aria-posinset=\"8\" data-aria-level=\"1\"><span data-usefontface=\"true\" data-contrast=\"none\">Educaci\u00f3n<\/span><span data-usefontface=\"true\" data-contrast=\"none\"> a <\/span><span data-usefontface=\"true\" data-contrast=\"none\">paciente<\/span><span data-usefontface=\"true\" data-contrast=\"none\"> y <\/span><span data-usefontface=\"true\" data-contrast=\"none\">familia<\/span>\u200b<\/li><li data-aria-posinset=\"9\" data-aria-level=\"1\"><span data-usefontface=\"true\" data-contrast=\"none\">Apoyo<\/span> <span data-usefontface=\"true\" data-contrast=\"none\">emocional<\/span><span data-usefontface=\"true\" data-contrast=\"none\"> a <\/span><span data-usefontface=\"true\" data-contrast=\"none\">paciente<\/span><span data-usefontface=\"true\" data-contrast=\"none\"> y <\/span><span data-usefontface=\"true\" data-contrast=\"none\">familia<\/span><\/li><\/ul>\t\t\t\t\t\t<\/div>\n\t\t\t\t<\/div>\n\t\t\t\t<div class=\"elementor-element elementor-element-7893073 elementor-widget elementor-widget-qi_addons_for_elementor_button\" data-id=\"7893073\" data-element_type=\"widget\" data-widget_type=\"qi_addons_for_elementor_button.default\">\n\t\t\t\t<div class=\"elementor-widget-container\">\n\t\t\t<a class=\"qodef-shortcode qodef-m  qodef-qi-button qodef-html--link qodef-layout--filled qodef-type--standard   qodef-icon--right qodef-hover--icon-move-horizontal-short     \" href=\"https:\/\/escueladeenfermeria.amorphejewelryshop.com\/index.php\/caso-1\/\" target=\"_self\">\n\t<span class=\"qodef-m-text\">Expediente<\/span>\n\t<\/a>\n\t\t<\/div>\n\t\t\t\t<\/div>\n\t\t\t\t\t<\/div>\n\t\t\t\t<\/div>\n\t\t\t\t<\/div>\n\t\t","protected":false},"excerpt":{"rendered":"<p>Objetivos de Aprendizaje El\u00a0pr\u00f3ximo caso de simulaci\u00f3n utiliza las mejores pr\u00e1cticas para demostrar la colaboraci\u00f3n interprofesional\u00a0en\u00a0la atenci\u00f3n de necesidades psicosociales de una comunidad escolar; en especial,\u00a0en el manejo\u00a0y prevenci\u00f3n de violencia y acoso entre los\u00a0estudiantes.\u00a0 \u200b A trav\u00e9s de esta experiencia basada en simulaci\u00f3n, usted\u00a0podr\u00e1:\u200b Identificar los problemas prioritarios de un paciente, familia y comunidad [&hellip;]<\/p>\n","protected":false},"author":1,"featured_media":0,"parent":0,"menu_order":0,"comment_status":"closed","ping_status":"closed","template":"","meta":{"content-type":"","footnotes":""},"class_list":["post-1637","page","type-page","status-publish","hentry"],"_links":{"self":[{"href":"https:\/\/escueladeenfermeria.amorphejewelryshop.com\/index.php\/wp-json\/wp\/v2\/pages\/1637"}],"collection":[{"href":"https:\/\/escueladeenfermeria.amorphejewelryshop.com\/index.php\/wp-json\/wp\/v2\/pages"}],"about":[{"href":"https:\/\/escueladeenfermeria.amorphejewelryshop.com\/index.php\/wp-json\/wp\/v2\/types\/page"}],"author":[{"embeddable":true,"href":"https:\/\/escueladeenfermeria.amorphejewelryshop.com\/index.php\/wp-json\/wp\/v2\/users\/1"}],"replies":[{"embeddable":true,"href":"https:\/\/escueladeenfermeria.amorphejewelryshop.com\/index.php\/wp-json\/wp\/v2\/comments?post=1637"}],"version-history":[{"count":18,"href":"https:\/\/escueladeenfermeria.amorphejewelryshop.com\/index.php\/wp-json\/wp\/v2\/pages\/1637\/revisions"}],"predecessor-version":[{"id":2935,"href":"https:\/\/escueladeenfermeria.amorphejewelryshop.com\/index.php\/wp-json\/wp\/v2\/pages\/1637\/revisions\/2935"}],"wp:attachment":[{"href":"https:\/\/escueladeenfermeria.amorphejewelryshop.com\/index.php\/wp-json\/wp\/v2\/media?parent=1637"}],"curies":[{"name":"wp","href":"https:\/\/api.w.org\/{rel}","templated":true}]}}