{"id":1541,"date":"2023-11-03T01:00:44","date_gmt":"2023-11-03T01:00:44","guid":{"rendered":"https:\/\/escueladeenfermeria.amorphejewelryshop.com\/?page_id=1541"},"modified":"2024-06-22T22:35:20","modified_gmt":"2024-06-22T22:35:20","slug":"materiales-preparatorios-caso-1","status":"publish","type":"page","link":"https:\/\/escueladeenfermeria.amorphejewelryshop.com\/index.php\/materiales-preparatorios-caso-1\/","title":{"rendered":"Materiales Preparatorios &#8211; Caso 1"},"content":{"rendered":"\t\t<div data-elementor-type=\"wp-page\" data-elementor-id=\"1541\" class=\"elementor elementor-1541\">\n\t\t\t\t<div class=\"elementor-element elementor-element-b1d1a16 e-con-full e-flex qodef-elementor-content-no e-con e-parent\" data-id=\"b1d1a16\" data-element_type=\"container\">\n\t\t\t\t<div class=\"elementor-element elementor-element-9518618 elementor-widget elementor-widget-heading\" data-id=\"9518618\" data-element_type=\"widget\" data-widget_type=\"heading.default\">\n\t\t\t\t<div class=\"elementor-widget-container\">\n\t\t\t<h2 class=\"elementor-heading-title elementor-size-default\">Materiales Preparatorios - Caso 1<\/h2>\t\t<\/div>\n\t\t\t\t<\/div>\n\t\t\t\t<div class=\"elementor-element elementor-element-d4554de elementor-widget elementor-widget-text-editor\" data-id=\"d4554de\" data-element_type=\"widget\" data-widget_type=\"text-editor.default\">\n\t\t\t\t<div class=\"elementor-widget-container\">\n\t\t\t\t\t\t\t<ul><li><strong><a href=\"https:\/\/escueladeenfermeria.amorphejewelryshop.com\/index.php\/determinantes-de-salud\/\">Determinantes de Salud<\/a><\/strong><\/li><li><strong><a href=\"https:\/\/escueladeenfermeria.amorphejewelryshop.com\/wp-content\/uploads\/2023\/11\/Hoja-informativa-de-Rol-del-Profesional-de-Enfermeria-Escolar.pdf\">Hoja Informativa del Rol del Profesional de Enfermer\u00eda Escolar<\/a><\/strong><ul><li><a href=\"https:\/\/escueladeenfermeria.amorphejewelryshop.com\/wp-content\/uploads\/2023\/11\/Hoja-informativa-de-Rol-del-Profesional-de-Enfermeria-Escolar.pdf\">Recuerde revisar el <em>Marco de Trabajo para la Pr\u00e1ctica de la Enfermer\u00eda Escolar del Siglo 21<\/em> incluido en la parte inferior de esta p\u00e1gina.<\/a><\/li><\/ul><\/li><li><a href=\"https:\/\/www.cdc.gov\/healthyschools\/vhs\/index.html\"><strong>Escuela Virtual Saludable<\/strong> <\/a><ul><li><a href=\"https:\/\/www.cdc.gov\/healthyschools\/vhs\/index.html\">Ejemplo presentado por los Centros para el Control y la Prevenci\u00f3n de Enfermedades (CDC, por sus siglas en ingl\u00e9s) &#8211; Divisi\u00f3n de Salud de la Poblaci\u00f3n, Centro Nacional para la Prevenci\u00f3n de Enfermedades Cr\u00f3nicas y Promoci\u00f3n de la Salud (2018).<\/a><\/li><\/ul><\/li><li><strong><a href=\"https:\/\/www.cdc.gov\/youth-violence\/about\/index.html\">Violencia Juvenil<\/a><\/strong><\/li><li><strong><a href=\"https:\/\/www.cdc.gov\/youth-violence\/prevention\/index.html\">Prevenci\u00f3n de Violencia Juvenil<\/a><\/strong><\/li><li><strong><a href=\"https:\/\/espanol.stopbullying.gov\/acoso-escolar-mkb6\/qu\u00e9-es-el-acoso\">Prevenci\u00f3n de Acoso (<em>Bullying<\/em>)<\/a><\/strong><\/li><\/ul>\t\t\t\t\t\t<\/div>\n\t\t\t\t<\/div>\n\t\t\t\t<div class=\"elementor-element elementor-element-ad56c24 elementor-widget elementor-widget-text-editor\" data-id=\"ad56c24\" data-element_type=\"widget\" data-widget_type=\"text-editor.default\">\n\t\t\t\t<div class=\"elementor-widget-container\">\n\t\t\t\t\t\t\t<p><span style=\"text-decoration: underline;\"><strong>Marco de Trabajo para la Pr\u00e1ctica de la Enfermer\u00eda Escolar del Siglo 21 creado por la National Association of School Nurses (2020).<\/strong><\/span><\/p>\t\t\t\t\t\t<\/div>\n\t\t\t\t<\/div>\n\t\t\t\t<div class=\"elementor-element elementor-element-98f9eca elementor-widget elementor-widget-text-editor\" data-id=\"98f9eca\" data-element_type=\"widget\" data-widget_type=\"text-editor.default\">\n\t\t\t\t<div class=\"elementor-widget-container\">\n\t\t\t\t\t\t\t<p><strong><em><span class=\"TextRun BCX4 SCXP161808903\" lang=\"ES-PR\" xml:lang=\"ES-PR\" data-scheme-color=\"@FF0000,,\" data-usefontface=\"true\" data-contrast=\"none\"><span class=\"SpellingError BCX4 SCXP161808903\">Re-printed<\/span><\/span> <span class=\"TextRun BCX4 SCXP161808903\" lang=\"ES-PR\" xml:lang=\"ES-PR\" data-scheme-color=\"@FF0000,,\" data-usefontface=\"true\" data-contrast=\"none\"><span class=\"SpellingError BCX4 SCXP161808903\">with<\/span><\/span> <span class=\"TextRun BCX4 SCXP161808903\" lang=\"ES-PR\" xml:lang=\"ES-PR\" data-scheme-color=\"@FF0000,,\" data-usefontface=\"true\" data-contrast=\"none\"><span class=\"SpellingError BCX4 SCXP161808903\">permission<\/span><\/span> <span class=\"TextRun BCX4 SCXP161808903\" lang=\"ES-PR\" xml:lang=\"ES-PR\" data-scheme-color=\"@FF0000,,\" data-usefontface=\"true\" data-contrast=\"none\"><span class=\"SpellingError BCX4 SCXP161808903\">by<\/span><\/span> <span class=\"TextRun BCX4 SCXP161808903\" lang=\"ES-PR\" xml:lang=\"ES-PR\" data-scheme-color=\"@FF0000,,\" data-usefontface=\"true\" data-contrast=\"none\"><span class=\"SpellingError BCX4 SCXP161808903\">the<\/span><\/span> <span class=\"TextRun BCX4 SCXP161808903\" lang=\"ES-PR\" xml:lang=\"ES-PR\" data-scheme-color=\"@FF0000,,\" data-usefontface=\"true\" data-contrast=\"none\"><span class=\"SpellingError BCX4 SCXP161808903\">National<\/span><\/span> <span class=\"TextRun BCX4 SCXP161808903\" lang=\"ES-PR\" xml:lang=\"ES-PR\" data-scheme-color=\"@FF0000,,\" data-usefontface=\"true\" data-contrast=\"none\"><span class=\"SpellingError BCX4 SCXP161808903\">Association<\/span><\/span> <span class=\"TextRun BCX4 SCXP161808903\" lang=\"ES-PR\" xml:lang=\"ES-PR\" data-scheme-color=\"@FF0000,,\" data-usefontface=\"true\" data-contrast=\"none\"><span class=\"SpellingError BCX4 SCXP161808903\">of<\/span><\/span> <span class=\"TextRun BCX4 SCXP161808903\" lang=\"ES-PR\" xml:lang=\"ES-PR\" data-scheme-color=\"@FF0000,,\" data-usefontface=\"true\" data-contrast=\"none\"><span class=\"SpellingError BCX4 SCXP161808903\">School<\/span><\/span><span class=\"TextRun BCX4 SCXP161808903\" lang=\"ES-PR\" xml:lang=\"ES-PR\" data-scheme-color=\"@FF0000,,\" data-usefontface=\"true\" data-contrast=\"none\"><span class=\"NormalTextRun BCX4 SCXP161808903\"> Nurses<\/span><\/span><span class=\"TextRun BCX4 SCXP161808903\" lang=\"ES-PR\" xml:lang=\"ES-PR\" data-scheme-color=\"@FF0000,,\" data-usefontface=\"true\" data-contrast=\"none\"><span class=\"NormalTextRun BCX4 SCXP161808903\">.<\/span><\/span><\/em><\/strong><\/p>\t\t\t\t\t\t<\/div>\n\t\t\t\t<\/div>\n\t\t\t\t<div class=\"elementor-element elementor-element-06731fc elementor-widget elementor-widget-bae-pdf-native-embedder\" data-id=\"06731fc\" data-element_type=\"widget\" data-widget_type=\"bae-pdf-native-embedder.default\">\n\t\t\t\t<div class=\"elementor-widget-container\">\n\t\t\t\t\t<div class =\"native_style\">\n\t\t\t     \t\t<div class=\"download\">\n\t\t\t\t\t\t\t<\/div>\n\t\t<\/div>\n\t\t\t\t<div class=\"my_native\">\n\t\t\t<iframe src=\"https:\/\/escueladeenfermeria.amorphejewelryshop.com\/wp-content\/uploads\/2023\/11\/21stCenturySchoolNurseFramework2016onepager.pdf\"><\/iframe>\n\t\t<\/div>\n\t\t\t<\/div>\n\t\t\t\t<\/div>\n\t\t\t\t<div class=\"elementor-element elementor-element-8534bd9 elementor-widget elementor-widget-qi_addons_for_elementor_button\" data-id=\"8534bd9\" data-element_type=\"widget\" data-widget_type=\"qi_addons_for_elementor_button.default\">\n\t\t\t\t<div class=\"elementor-widget-container\">\n\t\t\t<a class=\"qodef-shortcode qodef-m  qodef-qi-button qodef-html--link qodef-layout--filled qodef-type--standard   qodef-icon--right qodef-hover--icon-move-horizontal-short     \" href=\"https:\/\/escueladeenfermeria.amorphejewelryshop.com\/index.php\/pre-preba-caso-1\/\" target=\"_self\">\n\t<span class=\"qodef-m-text\">Preprueba<\/span>\n\t<\/a>\n\t\t<\/div>\n\t\t\t\t<\/div>\n\t\t\t\t<div class=\"elementor-element elementor-element-f8c4cff elementor-widget elementor-widget-html\" data-id=\"f8c4cff\" data-element_type=\"widget\" data-widget_type=\"html.default\">\n\t\t\t\t<div class=\"elementor-widget-container\">\n\t\t\t\n<style>\n    .elementor-kit-1214 a{\n        color:black;\n    \n    line-height: 2 !important;\n}\n\nli::before{\n    list-style: square;\n    font-size: 36px !important;\n\n}  \n<\/style>\n\n\t\t<\/div>\n\t\t\t\t<\/div>\n\t\t\t\t<\/div>\n\t\t\t\t<\/div>\n\t\t","protected":false},"excerpt":{"rendered":"<p>Materiales Preparatorios &#8211; Caso 1 Determinantes de Salud Hoja Informativa del Rol del Profesional de Enfermer\u00eda Escolar Recuerde revisar el Marco de Trabajo para la Pr\u00e1ctica de la Enfermer\u00eda Escolar del Siglo 21 incluido en la parte inferior de esta p\u00e1gina. Escuela Virtual Saludable Ejemplo presentado por los Centros para el Control y la Prevenci\u00f3n [&hellip;]<\/p>\n","protected":false},"author":1,"featured_media":0,"parent":0,"menu_order":0,"comment_status":"closed","ping_status":"closed","template":"","meta":{"content-type":"","footnotes":""},"class_list":["post-1541","page","type-page","status-publish","hentry"],"_links":{"self":[{"href":"https:\/\/escueladeenfermeria.amorphejewelryshop.com\/index.php\/wp-json\/wp\/v2\/pages\/1541"}],"collection":[{"href":"https:\/\/escueladeenfermeria.amorphejewelryshop.com\/index.php\/wp-json\/wp\/v2\/pages"}],"about":[{"href":"https:\/\/escueladeenfermeria.amorphejewelryshop.com\/index.php\/wp-json\/wp\/v2\/types\/page"}],"author":[{"embeddable":true,"href":"https:\/\/escueladeenfermeria.amorphejewelryshop.com\/index.php\/wp-json\/wp\/v2\/users\/1"}],"replies":[{"embeddable":true,"href":"https:\/\/escueladeenfermeria.amorphejewelryshop.com\/index.php\/wp-json\/wp\/v2\/comments?post=1541"}],"version-history":[{"count":153,"href":"https:\/\/escueladeenfermeria.amorphejewelryshop.com\/index.php\/wp-json\/wp\/v2\/pages\/1541\/revisions"}],"predecessor-version":[{"id":4023,"href":"https:\/\/escueladeenfermeria.amorphejewelryshop.com\/index.php\/wp-json\/wp\/v2\/pages\/1541\/revisions\/4023"}],"wp:attachment":[{"href":"https:\/\/escueladeenfermeria.amorphejewelryshop.com\/index.php\/wp-json\/wp\/v2\/media?parent=1541"}],"curies":[{"name":"wp","href":"https:\/\/api.w.org\/{rel}","templated":true}]}}