{"id":1184,"date":"2023-10-06T00:08:15","date_gmt":"2023-10-06T00:08:15","guid":{"rendered":"http:\/\/localhost:8888\/Escuela%20de%20enfermeria\/?page_id=1184"},"modified":"2024-03-27T22:27:05","modified_gmt":"2024-03-27T22:27:05","slug":"caso-1","status":"publish","type":"page","link":"https:\/\/escueladeenfermeria.amorphejewelryshop.com\/index.php\/caso-1\/","title":{"rendered":"Caso 1"},"content":{"rendered":"\t\t<div data-elementor-type=\"wp-page\" data-elementor-id=\"1184\" class=\"elementor elementor-1184\">\n\t\t\t\t\t\t<section class=\"elementor-section elementor-top-section elementor-element elementor-element-4ab20bf7 elementor-section-boxed elementor-section-height-default elementor-section-height-default qodef-elementor-content-no\" data-id=\"4ab20bf7\" data-element_type=\"section\">\n\t\t\t\t\t\t<div class=\"elementor-container elementor-column-gap-default\">\n\t\t\t\t\t<div class=\"elementor-column elementor-col-100 elementor-top-column elementor-element elementor-element-1232be64\" data-id=\"1232be64\" data-element_type=\"column\" data-settings=\"{&quot;background_background&quot;:&quot;classic&quot;}\">\n\t\t\t<div class=\"elementor-widget-wrap elementor-element-populated\">\n\t\t\t\t\t\t<section class=\"elementor-section elementor-inner-section elementor-element elementor-element-079ce4f elementor-hidden-mobile elementor-hidden-tablet elementor-section-boxed elementor-section-height-default elementor-section-height-default qodef-elementor-content-no\" data-id=\"079ce4f\" data-element_type=\"section\" data-settings=\"{&quot;background_background&quot;:&quot;classic&quot;}\">\n\t\t\t\t\t\t<div class=\"elementor-container elementor-column-gap-default\">\n\t\t\t\t\t<div class=\"elementor-column elementor-col-100 elementor-inner-column elementor-element elementor-element-c88d548\" data-id=\"c88d548\" data-element_type=\"column\">\n\t\t\t<div class=\"elementor-widget-wrap elementor-element-populated\">\n\t\t\t\t\t\t<div class=\"elementor-element elementor-element-09f6834 elementor-widget elementor-widget-qi_addons_for_elementor_dual_image_with_content\" data-id=\"09f6834\" data-element_type=\"widget\" data-widget_type=\"qi_addons_for_elementor_dual_image_with_content.default\">\n\t\t\t\t<div class=\"elementor-widget-container\">\n\t\t\t<div class=\"qodef-shortcode qodef-m  qodef-qi-dual-image-with-content qodef--content-left qodef-decoration--italic qodef-link--underline-draw qodef-qi--has-appear \">\n\t<div class=\"qodef-dual-content\">\n\t\t<div class=\"qodef-m-inner-content\">\n\t\t\t\t<h3 class=\"qodef-m-title\">\n\t\tExpediente\t<\/h3>\n\t\t\t\t<p class=\"qodef-m-text\">Datos<\/p>\n\t\t<\/div>\n\t\t<div class=\"qodef-m-inner-bottom\">\n\t\t\t\t\t<\/div>\n\t<\/div>\n\t<div class=\"qodef-image-holder\">\n\t\t<div class=\"qodef-m-main-image\">\n\t<\/div>\n\t\t<div class=\"qodef-m-second-image\">\n\t<img fetchpriority=\"high\" decoding=\"async\" width=\"300\" height=\"247\" src=\"https:\/\/escueladeenfermeria.amorphejewelryshop.com\/wp-content\/uploads\/2023\/10\/Escuela-Elemental-2-300x247.jpg\" class=\"attachment-medium size-medium\" alt=\"\" srcset=\"https:\/\/escueladeenfermeria.amorphejewelryshop.com\/wp-content\/uploads\/2023\/10\/Escuela-Elemental-2-300x247.jpg 300w, https:\/\/escueladeenfermeria.amorphejewelryshop.com\/wp-content\/uploads\/2023\/10\/Escuela-Elemental-2-768x633.jpg 768w, https:\/\/escueladeenfermeria.amorphejewelryshop.com\/wp-content\/uploads\/2023\/10\/Escuela-Elemental-2.jpg 899w\" sizes=\"(max-width: 300px) 100vw, 300px\" \/><\/div>\n\t<\/div>\n<\/div>\n\t\t<\/div>\n\t\t\t\t<\/div>\n\t\t\t\t\t<\/div>\n\t\t<\/div>\n\t\t\t\t\t<\/div>\n\t\t<\/section>\n\t\t<div class=\"elementor-element elementor-element-bcba9f3 elementor-hidden-desktop e-flex e-con-boxed qodef-elementor-content-no e-con e-parent\" data-id=\"bcba9f3\" data-element_type=\"container\" data-settings=\"{&quot;background_background&quot;:&quot;classic&quot;}\">\n\t\t\t\t\t<div class=\"e-con-inner\">\n\t\t<div class=\"elementor-element elementor-element-3467408 e-flex e-con-boxed qodef-elementor-content-no e-con e-child\" data-id=\"3467408\" data-element_type=\"container\">\n\t\t\t\t\t<div class=\"e-con-inner\">\n\t\t\t\t<div class=\"elementor-element elementor-element-cf72640 elementor-widget elementor-widget-heading\" data-id=\"cf72640\" data-element_type=\"widget\" data-widget_type=\"heading.default\">\n\t\t\t\t<div class=\"elementor-widget-container\">\n\t\t\t<h2 class=\"elementor-heading-title elementor-size-default\">Expediente<\/h2>\t\t<\/div>\n\t\t\t\t<\/div>\n\t\t\t\t<div class=\"elementor-element elementor-element-865a219 elementor-widget elementor-widget-text-editor\" data-id=\"865a219\" data-element_type=\"widget\" data-widget_type=\"text-editor.default\">\n\t\t\t\t<div class=\"elementor-widget-container\">\n\t\t\t\t\t\t\t<p>Datos<\/p>\t\t\t\t\t\t<\/div>\n\t\t\t\t<\/div>\n\t\t\t\t<div class=\"elementor-element elementor-element-6d57517 elementor-widget elementor-widget-image\" data-id=\"6d57517\" data-element_type=\"widget\" data-widget_type=\"image.default\">\n\t\t\t\t<div class=\"elementor-widget-container\">\n\t\t\t\t\t\t\t\t\t\t\t\t\t<img decoding=\"async\" width=\"300\" height=\"247\" src=\"https:\/\/escueladeenfermeria.amorphejewelryshop.com\/wp-content\/uploads\/2023\/10\/Escuela-Elemental-2-300x247.jpg\" class=\"attachment-medium size-medium wp-image-1205\" alt=\"\" srcset=\"https:\/\/escueladeenfermeria.amorphejewelryshop.com\/wp-content\/uploads\/2023\/10\/Escuela-Elemental-2-300x247.jpg 300w, https:\/\/escueladeenfermeria.amorphejewelryshop.com\/wp-content\/uploads\/2023\/10\/Escuela-Elemental-2-768x633.jpg 768w, https:\/\/escueladeenfermeria.amorphejewelryshop.com\/wp-content\/uploads\/2023\/10\/Escuela-Elemental-2.jpg 899w\" sizes=\"(max-width: 300px) 100vw, 300px\" \/>\t\t\t\t\t\t\t\t\t\t\t\t\t<\/div>\n\t\t\t\t<\/div>\n\t\t\t\t\t<\/div>\n\t\t\t\t<\/div>\n\t\t\t\t\t<\/div>\n\t\t\t\t<\/div>\n\t\t\t\t<div class=\"elementor-element elementor-element-d82e539 elementor-widget elementor-widget-text-editor\" data-id=\"d82e539\" data-element_type=\"widget\" data-widget_type=\"text-editor.default\">\n\t\t\t\t<div class=\"elementor-widget-container\">\n\t\t\t\t\t\t\t<h3>Perfil<\/h3>\t\t\t\t\t\t<\/div>\n\t\t\t\t<\/div>\n\t\t\t\t<section class=\"elementor-section elementor-inner-section elementor-element elementor-element-b27cb93 elementor-section-boxed elementor-section-height-default elementor-section-height-default qodef-elementor-content-no\" data-id=\"b27cb93\" data-element_type=\"section\" data-settings=\"{&quot;background_background&quot;:&quot;classic&quot;}\">\n\t\t\t\t\t\t<div class=\"elementor-container elementor-column-gap-default\">\n\t\t\t\t\t<div class=\"elementor-column elementor-col-50 elementor-inner-column elementor-element elementor-element-98170c0\" data-id=\"98170c0\" data-element_type=\"column\">\n\t\t\t<div class=\"elementor-widget-wrap elementor-element-populated\">\n\t\t\t\t\t\t<div class=\"elementor-element elementor-element-e44b2f7 elementor-widget elementor-widget-text-editor\" data-id=\"e44b2f7\" data-element_type=\"widget\" data-widget_type=\"text-editor.default\">\n\t\t\t\t<div class=\"elementor-widget-container\">\n\t\t\t\t\t\t\t<div><strong>Escenario<\/strong>: <span class=\"NormalTextRun SCXW42005140 BCX4\" data-ccp-parastyle=\"paragraph\">Escuela P\u00fablica <\/span><span class=\"NormalTextRun SpellingErrorV2Themed SCXW42005140 BCX4\" data-ccp-parastyle=\"paragraph\">A<\/span><span class=\"NormalTextRun SpellingErrorV2Themed SCXW42005140 BCX4\" data-ccp-parastyle=\"paragraph\">nani<\/span><\/div><div><strong>Fundada<\/strong>: 1970<\/div>\t\t\t\t\t\t<\/div>\n\t\t\t\t<\/div>\n\t\t\t\t\t<\/div>\n\t\t<\/div>\n\t\t\t\t<div class=\"elementor-column elementor-col-50 elementor-inner-column elementor-element elementor-element-1ce664a\" data-id=\"1ce664a\" data-element_type=\"column\">\n\t\t\t<div class=\"elementor-widget-wrap elementor-element-populated\">\n\t\t\t\t\t\t<div class=\"elementor-element elementor-element-6ef7f4b elementor-widget elementor-widget-text-editor\" data-id=\"6ef7f4b\" data-element_type=\"widget\" data-widget_type=\"text-editor.default\">\n\t\t\t\t<div class=\"elementor-widget-container\">\n\t\t\t\t\t\t\t<p><strong>Nivel<\/strong>: <span class=\"TextRun SCXW231755030 BCX4\" lang=\"ES-ES\" xml:lang=\"ES-ES\" data-contrast=\"auto\"><span class=\"NormalTextRun SCXW231755030 BCX4\" data-ccp-parastyle=\"paragraph\">Elemental<\/span><span class=\"NormalTextRun SCXW231755030 BCX4\" data-ccp-parastyle=\"paragraph\"> (Primario)<\/span><\/span><\/p><p><strong>Matr\u00edcula<\/strong>: 230 estudiantes<\/p>\t\t\t\t\t\t<\/div>\n\t\t\t\t<\/div>\n\t\t\t\t\t<\/div>\n\t\t<\/div>\n\t\t\t\t\t<\/div>\n\t\t<\/section>\n\t\t\t\t<div class=\"elementor-element elementor-element-00acc49 elementor-widget elementor-widget-qi_addons_for_elementor_separator\" data-id=\"00acc49\" data-element_type=\"widget\" data-widget_type=\"qi_addons_for_elementor_separator.default\">\n\t\t\t\t<div class=\"elementor-widget-container\">\n\t\t\t<div class=\"qodef-shortcode qodef-m  qodef-qi-separator qodef-qi-clear qodef-separator--standard \">\n\t<div class=\"qodef-m-line\"><\/div>\n<\/div>\n\t\t<\/div>\n\t\t\t\t<\/div>\n\t\t\t\t<section class=\"elementor-section elementor-inner-section elementor-element elementor-element-ebe2e2b elementor-section-boxed elementor-section-height-default elementor-section-height-default qodef-elementor-content-no\" data-id=\"ebe2e2b\" data-element_type=\"section\" data-settings=\"{&quot;background_background&quot;:&quot;classic&quot;}\">\n\t\t\t\t\t\t<div class=\"elementor-container elementor-column-gap-default\">\n\t\t\t\t\t<div class=\"elementor-column elementor-col-100 elementor-inner-column elementor-element elementor-element-88f30af\" data-id=\"88f30af\" data-element_type=\"column\">\n\t\t\t<div class=\"elementor-widget-wrap elementor-element-populated\">\n\t\t\t\t\t\t<div class=\"elementor-element elementor-element-9fc5bdb elementor-widget elementor-widget-text-editor\" data-id=\"9fc5bdb\" data-element_type=\"widget\" data-widget_type=\"text-editor.default\">\n\t\t\t\t<div class=\"elementor-widget-container\">\n\t\t\t\t\t\t\t<div><strong>Edad<\/strong>: <span class=\"NormalTextRun SCXW104371395 BCX4\" data-ccp-charstyle=\"normaltextrun\">El rango de edades del estudiantado es de<\/span><span class=\"NormalTextRun SCXW104371395 BCX4\" data-ccp-charstyle=\"normaltextrun\">sde los 5 a\u00f1os hasta los 13 a\u00f1os.\u00a0<\/span><\/div><div><strong>Etnia<\/strong>: <span class=\"NormalTextRun SCXW113695524 BCX4\" data-ccp-charstyle=\"normaltextrun\">Hispan<\/span><span class=\"NormalTextRun SCXW113695524 BCX4\" data-ccp-charstyle=\"normaltextrun\">a<\/span><span class=\"NormalTextRun SCXW113695524 BCX4\" data-ccp-charstyle=\"normaltextrun\"> o latin<\/span><span class=\"NormalTextRun SCXW113695524 BCX4\" data-ccp-charstyle=\"normaltextrun\">a; <\/span><span class=\"NormalTextRun SCXW113695524 BCX4\" data-ccp-charstyle=\"normaltextrun\">primordialment<\/span><span class=\"NormalTextRun SCXW113695524 BCX4\" data-ccp-charstyle=\"normaltextrun\">e, puertorrique\u00f1os.\u00a0<\/span><\/div><div><span class=\"TextRun SCXW20956069 BCX4\" lang=\"ES-ES\" xml:lang=\"ES-ES\" data-contrast=\"auto\"><strong><span class=\"NormalTextRun SCXW20956069 BCX4\" data-ccp-charstyle=\"normaltextrun\" data-ccp-charstyle-defn=\"{&quot;ObjectId&quot;:&quot;7dbd8520-ec4d-447e-94ce-d74affa2823b|229&quot;,&quot;ClassId&quot;:1073872969,&quot;Properties&quot;:[469775450,&quot;normaltextrun&quot;,201340122,&quot;1&quot;,134233614,&quot;true&quot;,469778129,&quot;normaltextrun&quot;,335572020,&quot;1&quot;,469778324,&quot;Default Paragraph Font&quot;]}\">Vacunas<\/span><\/strong><span class=\"NormalTextRun SCXW20956069 BCX4\" data-ccp-charstyle=\"normaltextrun\">: <\/span><\/span><span class=\"TextRun SCXW20956069 BCX4\" lang=\"ES-ES\" xml:lang=\"ES-ES\" data-contrast=\"auto\"><span class=\"NormalTextRun SCXW20956069 BCX4\" data-ccp-charstyle=\"normaltextrun\">Los expedientes de los estudiantes se encuentran actualizados.<\/span><\/span><\/div>\t\t\t\t\t\t<\/div>\n\t\t\t\t<\/div>\n\t\t\t\t\t<\/div>\n\t\t<\/div>\n\t\t\t\t\t<\/div>\n\t\t<\/section>\n\t\t\t\t<div class=\"elementor-element elementor-element-e4d8488 elementor-widget elementor-widget-qi_addons_for_elementor_separator\" data-id=\"e4d8488\" data-element_type=\"widget\" data-widget_type=\"qi_addons_for_elementor_separator.default\">\n\t\t\t\t<div class=\"elementor-widget-container\">\n\t\t\t<div class=\"qodef-shortcode qodef-m  qodef-qi-separator qodef-qi-clear qodef-separator--standard \">\n\t<div class=\"qodef-m-line\"><\/div>\n<\/div>\n\t\t<\/div>\n\t\t\t\t<\/div>\n\t\t\t\t<section class=\"elementor-section elementor-inner-section elementor-element elementor-element-6c4c535 elementor-section-boxed elementor-section-height-default elementor-section-height-default qodef-elementor-content-no\" data-id=\"6c4c535\" data-element_type=\"section\" data-settings=\"{&quot;background_background&quot;:&quot;classic&quot;}\">\n\t\t\t\t\t\t<div class=\"elementor-container elementor-column-gap-default\">\n\t\t\t\t\t<div class=\"elementor-column elementor-col-100 elementor-inner-column elementor-element elementor-element-4388a49\" data-id=\"4388a49\" data-element_type=\"column\">\n\t\t\t<div class=\"elementor-widget-wrap\">\n\t\t\t\t\t\t\t<\/div>\n\t\t<\/div>\n\t\t\t\t\t<\/div>\n\t\t<\/section>\n\t\t\t\t<section class=\"elementor-section elementor-inner-section elementor-element elementor-element-d17d6c0 elementor-section-boxed elementor-section-height-default elementor-section-height-default qodef-elementor-content-no\" data-id=\"d17d6c0\" data-element_type=\"section\" data-settings=\"{&quot;background_background&quot;:&quot;classic&quot;}\">\n\t\t\t\t\t\t<div class=\"elementor-container elementor-column-gap-default\">\n\t\t\t\t\t<div class=\"elementor-column elementor-col-100 elementor-inner-column elementor-element elementor-element-23e1052\" data-id=\"23e1052\" data-element_type=\"column\">\n\t\t\t<div class=\"elementor-widget-wrap elementor-element-populated\">\n\t\t\t\t\t\t<div class=\"elementor-element elementor-element-b9b8bd8 elementor-widget elementor-widget-text-editor\" data-id=\"b9b8bd8\" data-element_type=\"widget\" data-widget_type=\"text-editor.default\">\n\t\t\t\t<div class=\"elementor-widget-container\">\n\t\t\t\t\t\t\t<p><b><span data-contrast=\"auto\">Recursos Humanos de la Escuela:<\/span><\/b><span data-contrast=\"auto\"> 24 maestros, un trabajador<\/span> <span data-contrast=\"auto\">social<\/span><span data-contrast=\"auto\">, consejero escolar<\/span><span data-contrast=\"auto\"> y 20 no docentes. El personal no docente incluye una enfermera escolar, un<\/span> <span data-contrast=\"auto\">guardia de seguridad, un asistente administrativo, as\u00ed como asistentes de<\/span> <span data-contrast=\"auto\">mantenimiento, cafeter\u00eda (comedor escolar) y asistentes de servicios especiales para estudiantes (tambi\u00e9n<\/span><span data-ccp-props=\"{&quot;201341983&quot;:0,&quot;335559740&quot;:259}\">\u00a0<\/span><span data-contrast=\"auto\">conocidos como T1 \/ T2). Adem\u00e1s, la escuela es visitada por un psic\u00f3logo escolar una<\/span> <span data-contrast=\"auto\">vez por semana, ya que est\u00e1 asignado a varias escuelas de la regi\u00f3n.<\/span><span data-ccp-props=\"{&quot;201341983&quot;:0,&quot;335559740&quot;:259}\">\u00a0<\/span><\/p>\t\t\t\t\t\t<\/div>\n\t\t\t\t<\/div>\n\t\t\t\t\t<\/div>\n\t\t<\/div>\n\t\t\t\t\t<\/div>\n\t\t<\/section>\n\t\t\t\t<div class=\"elementor-element elementor-element-aadc5a7 elementor-widget elementor-widget-qi_addons_for_elementor_separator\" data-id=\"aadc5a7\" data-element_type=\"widget\" data-widget_type=\"qi_addons_for_elementor_separator.default\">\n\t\t\t\t<div class=\"elementor-widget-container\">\n\t\t\t<div class=\"qodef-shortcode qodef-m  qodef-qi-separator qodef-qi-clear qodef-separator--standard \">\n\t<div class=\"qodef-m-line\"><\/div>\n<\/div>\n\t\t<\/div>\n\t\t\t\t<\/div>\n\t\t\t\t<section class=\"elementor-section elementor-inner-section elementor-element elementor-element-99aea9b elementor-section-boxed elementor-section-height-default elementor-section-height-default qodef-elementor-content-no\" data-id=\"99aea9b\" data-element_type=\"section\" data-settings=\"{&quot;background_background&quot;:&quot;classic&quot;}\">\n\t\t\t\t\t\t<div class=\"elementor-container elementor-column-gap-default\">\n\t\t\t\t\t<div class=\"elementor-column elementor-col-100 elementor-inner-column elementor-element elementor-element-5585e55\" data-id=\"5585e55\" data-element_type=\"column\">\n\t\t\t<div class=\"elementor-widget-wrap elementor-element-populated\">\n\t\t\t\t\t\t<div class=\"elementor-element elementor-element-400b52f elementor-widget elementor-widget-text-editor\" data-id=\"400b52f\" data-element_type=\"widget\" data-widget_type=\"text-editor.default\">\n\t\t\t\t<div class=\"elementor-widget-container\">\n\t\t\t\t\t\t\t<p><span class=\"TextRun SCXW87445037 BCX4\" lang=\"ES-ES\" xml:lang=\"ES-ES\" data-contrast=\"auto\"><span class=\"NormalTextRun SCXW87445037 BCX4\" data-ccp-charstyle=\"normaltextrun\" data-ccp-charstyle-defn=\"{&quot;ObjectId&quot;:&quot;7dbd8520-ec4d-447e-94ce-d74affa2823b|229&quot;,&quot;ClassId&quot;:1073872969,&quot;Properties&quot;:[469775450,&quot;normaltextrun&quot;,201340122,&quot;1&quot;,134233614,&quot;true&quot;,469778129,&quot;normaltextrun&quot;,335572020,&quot;1&quot;,469778324,&quot;Default Paragraph Font&quot;]}\"><strong>Situaci\u00f3n Presente en la Comunidad Escolar<\/strong>: <\/span><\/span><span class=\"TextRun SCXW87445037 BCX4\" lang=\"ES-ES\" xml:lang=\"ES-ES\" data-contrast=\"auto\"><span class=\"NormalTextRun SCXW87445037 BCX4\" data-ccp-charstyle=\"normaltextrun\">Cambios en el comportamiento de los diversos grupos de la comunidad estudiantil, tales como pobres destrezas sociales, conducta violenta, acoso escolar, somatizaciones y ausentismo escolar.<\/span><\/span><span class=\"EOP SCXW87445037 BCX4\" data-ccp-props=\"{&quot;134233117&quot;:false,&quot;134233118&quot;:false,&quot;201341983&quot;:0,&quot;335559738&quot;:0,&quot;335559739&quot;:0,&quot;335559740&quot;:240}\">\u00a0<\/span><\/p>\t\t\t\t\t\t<\/div>\n\t\t\t\t<\/div>\n\t\t\t\t\t<\/div>\n\t\t<\/div>\n\t\t\t\t\t<\/div>\n\t\t<\/section>\n\t\t\t\t<div class=\"elementor-element elementor-element-855034b elementor-widget elementor-widget-qi_addons_for_elementor_separator\" data-id=\"855034b\" data-element_type=\"widget\" data-widget_type=\"qi_addons_for_elementor_separator.default\">\n\t\t\t\t<div class=\"elementor-widget-container\">\n\t\t\t<div class=\"qodef-shortcode qodef-m  qodef-qi-separator qodef-qi-clear qodef-separator--standard \">\n\t<div class=\"qodef-m-line\"><\/div>\n<\/div>\n\t\t<\/div>\n\t\t\t\t<\/div>\n\t\t\t\t<section class=\"elementor-section elementor-inner-section elementor-element elementor-element-3763feb elementor-section-boxed elementor-section-height-default elementor-section-height-default qodef-elementor-content-no\" data-id=\"3763feb\" data-element_type=\"section\" data-settings=\"{&quot;background_background&quot;:&quot;classic&quot;}\">\n\t\t\t\t\t\t<div class=\"elementor-container elementor-column-gap-default\">\n\t\t\t\t\t<div class=\"elementor-column elementor-col-100 elementor-inner-column elementor-element elementor-element-bd35d5a\" data-id=\"bd35d5a\" data-element_type=\"column\">\n\t\t\t<div class=\"elementor-widget-wrap elementor-element-populated\">\n\t\t\t\t\t\t<div class=\"elementor-element elementor-element-35b1c78 elementor-widget elementor-widget-text-editor\" data-id=\"35b1c78\" data-element_type=\"widget\" data-widget_type=\"text-editor.default\">\n\t\t\t\t<div class=\"elementor-widget-container\">\n\t\t\t\t\t\t\t<p><span class=\"TextRun SCXW215576409 BCX4\" lang=\"ES-ES\" xml:lang=\"ES-ES\" data-contrast=\"auto\"><strong><span class=\"NormalTextRun SCXW215576409 BCX4\" data-ccp-charstyle=\"normaltextrun\" data-ccp-charstyle-defn=\"{&quot;ObjectId&quot;:&quot;7dbd8520-ec4d-447e-94ce-d74affa2823b|229&quot;,&quot;ClassId&quot;:1073872969,&quot;Properties&quot;:[469775450,&quot;normaltextrun&quot;,201340122,&quot;1&quot;,134233614,&quot;true&quot;,469778129,&quot;normaltextrun&quot;,335572020,&quot;1&quot;,469778324,&quot;Default Paragraph Font&quot;]}\">Historial Social<\/span><\/strong><span class=\"NormalTextRun SCXW215576409 BCX4\" data-ccp-charstyle=\"normaltextrun\">:<\/span><\/span> <span class=\"TextRun SCXW215576409 BCX4\" lang=\"ES-ES\" xml:lang=\"ES-ES\" data-contrast=\"auto\"><span class=\"NormalTextRun SCXW215576409 BCX4\" data-ccp-charstyle=\"normaltextrun\">La comunidad donde se <\/span><span class=\"NormalTextRun SCXW215576409 BCX4\" data-ccp-charstyle=\"normaltextrun\">localiza<\/span><span class=\"NormalTextRun SCXW215576409 BCX4\" data-ccp-charstyle=\"normaltextrun\"> la escuela ha sufrido un aumento de delitos, como escala<\/span><span class=\"NormalTextRun SCXW215576409 BCX4\" data-ccp-charstyle=\"normaltextrun\">mientos, <\/span><span class=\"NormalTextRun SCXW215576409 BCX4\" data-ccp-charstyle=\"normaltextrun\">actos de violencia, uso de armas de fuego ilegales, entre otros. Asimismo, la comunidad escolar se ha visto impactada en el \u00faltimo a\u00f1o por un cambio en la metodolog\u00eda de ense\u00f1anza provocado por una pandemia que llev\u00f3 a la interrupci\u00f3n de las clases presenciales<\/span> <span class=\"NormalTextRun SCXW215576409 BCX4\" data-ccp-charstyle=\"normaltextrun\">y al ofrecimiento de educaci\u00f3n a distancia.\u00a0<\/span><\/span><span class=\"EOP SCXW215576409 BCX4\" data-ccp-props=\"{&quot;134233117&quot;:false,&quot;134233118&quot;:false,&quot;201341983&quot;:0,&quot;335559738&quot;:0,&quot;335559739&quot;:0,&quot;335559740&quot;:240}\">\u00a0<\/span><\/p>\t\t\t\t\t\t<\/div>\n\t\t\t\t<\/div>\n\t\t\t\t<div class=\"elementor-element elementor-element-5520629 elementor-widget elementor-widget-spacer\" data-id=\"5520629\" data-element_type=\"widget\" data-widget_type=\"spacer.default\">\n\t\t\t\t<div class=\"elementor-widget-container\">\n\t\t\t\t\t<div class=\"elementor-spacer\">\n\t\t\t<div class=\"elementor-spacer-inner\"><\/div>\n\t\t<\/div>\n\t\t\t\t<\/div>\n\t\t\t\t<\/div>\n\t\t\t\t\t<\/div>\n\t\t<\/div>\n\t\t\t\t\t<\/div>\n\t\t<\/section>\n\t\t\t\t<section class=\"elementor-section elementor-inner-section elementor-element elementor-element-0c3f3c3 elementor-section-boxed elementor-section-height-default elementor-section-height-default qodef-elementor-content-no\" data-id=\"0c3f3c3\" data-element_type=\"section\" data-settings=\"{&quot;background_background&quot;:&quot;classic&quot;}\">\n\t\t\t\t\t\t<div class=\"elementor-container elementor-column-gap-default\">\n\t\t\t\t\t<div class=\"elementor-column elementor-col-50 elementor-inner-column elementor-element elementor-element-1a02959\" data-id=\"1a02959\" data-element_type=\"column\">\n\t\t\t<div class=\"elementor-widget-wrap\">\n\t\t\t\t\t\t\t<\/div>\n\t\t<\/div>\n\t\t\t\t<div class=\"elementor-column elementor-col-50 elementor-inner-column elementor-element elementor-element-a84077f\" data-id=\"a84077f\" data-element_type=\"column\">\n\t\t\t<div class=\"elementor-widget-wrap elementor-element-populated\">\n\t\t\t\t\t\t<div class=\"elementor-element elementor-element-47e84cd elementor-align-center elementor-widget elementor-widget-button\" data-id=\"47e84cd\" data-element_type=\"widget\" data-widget_type=\"button.default\">\n\t\t\t\t<div class=\"elementor-widget-container\">\n\t\t\t\t\t<div class=\"elementor-button-wrapper\">\n\t\t\t<a class=\"elementor-button elementor-button-link elementor-size-md\" href=\"https:\/\/escueladeenfermeria.amorphejewelryshop.com\/index.php\/materiales-preparatorios-caso-1\/\">\n\t\t\t\t\t\t<span class=\"elementor-button-content-wrapper\">\n\t\t\t\t\t\t\t\t\t<span class=\"elementor-button-text\">Materiales Preparatorios<\/span>\n\t\t\t\t\t<\/span>\n\t\t\t\t\t<\/a>\n\t\t<\/div>\n\t\t\t\t<\/div>\n\t\t\t\t<\/div>\n\t\t\t\t\t<\/div>\n\t\t<\/div>\n\t\t\t\t\t<\/div>\n\t\t<\/section>\n\t\t\t\t\t<\/div>\n\t\t<\/div>\n\t\t\t\t\t<\/div>\n\t\t<\/section>\n\t\t<div class=\"elementor-element elementor-element-298f08b e-flex e-con-boxed qodef-elementor-content-no e-con e-parent\" data-id=\"298f08b\" data-element_type=\"container\">\n\t\t\t\t\t<div class=\"e-con-inner\">\n\t\t\t\t\t<\/div>\n\t\t\t\t<\/div>\n\t\t\t\t<\/div>\n\t\t","protected":false},"excerpt":{"rendered":"<p>Expediente Datos Expediente Datos Perfil Escenario: Escuela P\u00fablica AnaniFundada: 1970 Nivel: Elemental (Primario) Matr\u00edcula: 230 estudiantes Edad: El rango de edades del estudiantado es desde los 5 a\u00f1os hasta los 13 a\u00f1os.\u00a0Etnia: Hispana o latina; primordialmente, puertorrique\u00f1os.\u00a0Vacunas: Los expedientes de los estudiantes se encuentran actualizados. Recursos Humanos de la Escuela: 24 maestros, un trabajador social, [&hellip;]<\/p>\n","protected":false},"author":1,"featured_media":0,"parent":0,"menu_order":0,"comment_status":"closed","ping_status":"closed","template":"","meta":{"content-type":"","footnotes":""},"class_list":["post-1184","page","type-page","status-publish","hentry"],"_links":{"self":[{"href":"https:\/\/escueladeenfermeria.amorphejewelryshop.com\/index.php\/wp-json\/wp\/v2\/pages\/1184"}],"collection":[{"href":"https:\/\/escueladeenfermeria.amorphejewelryshop.com\/index.php\/wp-json\/wp\/v2\/pages"}],"about":[{"href":"https:\/\/escueladeenfermeria.amorphejewelryshop.com\/index.php\/wp-json\/wp\/v2\/types\/page"}],"author":[{"embeddable":true,"href":"https:\/\/escueladeenfermeria.amorphejewelryshop.com\/index.php\/wp-json\/wp\/v2\/users\/1"}],"replies":[{"embeddable":true,"href":"https:\/\/escueladeenfermeria.amorphejewelryshop.com\/index.php\/wp-json\/wp\/v2\/comments?post=1184"}],"version-history":[{"count":136,"href":"https:\/\/escueladeenfermeria.amorphejewelryshop.com\/index.php\/wp-json\/wp\/v2\/pages\/1184\/revisions"}],"predecessor-version":[{"id":3991,"href":"https:\/\/escueladeenfermeria.amorphejewelryshop.com\/index.php\/wp-json\/wp\/v2\/pages\/1184\/revisions\/3991"}],"wp:attachment":[{"href":"https:\/\/escueladeenfermeria.amorphejewelryshop.com\/index.php\/wp-json\/wp\/v2\/media?parent=1184"}],"curies":[{"name":"wp","href":"https:\/\/api.w.org\/{rel}","templated":true}]}}